{"id":220988,"date":"2017-02-13T16:45:41","date_gmt":"2017-02-13T16:45:41","guid":{"rendered":"https:\/\/staging.zzap.com\/how-do-zzap-money-counting-scales-work\/"},"modified":"2024-05-16T14:34:54","modified_gmt":"2024-05-16T13:34:54","slug":"come-funzionano-le-bilance-conta-soldi-zzap","status":"publish","type":"page","link":"https:\/\/www.zzap.com\/it\/come-funzionano-le-bilance-conta-soldi-zzap\/","title":{"rendered":"Come funzionano le bilance conta soldi ZZap?"},"content":{"rendered":"<div class=\"wpb-content-wrapper\"><p>[vc_row][vc_column]<div id=\"ultimate-heading-177169f8cdc761048\" class=\"uvc-heading ult-adjust-bottom-margin ultimate-heading-177169f8cdc761048 uvc-1181 \" data-hspacer=\"no_spacer\"  data-halign=\"left\" style=\"text-align:left\"><div class=\"uvc-heading-spacer no_spacer\" style=\"top\"><\/div><div class=\"uvc-main-heading ult-responsive\"  data-ultimate-target='.uvc-heading.ultimate-heading-177169f8cdc761048 h1'  data-responsive-json-new='{\"font-size\":\"desktop:55px;\",\"line-height\":\"\"}' ><h1 style=\"font-family:&#039;Titillium Web&#039;;font-weight:200;color:#1c75b9;margin-top:47px;margin-bottom:22px;\">Come funzionano le bilance conta soldi ZZap?<\/h1><\/div><\/div>[vc_column_text css=&#8221;&#8221;]<\/p>\n<p style=\"text-align: left;\">Le bilance conta soldi ZZap sono la soluzione migliore per risparmiare tempo. Hanno la capacit\u00e0 unica di contare monete, banconote, rotoli \/ sacchetti di monete, pacchetti di banconote e oggetti non in contanti. Prima di esaminare come funzionano, diamo un&#8217;occhiata ai diversi tipi di bilance conta soldi.<\/p>\n<p>[\/vc_column_text][\/vc_column][\/vc_row][vc_row full_width=&#8221;stretch_row&#8221; content_placement=&#8221;middle&#8221; css_animation=&#8221;fadeIn&#8221; css=&#8221;.vc_custom_1487009166758{background-color: #fafafa !important;}&#8221;][vc_column offset=&#8221;vc_col-lg-5 vc_col-md-5 vc_col-xs-12&#8243;]<div id=\"ultimate-heading-189669f8cdc76109b\" class=\"uvc-heading ult-adjust-bottom-margin ultimate-heading-189669f8cdc76109b uvc-9941 \" data-hspacer=\"no_spacer\"  data-halign=\"left\" style=\"text-align:left\"><div class=\"uvc-heading-spacer no_spacer\" style=\"top\"><\/div><div class=\"uvc-main-heading ult-responsive\"  data-ultimate-target='.uvc-heading.ultimate-heading-189669f8cdc76109b h2'  data-responsive-json-new='{\"font-size\":\"desktop:42px;\",\"line-height\":\"desktop:48px;\"}' ><h2 style=\"font-family:&#039;Titillium Web&#039;;font-weight:200;color:#1c75b9;\">Tipi di bilancia conta soldi<\/h2><\/div><\/div><div id=\"ultimate-heading-814869f8cdc7610d7\" class=\"uvc-heading ult-adjust-bottom-margin ultimate-heading-814869f8cdc7610d7 uvc-1056 \" data-hspacer=\"no_spacer\"  data-halign=\"left\" style=\"text-align:left\"><div class=\"uvc-heading-spacer no_spacer\" style=\"top\"><\/div><div class=\"uvc-main-heading ult-responsive\"  data-ultimate-target='.uvc-heading.ultimate-heading-814869f8cdc7610d7 h2'  data-responsive-json-new='{\"font-size\":\"desktop:34px;\",\"line-height\":\"desktop:36px;\"}' ><h2 style=\"font-family:&#039;Titillium Web&#039;;font-weight:200;color:#6f6f6e;margin-top:30px;margin-bottom:30px;\">Bilance per il conteggio delle monete<\/h2><\/div><\/div>[vc_column_text css=&#8221;&#8221;]Le bilance per il conteggio delle monete come ZZap MS10 contano solo monete e sacchetti \/ rotoli di monete. Generalmente hanno una capacit\u00e0 di carico superiore rispetto alle bilance conta soldi, quindi \u00e8 possibile contare pi\u00f9 monete contemporaneamente. Le bilance contamonete sono solitamente semplicistiche e non hanno tante funzioni come le bilance conta soldi.[\/vc_column_text][\/vc_column][vc_column offset=&#8221;vc_col-lg-7 vc_col-md-7 vc_col-xs-12&#8243;][vc_single_image image=&#8221;201238&#8243; img_size=&#8221;full&#8221; alignment=&#8221;center&#8221; css=&#8221;&#8221;][\/vc_column][\/vc_row][vc_row content_placement=&#8221;top&#8221; css_animation=&#8221;fadeIn&#8221;][vc_column el_class=&#8221;push-lg-7&#8243; offset=&#8221;vc_col-lg-5 vc_col-md-5 vc_col-xs-12&#8243;]<div id=\"ultimate-heading-258969f8cdc76110e\" class=\"uvc-heading ult-adjust-bottom-margin ultimate-heading-258969f8cdc76110e uvc-6993 \" data-hspacer=\"no_spacer\"  data-halign=\"left\" style=\"text-align:left\"><div class=\"uvc-heading-spacer no_spacer\" style=\"top\"><\/div><div class=\"uvc-main-heading ult-responsive\"  data-ultimate-target='.uvc-heading.ultimate-heading-258969f8cdc76110e h2'  data-responsive-json-new='{\"font-size\":\"desktop:34px;\",\"line-height\":\"desktop:36px;\"}' ><h2 style=\"font-family:&#039;Titillium Web&#039;;font-weight:200;color:#6f6f6e;margin-top:30px;margin-bottom:30px;\">Bilance conta soldi<\/h2><\/div><\/div>[vc_column_text css=&#8221;&#8221;]Le bilance per il conteggio dei soldi come ZZap MS40 contano monete, banconote, sacchetti \/ rotoli di monete e pacchetti di banconote. Includono anche funzionalit\u00e0 avanzate come numeri di riferimento, indicatori di data \/ ora e una memoria interna per i report di conteggio salvati. Sono progettate per essere una soluzione completa che automatizza l&#8217;intero processo di gestione del contante.[\/vc_column_text][\/vc_column][vc_column el_class=&#8221;pull-lg-5&#8243; offset=&#8221;vc_col-lg-7 vc_col-md-7 vc_col-xs-12&#8243;][vc_single_image image=&#8221;158074&#8243; img_size=&#8221;full&#8221; alignment=&#8221;center&#8221; css=&#8221;&#8221;][\/vc_column][\/vc_row][vc_row full_width=&#8221;stretch_row&#8221; content_placement=&#8221;middle&#8221; css_animation=&#8221;fadeIn&#8221; css=&#8221;.vc_custom_1489600773749{background-color: #fafafa !important;}&#8221; bbvcedo_x_large_css=&#8221;.vc_custom_1489600773750{padding-top: 30px !important;padding-bottom: 30px !important;}&#8221; bbvcedo_small_css=&#8221;.vc_custom_1489600773753{padding-top: 0px !important;padding-bottom: 0px !important;}&#8221;][vc_column offset=&#8221;vc_col-lg-5 vc_col-md-5 vc_col-xs-12&#8243;]<div id=\"ultimate-heading-58169f8cdc761143\" class=\"uvc-heading ult-adjust-bottom-margin ultimate-heading-58169f8cdc761143 uvc-2998 \" data-hspacer=\"no_spacer\"  data-halign=\"left\" style=\"text-align:left\"><div class=\"uvc-heading-spacer no_spacer\" style=\"top\"><\/div><div class=\"uvc-main-heading ult-responsive\"  data-ultimate-target='.uvc-heading.ultimate-heading-58169f8cdc761143 h2'  data-responsive-json-new='{\"font-size\":\"desktop:42px;\",\"line-height\":\"desktop:48px;\"}' ><h2 style=\"font-family:&#039;Titillium Web&#039;;font-weight:200;color:#1c75b9;margin-bottom:30px;\">Come funziona il conteggio basato sul peso<\/h2><\/div><\/div>[vc_column_text css=&#8221;&#8221;]Il conteggio a peso si basa su celle di carico finemente calibrate che generano un segnale elettrico direttamente proporzionale al peso misurato. La bilancia ha gi\u00e0 i pesi di ogni valuta e ogni taglio installati nella memoria. Utilizza il segnale elettrico e i dati nella memoria per contare con precisione la quantit\u00e0 e il valore totali.[\/vc_column_text][\/vc_column][vc_column offset=&#8221;vc_col-lg-offset-1 vc_col-lg-6 vc_col-md-offset-1 vc_col-md-6 vc_col-xs-12&#8243;][vc_single_image image=&#8221;230439&#8243; img_size=&#8221;full&#8221; alignment=&#8221;center&#8221; css=&#8221;&#8221;][\/vc_column][\/vc_row][vc_row content_placement=&#8221;middle&#8221; css_animation=&#8221;fadeIn&#8221; bbvcedo_x_large_css=&#8221;.vc_custom_1487010753082{padding-top: 50px !important;padding-bottom: 50px !important;}&#8221;][vc_column el_class=&#8221;push-lg-7&#8243; offset=&#8221;vc_col-lg-5 vc_col-md-5 vc_col-xs-12&#8243;]<div id=\"ultimate-heading-688169f8cdc76117d\" class=\"uvc-heading ult-adjust-bottom-margin ultimate-heading-688169f8cdc76117d uvc-1103 \" data-hspacer=\"no_spacer\"  data-halign=\"left\" style=\"text-align:left\"><div class=\"uvc-heading-spacer no_spacer\" style=\"top\"><\/div><div class=\"uvc-main-heading ult-responsive\"  data-ultimate-target='.uvc-heading.ultimate-heading-688169f8cdc76117d h2'  data-responsive-json-new='{\"font-size\":\"desktop:42px;\",\"line-height\":\"desktop:48px;\"}' ><h2 style=\"font-family:&#039;Titillium Web&#039;;font-weight:200;color:#1c75b9;margin-bottom:30px;\">I vantaggi e gli svantaggi del conteggio basato sul peso<\/h2><\/div><\/div>[vc_column_text css=&#8221;&#8221;]Il vantaggio principale per il conteggio in base al peso \u00e8 che sia le monete che le banconote possono essere contate, cos\u00ec come i sacchetti \/ rotoli di monete e i pacchetti di banconote. Una volta calibrate, le bilance conta soldi possono persino contare oggetti non in contanti come gettoni o buoni. Da questo punto di vista, i contabanconote e i contamonete sono limitati.<\/p>\n<p>Dall\u2019altra parte per\u00f2 le bilance conta soldi pongono limiti per quanto riguarda il conteggio delle monete e delle banconote ordinate. Inoltre, i contabanconote e i contamonete svolgono funzioni come il conteggio dei lotti e il rilevamento delle contraffazioni. In definitiva, il miglior dispositivo di conteggio dipende dalle esigenze dell&#8217;utente.[\/vc_column_text]<div data-enable_animator='' class='wpb_animate_when_almost_visible gambit-css-animation slide-elastic-to-right ' style='-webkit-animation-duration: 2s;-moz-animation-duration: 2s;-ms-animation-duration: 2s;-o-animation-duration: 2s;animation-duration: 2s;opacity: 0;-webkit-animation-delay: 0.1s;-moz-animation-delay: 0.1s;-ms-animation-delay: 0.1s;-o-animation-delay: 0.1s;animation-delay: 0.1s'><div id=\"ultimate-heading-960769f8cdc761241\" class=\"uvc-heading ult-adjust-bottom-margin ultimate-heading-960769f8cdc761241 uvc-1780 \" data-hspacer=\"no_spacer\"  data-halign=\"left\" style=\"text-align:left\"><div class=\"uvc-heading-spacer no_spacer\" style=\"top\"><\/div><div class=\"uvc-main-heading ult-responsive\"  data-ultimate-target='.uvc-heading.ultimate-heading-960769f8cdc761241 h2'  data-responsive-json-new='{\"font-size\":\"desktop:18px;\",\"line-height\":\"desktop:22px;\"}' ><h2 style=\"font-family:&#039;Titillium Web&#039;;font-weight:300;color:#6f6f6e;\">Perfetto per<\/h2><\/div><div class=\"uvc-sub-heading ult-responsive\"  data-ultimate-target='.uvc-heading.ultimate-heading-960769f8cdc761241 .uvc-sub-heading '  data-responsive-json-new='{\"font-size\":\"desktop:36px;\",\"line-height\":\"\"}'  style=\"font-family:&#039;Titillium Web&#039;;font-weight:200;color:#1c75b9;\">Contare i fondi cassa<\/div><\/div><\/div>[\/vc_column][vc_column el_class=&#8221;pull-lg-5&#8243; offset=&#8221;vc_col-lg-7 vc_col-md-7 vc_col-xs-12&#8243;][vc_single_image image=&#8221;158199&#8243; img_size=&#8221;full&#8221; alignment=&#8221;center&#8221; css=&#8221;&#8221;][\/vc_column][\/vc_row][vc_row full_width=&#8221;stretch_row&#8221; content_placement=&#8221;middle&#8221; css_animation=&#8221;fadeIn&#8221; css=&#8221;.vc_custom_1488373607733{background-color: #fafafa !important;}&#8221; bbvcedo_x_large_css=&#8221;.vc_custom_1488373607734{padding-top: 0px !important;padding-bottom: 0px !important;}&#8221; bbvcedo_small_css=&#8221;.vc_custom_1488373607737{padding-top: 0px !important;padding-bottom: 0px !important;}&#8221;][vc_column offset=&#8221;vc_col-lg-5 vc_col-md-5 vc_col-xs-12&#8243;]<div id=\"ultimate-heading-952069f8cdc761282\" class=\"uvc-heading ult-adjust-bottom-margin ultimate-heading-952069f8cdc761282 uvc-4268 \" data-hspacer=\"no_spacer\"  data-halign=\"left\" style=\"text-align:left\"><div class=\"uvc-heading-spacer no_spacer\" style=\"top\"><\/div><div class=\"uvc-main-heading ult-responsive\"  data-ultimate-target='.uvc-heading.ultimate-heading-952069f8cdc761282 h2'  data-responsive-json-new='{\"font-size\":\"desktop:42px;\",\"line-height\":\"desktop:48px;\"}' ><h2 style=\"font-family:&#039;Titillium Web&#039;;font-weight:200;color:#1c75b9;margin-bottom:30px;\">L'affidabilit\u00e0 del conteggio basato sul peso<\/h2><\/div><\/div>[vc_column_text css=&#8221;&#8221;]Contare i soldi in base al peso \u00e8 un modo collaudato per contare in modo affidabile i contanti. Inoltre, i tagli di monete e banconote hanno spesso lievi variazioni di peso poich\u00e9 raccolgono sporco e olio. Le bilance conta soldi di precisione come la ZZap MS40 sono programmate per tenere conto di queste variazioni utilizzando tolleranze di peso. Di conseguenza, le bilance conta soldi possono contare monete e banconote in modo rapido, accurato e affidabile.[\/vc_column_text]<div data-enable_animator='' class='wpb_animate_when_almost_visible gambit-css-animation slide-elastic-to-right ' style='-webkit-animation-duration: 2s;-moz-animation-duration: 2s;-ms-animation-duration: 2s;-o-animation-duration: 2s;animation-duration: 2s;opacity: 0;-webkit-animation-delay: 0.1s;-moz-animation-delay: 0.1s;-ms-animation-delay: 0.1s;-o-animation-delay: 0.1s;animation-delay: 0.1s'><div id=\"ultimate-heading-994769f8cdc761323\" class=\"uvc-heading ult-adjust-bottom-margin ultimate-heading-994769f8cdc761323 uvc-5358 \" data-hspacer=\"no_spacer\"  data-halign=\"left\" style=\"text-align:left\"><div class=\"uvc-heading-spacer no_spacer\" style=\"top\"><\/div><div class=\"uvc-main-heading ult-responsive\"  data-ultimate-target='.uvc-heading.ultimate-heading-994769f8cdc761323 h2'  data-responsive-json-new='{\"font-size\":\"desktop:18px;\",\"line-height\":\"desktop:22px;\"}' ><h2 style=\"font-family:&#039;Titillium Web&#039;;font-weight:300;color:#6f6f6e;\">Conteggia i contanti in<\/h2><\/div><div class=\"uvc-sub-heading ult-responsive\"  data-ultimate-target='.uvc-heading.ultimate-heading-994769f8cdc761323 .uvc-sub-heading '  data-responsive-json-new='{\"font-size\":\"desktop:36px;\",\"line-height\":\"\"}'  style=\"font-family:&#039;Titillium Web&#039;;font-weight:200;color:#1c75b9;margin-bottom:30px;\">meno di un secondo<\/div><\/div><div id=\"ultimate-heading-158869f8cdc76135e\" class=\"uvc-heading ult-adjust-bottom-margin ultimate-heading-158869f8cdc76135e uvc-3687 \" data-hspacer=\"no_spacer\"  data-halign=\"left\" style=\"text-align:left\"><div class=\"uvc-heading-spacer no_spacer\" style=\"top\"><\/div><div class=\"uvc-main-heading ult-responsive\"  data-ultimate-target='.uvc-heading.ultimate-heading-158869f8cdc76135e h2'  data-responsive-json-new='{\"font-size\":\"desktop:18px;\",\"line-height\":\"desktop:22px;\"}' ><h2 style=\"font-family:&#039;Titillium Web&#039;;font-weight:300;color:#6f6f6e;\">Conteggia<\/h2><\/div><div class=\"uvc-sub-heading ult-responsive\"  data-ultimate-target='.uvc-heading.ultimate-heading-158869f8cdc76135e .uvc-sub-heading '  data-responsive-json-new='{\"font-size\":\"desktop:36px;\",\"line-height\":\"\"}'  style=\"font-family:&#039;Titillium Web&#039;;font-weight:200;color:#1c75b9;\">4 valute<\/div><\/div><\/div>[\/vc_column][vc_column offset=&#8221;vc_col-lg-offset-1 vc_col-lg-5 vc_col-md-offset-1 vc_col-md-5 vc_col-xs-12&#8243;][vc_single_image image=&#8221;194830&#8243; img_size=&#8221;full&#8221; alignment=&#8221;center&#8221; css=&#8221;&#8221;][\/vc_column][\/vc_row][vc_row content_placement=&#8221;middle&#8221; css_animation=&#8221;fadeIn&#8221;][vc_column el_class=&#8221;push-lg-7&#8243; offset=&#8221;vc_col-lg-5 vc_col-md-5 vc_col-xs-12&#8243;]<div id=\"ultimate-heading-137569f8cdc761399\" class=\"uvc-heading ult-adjust-bottom-margin ultimate-heading-137569f8cdc761399 uvc-8040 \" data-hspacer=\"no_spacer\"  data-halign=\"left\" style=\"text-align:left\"><div class=\"uvc-heading-spacer no_spacer\" style=\"top\"><\/div><div class=\"uvc-main-heading ult-responsive\"  data-ultimate-target='.uvc-heading.ultimate-heading-137569f8cdc761399 h2'  data-responsive-json-new='{\"font-size\":\"desktop:42px;\",\"line-height\":\"desktop:48px;\"}' ><h2 style=\"font-family:&#039;Titillium Web&#039;;font-weight:200;color:#1c75b9;margin-bottom:30px;\">Conteggio di oggetti non in contanti<\/h2><\/div><\/div>[vc_column_text css=&#8221;&#8221;]Alcuni conta soldi basati sul peso possono essere calibrati per contare articoli non in contanti che hanno lo stesso peso, come gettoni, buoni, fiches del casin\u00f2, biglietti, ecc. In genere, la procedura di calibrazione richiede il posizionamento di un numero di elementi sulla bilancia e l\u2019impostazione del numero di elementi presenti. In questo modo, la bilancia pu\u00f2 calcolare il peso medio di un elemento, procedendo al calcolo degli elementi posizionati sulla bilancia.[\/vc_column_text][\/vc_column][vc_column el_class=&#8221;pull-lg-5&#8243; offset=&#8221;vc_col-lg-7 vc_col-md-7 vc_col-xs-12&#8243;][vc_single_image image=&#8221;158224&#8243; img_size=&#8221;full&#8221; alignment=&#8221;center&#8221; css=&#8221;&#8221;][\/vc_column][\/vc_row][vc_row][vc_column][vc_single_image image=&#8221;231444&#8243; img_size=&#8221;full&#8221; alignment=&#8221;center&#8221; onclick=&#8221;custom_link&#8221; css=&#8221;&#8221; link=&#8221;https:\/\/www.zzap.com\/it\/shop\/category\/bilancia-conta-soldi\/&#8221;][\/vc_column][\/vc_row]<\/p>\n<\/div>","protected":false},"excerpt":{"rendered":"<p>[vc_row][vc_column][vc_column_text css=&#8221;&#8221;] Le bilance conta soldi ZZap sono la soluzione migliore per risparmiare tempo. Hanno la capacit\u00e0 unica di contare monete, banconote, rotoli \/ sacchetti di monete, pacchetti di banconote e oggetti non in contanti. Prima di esaminare come funzionano, diamo un&#8217;occhiata ai diversi tipi di bilance conta soldi. [\/vc_column_text][\/vc_column][\/vc_row][vc_row full_width=&#8221;stretch_row&#8221; content_placement=&#8221;middle&#8221; css_animation=&#8221;fadeIn&#8221; css=&#8221;.vc_custom_1487009166758{background-color: #fafafa &hellip; <a href=\"https:\/\/www.zzap.com\/it\/come-funzionano-le-bilance-conta-soldi-zzap\/\"><button type=\"button\" class=\"btn btn-info btn-md\">Per saperne di pi\u00f9<\/button><\/a><\/p>\n","protected":false},"author":2,"featured_media":0,"parent":0,"menu_order":130,"comment_status":"closed","ping_status":"closed","template":"","meta":{"_acf_changed":false,"footnotes":""},"acf":[],"_links":{"self":[{"href":"https:\/\/www.zzap.com\/it\/wp-json\/wp\/v2\/pages\/220988"}],"collection":[{"href":"https:\/\/www.zzap.com\/it\/wp-json\/wp\/v2\/pages"}],"about":[{"href":"https:\/\/www.zzap.com\/it\/wp-json\/wp\/v2\/types\/page"}],"author":[{"embeddable":true,"href":"https:\/\/www.zzap.com\/it\/wp-json\/wp\/v2\/users\/2"}],"replies":[{"embeddable":true,"href":"https:\/\/www.zzap.com\/it\/wp-json\/wp\/v2\/comments?post=220988"}],"version-history":[{"count":6,"href":"https:\/\/www.zzap.com\/it\/wp-json\/wp\/v2\/pages\/220988\/revisions"}],"predecessor-version":[{"id":231562,"href":"https:\/\/www.zzap.com\/it\/wp-json\/wp\/v2\/pages\/220988\/revisions\/231562"}],"wp:attachment":[{"href":"https:\/\/www.zzap.com\/it\/wp-json\/wp\/v2\/media?parent=220988"}],"curies":[{"name":"wp","href":"https:\/\/api.w.org\/{rel}","templated":true}]}}