{"id":220982,"date":"2017-02-13T10:03:38","date_gmt":"2017-02-13T10:03:38","guid":{"rendered":"https:\/\/staging.zzap.com\/how-zzap-coin-counters-work\/"},"modified":"2024-05-16T14:35:55","modified_gmt":"2024-05-16T13:35:55","slug":"come-funzionano-i-contamonete-zzap","status":"publish","type":"page","link":"https:\/\/www.zzap.com\/it\/come-funzionano-i-contamonete-zzap\/","title":{"rendered":"Come funzionano i contamonete ZZap?"},"content":{"rendered":"<div class=\"wpb-content-wrapper\"><p>[vc_row][vc_column css=&#8221;.vc_custom_1487003079374{padding-bottom: 30px !important;}&#8221;]<div id=\"ultimate-heading-965369f36748f3107\" class=\"uvc-heading ult-adjust-bottom-margin ultimate-heading-965369f36748f3107 uvc-9646 \" data-hspacer=\"no_spacer\"  data-halign=\"left\" style=\"text-align:left\"><div class=\"uvc-heading-spacer no_spacer\" style=\"top\"><\/div><div class=\"uvc-main-heading ult-responsive\"  data-ultimate-target='.uvc-heading.ultimate-heading-965369f36748f3107 h1'  data-responsive-json-new='{\"font-size\":\"desktop:55px;\",\"line-height\":\"\"}' ><h1 style=\"font-family:&#039;Titillium Web&#039;;font-weight:200;color:#1c75b9;margin-top:47px;margin-bottom:22px;\">Come funzionano i contamonete ZZap?<\/h1><\/div><\/div>[vc_column_text css=&#8221;&#8221;]I contamonete ZZap sono progettati per semplificare il processo di gestione del contante, risparmiare tempo ed eliminare gli errori umani. Prima di vedere come funzionano, \u00e8 importante capire i diversi tipi di contamonete.[\/vc_column_text][\/vc_column][\/vc_row][vc_row full_width=&#8221;stretch_row&#8221; css_animation=&#8221;none&#8221; css=&#8221;.vc_custom_1489682363549{background-color: #fafafa !important;}&#8221;][vc_column offset=&#8221;vc_col-lg-5 vc_col-md-5 vc_col-xs-12&#8243;]<div id=\"ultimate-heading-203469f36748f315d\" class=\"uvc-heading ult-adjust-bottom-margin ultimate-heading-203469f36748f315d uvc-5930 \" data-hspacer=\"no_spacer\"  data-halign=\"left\" style=\"text-align:left\"><div class=\"uvc-heading-spacer no_spacer\" style=\"top\"><\/div><div class=\"uvc-main-heading ult-responsive\"  data-ultimate-target='.uvc-heading.ultimate-heading-203469f36748f315d h2'  data-responsive-json-new='{\"font-size\":\"desktop:42px;\",\"line-height\":\"\"}' ><h2 style=\"font-family:&#039;Titillium Web&#039;;font-weight:200;color:#1c75b9;\">Tipi di contamonete<\/h2><\/div><\/div><div id=\"ultimate-heading-202069f36748f319b\" class=\"uvc-heading ult-adjust-bottom-margin ultimate-heading-202069f36748f319b uvc-1660 \" data-hspacer=\"no_spacer\"  data-halign=\"left\" style=\"text-align:left\"><div class=\"uvc-heading-spacer no_spacer\" style=\"top\"><\/div><div class=\"uvc-main-heading ult-responsive\"  data-ultimate-target='.uvc-heading.ultimate-heading-202069f36748f319b h3'  data-responsive-json-new='{\"font-size\":\"desktop:34px;\",\"line-height\":\"\"}' ><h3 style=\"font-family:&#039;Titillium Web&#039;;font-weight:200;color:#6f6f6e;margin-bottom:30px;\">Dividi monete<\/h3><\/div><\/div>[vc_column_text css=&#8221;&#8221;]I dividi monete, come ZZap CS10, suddividono le monete in tubi separati. Una volta smistate le monete, il conteggio deve essere effettuato manualmente. Per semplificare la vita, ZZap CS10 \u00e8 dotato di marcature su ogni tubo per indicare la quantit\u00e0 contata.[\/vc_column_text][vc_row_inner][vc_column_inner offset=&#8221;vc_col-lg-10 vc_col-md-10 vc_col-xs-12&#8243;]<div data-enable_animator='' class='wpb_animate_when_almost_visible gambit-css-animation slide-elastic-to-bottom ' style='-webkit-animation-duration: 2.5s;-moz-animation-duration: 2.5s;-ms-animation-duration: 2.5s;-o-animation-duration: 2.5s;animation-duration: 2.5s;opacity: 0;-webkit-animation-delay: 0.1s;-moz-animation-delay: 0.1s;-ms-animation-delay: 0.1s;-o-animation-delay: 0.1s;animation-delay: 0.1s'><div class=\"ult-content-box-container slideInLeft\" >\t\t<div class=\"ult-content-box\" style=\"background-color:#ffffff;box-shadow: 0px 0px 50px 0px rgba(0,0,0,0.05) ;border-style:solid;border-radius:11px;border-color:#ffffff;padding-top:57px;padding-right:30px;padding-bottom:57px;padding-left:30px;margin-bottom:40px;-webkit-transition: all 700ms ease;-moz-transition: all 700ms ease;-ms-transition: all 700ms ease;-o-transition: all 700ms ease;transition: all 700ms ease;\"  data-hover_box_shadow=\" 0px 0px 50px 0px rgba(0,0,0,0.05) \"    data-normal_margins=\"margin-bottom:40px;\"   data-bg=\"#ffffff\"  data-border_color=\"#ffffff\" ><div id=\"ultimate-heading-333169f36748f3377\" class=\"uvc-heading ult-adjust-bottom-margin ultimate-heading-333169f36748f3377 uvc-8440 \" data-hspacer=\"no_spacer\"  data-halign=\"center\" style=\"text-align:center\"><div class=\"uvc-heading-spacer no_spacer\" style=\"top\"><\/div><div class=\"uvc-main-heading ult-responsive\"  data-ultimate-target='.uvc-heading.ultimate-heading-333169f36748f3377 h3'  data-responsive-json-new='{\"font-size\":\"desktop:17px;\",\"line-height\":\"\"}' ><h3 style=\"font-family:&#039;Open Sans&#039;;font-weight:300;color:#6f6f6e;\">Perfetto per<\/h3><\/div><\/div><div id=\"ultimate-heading-441169f36748f33b5\" class=\"uvc-heading ult-adjust-bottom-margin ultimate-heading-441169f36748f33b5 uvc-2269 \" data-hspacer=\"no_spacer\"  data-halign=\"center\" style=\"text-align:center\"><div class=\"uvc-heading-spacer no_spacer\" style=\"top\"><\/div><div class=\"uvc-main-heading ult-responsive\"  data-ultimate-target='.uvc-heading.ultimate-heading-441169f36748f33b5 h3'  data-responsive-json-new='{\"font-size\":\"desktop:35px;\",\"line-height\":\"\"}' ><h3 style=\"font-family:&#039;Titillium Web&#039;;font-weight:200;color:#1c75b9;\">Bassi volumi di monete<\/h3><\/div><\/div>\t\t<\/div><\/div><div class=\"ult-content-box-container \" >\t\t<div class=\"ult-content-box\" style=\"background-color:#ffffff;box-shadow: 0px 0px 50px 0px rgba(0,0,0,0.05) ;border-style:solid;border-radius:11px;border-color:#ffffff;padding:30px;margin-bottom:30px;-webkit-transition: all 700ms ease;-moz-transition: all 700ms ease;-ms-transition: all 700ms ease;-o-transition: all 700ms ease;transition: all 700ms ease;\"  data-hover_box_shadow=\" 0px 0px 50px 0px rgba(0,0,0,0.05) \"    data-normal_margins=\"margin-bottom:30px;\"   data-bg=\"#ffffff\"  data-border_color=\"#ffffff\" ><div id=\"ultimate-heading-465969f36748f343d\" class=\"uvc-heading ult-adjust-bottom-margin ultimate-heading-465969f36748f343d uvc-9159 \" data-hspacer=\"no_spacer\"  data-halign=\"center\" style=\"text-align:center\"><div class=\"uvc-heading-spacer no_spacer\" style=\"top\"><\/div><div class=\"uvc-main-heading ult-responsive\"  data-ultimate-target='.uvc-heading.ultimate-heading-465969f36748f343d h3'  data-responsive-json-new='{\"font-size\":\"desktop:35px;\",\"line-height\":\"\"}' ><h3 style=\"font-family:&#039;Titillium Web&#039;;font-weight:200;color:#1c75b9;\">Compatto<\/h3><\/div><\/div><div id=\"ultimate-heading-272069f36748f3473\" class=\"uvc-heading ult-adjust-bottom-margin ultimate-heading-272069f36748f3473 uvc-1157 \" data-hspacer=\"no_spacer\"  data-halign=\"center\" style=\"text-align:center\"><div class=\"uvc-heading-spacer no_spacer\" style=\"top\"><\/div><div class=\"uvc-main-heading ult-responsive\"  data-ultimate-target='.uvc-heading.ultimate-heading-272069f36748f3473 h3'  data-responsive-json-new='{\"font-size\":\"desktop:17px;\",\"line-height\":\"\"}' ><h3 style=\"font-family:&#039;Open Sans&#039;;font-weight:300;color:#6f6f6e;\">e<\/h3><\/div><\/div><div id=\"ultimate-heading-114369f36748f34a5\" class=\"uvc-heading ult-adjust-bottom-margin ultimate-heading-114369f36748f34a5 uvc-2250 \" data-hspacer=\"no_spacer\"  data-halign=\"center\" style=\"text-align:center\"><div class=\"uvc-heading-spacer no_spacer\" style=\"top\"><\/div><div class=\"uvc-main-heading ult-responsive\"  data-ultimate-target='.uvc-heading.ultimate-heading-114369f36748f34a5 h3'  data-responsive-json-new='{\"font-size\":\"desktop:35px;\",\"line-height\":\"\"}' ><h3 style=\"font-family:&#039;Titillium Web&#039;;font-weight:200;color:#1c75b9;\">Portatile<\/h3><\/div><\/div>\t\t<\/div><\/div><\/div>[\/vc_column_inner][vc_column_inner width=&#8221;1\/6&#8243;][\/vc_column_inner][\/vc_row_inner][\/vc_column][vc_column width=&#8221;1\/12&#8243;][\/vc_column][vc_column bbvcedo_small_css=&#8221;.vc_custom_1496414873964{padding-top: 50px !important;}&#8221; offset=&#8221;vc_col-lg-6 vc_col-md-6 vc_col-xs-12&#8243;][vc_single_image image=&#8221;62034&#8243; img_size=&#8221;full&#8221; alignment=&#8221;center&#8221;][\/vc_column][\/vc_row][vc_row css_animation=&#8221;fadeIn&#8221; bbvcedo_large_css=&#8221;.vc_custom_1488719435046{padding-top: 60px !important;}&#8221; bbvcedo_medium_css=&#8221;.vc_custom_1488719435047{padding-top: 0px !important;}&#8221; bbvcedo_small_css=&#8221;.vc_custom_1488719435049{padding-top: 0px !important;}&#8221; bbvcedo_x_large_css=&#8221;.vc_custom_1488719435045{padding-top: 60px !important;}&#8221;][vc_column el_class=&#8221;push-lg-7&#8243; offset=&#8221;vc_col-lg-5 vc_col-md-5 vc_col-xs-12&#8243;]<div id=\"ultimate-heading-223569f36748f34eb\" class=\"uvc-heading ult-adjust-bottom-margin ultimate-heading-223569f36748f34eb uvc-2158 \" data-hspacer=\"no_spacer\"  data-halign=\"left\" style=\"text-align:left\"><div class=\"uvc-heading-spacer no_spacer\" style=\"top\"><\/div><div class=\"uvc-main-heading ult-responsive\"  data-ultimate-target='.uvc-heading.ultimate-heading-223569f36748f34eb h3'  data-responsive-json-new='{\"font-size\":\"desktop:34px;\",\"line-height\":\"\"}' ><h3 style=\"font-family:&#039;Titillium Web&#039;;font-weight:200;color:#6f6f6e;margin-bottom:30px;\">Contamonete<\/h3><\/div><\/div>[vc_column_text css=&#8221;&#8221;]I contamonete come lo ZZap CC10 possono contare solo un taglio alla volta. L&#8217;utente pu\u00f2 selezionare il taglio utilizzando i quadranti della macchina. I contamonete sono perfetti per le sale giochi e altre strutture che gestiscono grandi volumi di monete gi\u00e0 ordinate.[\/vc_column_text][vc_row_inner][vc_column_inner offset=&#8221;vc_col-lg-10 vc_col-md-10 vc_col-xs-12&#8243;]<div class=\"ult-content-box-container \" >\t\t<div class=\"ult-content-box\" style=\"background-color:#ffffff;box-shadow: 0px 0px 50px 0px rgba(0,0,0,0.05) ;border-style:solid;border-radius:11px;border-color:#ffffff;padding-top:57px;padding-right:30px;padding-bottom:57px;padding-left:30px;margin-bottom:40px;-webkit-transition: all 700ms ease;-moz-transition: all 700ms ease;-ms-transition: all 700ms ease;-o-transition: all 700ms ease;transition: all 700ms ease;\"  data-hover_box_shadow=\" 0px 0px 50px 0px rgba(0,0,0,0.05) \"    data-normal_margins=\"margin-bottom:40px;\"   data-bg=\"#ffffff\"  data-border_color=\"#ffffff\" ><div id=\"ultimate-heading-874969f36748f3565\" class=\"uvc-heading ult-adjust-bottom-margin ultimate-heading-874969f36748f3565 uvc-5415 \" data-hspacer=\"no_spacer\"  data-halign=\"center\" style=\"text-align:center\"><div class=\"uvc-heading-spacer no_spacer\" style=\"top\"><\/div><div class=\"uvc-main-heading ult-responsive\"  data-ultimate-target='.uvc-heading.ultimate-heading-874969f36748f3565 h3'  data-responsive-json-new='{\"font-size\":\"desktop:17px;\",\"line-height\":\"\"}' ><h3 style=\"font-family:&#039;Open Sans&#039;;font-weight:300;color:#6f6f6e;\">Perfetto per il conteggio<\/h3><\/div><\/div><div id=\"ultimate-heading-122769f36748f3598\" class=\"uvc-heading ult-adjust-bottom-margin ultimate-heading-122769f36748f3598 uvc-3488 \" data-hspacer=\"no_spacer\"  data-halign=\"center\" style=\"text-align:center\"><div class=\"uvc-heading-spacer no_spacer\" style=\"top\"><\/div><div class=\"uvc-main-heading ult-responsive\"  data-ultimate-target='.uvc-heading.ultimate-heading-122769f36748f3598 h3'  data-responsive-json-new='{\"font-size\":\"desktop:35px;\",\"line-height\":\"\"}' ><h3 style=\"font-family:&#039;Titillium Web&#039;;font-weight:200;color:#1c75b9;\">Monete gi\u00e0 ordinate<\/h3><\/div><\/div>\t\t<\/div><\/div><div class=\"ult-content-box-container \" >\t\t<div class=\"ult-content-box\" style=\"background-color:#ffffff;box-shadow: 0px 0px 50px 0px rgba(0,0,0,0.05) ;border-style:solid;border-radius:11px;border-color:#ffffff;padding-top:57px;padding-right:30px;padding-bottom:57px;padding-left:30px;-webkit-transition: all 700ms ease;-moz-transition: all 700ms ease;-ms-transition: all 700ms ease;-o-transition: all 700ms ease;transition: all 700ms ease;\"  data-hover_box_shadow=\" 0px 0px 50px 0px rgba(0,0,0,0.05) \"     data-bg=\"#ffffff\"  data-border_color=\"#ffffff\" ><div id=\"ultimate-heading-161569f36748f3610\" class=\"uvc-heading ult-adjust-bottom-margin ultimate-heading-161569f36748f3610 uvc-592 \" data-hspacer=\"no_spacer\"  data-halign=\"center\" style=\"text-align:center\"><div class=\"uvc-heading-spacer no_spacer\" style=\"top\"><\/div><div class=\"uvc-main-heading ult-responsive\"  data-ultimate-target='.uvc-heading.ultimate-heading-161569f36748f3610 h3'  data-responsive-json-new='{\"font-size\":\"desktop:17px;\",\"line-height\":\"\"}' ><h3 style=\"font-family:&#039;Open Sans&#039;;font-weight:300;color:#6f6f6e;\">Progettato per<\/h3><\/div><\/div><div id=\"ultimate-heading-962469f36748f3642\" class=\"uvc-heading ult-adjust-bottom-margin ultimate-heading-962469f36748f3642 uvc-4865 \" data-hspacer=\"no_spacer\"  data-halign=\"center\" style=\"text-align:center\"><div class=\"uvc-heading-spacer no_spacer\" style=\"top\"><\/div><div class=\"uvc-main-heading ult-responsive\"  data-ultimate-target='.uvc-heading.ultimate-heading-962469f36748f3642 h3'  data-responsive-json-new='{\"font-size\":\"desktop:35px;\",\"line-height\":\"\"}' ><h3 style=\"font-family:&#039;Titillium Web&#039;;font-weight:200;color:#1c75b9;\">Elevati volumi di monete<\/h3><\/div><\/div>\t\t<\/div><\/div>[\/vc_column_inner][vc_column_inner width=&#8221;2\/12&#8243;][\/vc_column_inner][\/vc_row_inner][\/vc_column][vc_column width=&#8221;1\/12&#8243; offset=&#8221;vc_hidden-sm vc_hidden-xs&#8221;][\/vc_column][vc_column el_class=&#8221;pull-lg-6&#8243; bbvcedo_small_css=&#8221;.vc_custom_1496405934558{padding-top: 50px !important;}&#8221; offset=&#8221;vc_col-lg-6 vc_col-md-6 vc_col-xs-12&#8243;][vc_single_image image=&#8221;197251&#8243; img_size=&#8221;full&#8221; alignment=&#8221;center&#8221; css=&#8221;&#8221;][\/vc_column][\/vc_row][vc_row full_width=&#8221;stretch_row&#8221; css_animation=&#8221;fadeIn&#8221; css=&#8221;.vc_custom_1489682398340{background-color: #fafafa !important;}&#8221;][vc_column]<div id=\"ultimate-heading-377969f36748f367b\" class=\"uvc-heading ult-adjust-bottom-margin ultimate-heading-377969f36748f367b uvc-8104 \" data-hspacer=\"no_spacer\"  data-halign=\"center\" style=\"text-align:center\"><div class=\"uvc-heading-spacer no_spacer\" style=\"top\"><\/div><div class=\"uvc-main-heading ult-responsive\"  data-ultimate-target='.uvc-heading.ultimate-heading-377969f36748f367b h3'  data-responsive-json-new='{\"font-size\":\"desktop:34px;\",\"line-height\":\"\"}' ><h3 style=\"font-family:&#039;Titillium Web&#039;;font-weight:200;color:#6f6f6e;\">Conta e dividi monete<\/h3><\/div><\/div>[vc_row_inner][vc_column_inner width=&#8221;1\/4&#8243;][\/vc_column_inner][vc_column_inner offset=&#8221;vc_col-lg-6 vc_col-md-6 vc_col-xs-12&#8243;][vc_column_text css=&#8221;&#8221;]<\/p>\n<p style=\"text-align: center;\">I conta e dividi monete come ZZap CS30 smistano le monete in vassoi separati e mostrano il valore totale e la quantit\u00e0 contati. Possono anche mostrare il valore totale e la quantit\u00e0 contata per ogni taglio.<\/p>\n<p>[\/vc_column_text][\/vc_column_inner][vc_column_inner width=&#8221;1\/4&#8243;][\/vc_column_inner][\/vc_row_inner][vc_single_image image=&#8221;193504&#8243; img_size=&#8221;full&#8221; alignment=&#8221;center&#8221; css=&#8221;&#8221;][\/vc_column][\/vc_row][vc_row css=&#8221;.vc_custom_1487003947101{padding-bottom: 120px !important;}&#8221; bbvcedo_small_css=&#8221;.vc_custom_1487003947107{padding-bottom: 30px !important;}&#8221;][vc_column el_class=&#8221;push-lg-8&#8243; offset=&#8221;vc_col-lg-4 vc_col-md-4 vc_col-xs-12&#8243;]<div id=\"ultimate-heading-993769f36748f36b4\" class=\"uvc-heading ult-adjust-bottom-margin ultimate-heading-993769f36748f36b4 uvc-1799 \" data-hspacer=\"no_spacer\"  data-halign=\"left\" style=\"text-align:left\"><div class=\"uvc-heading-spacer no_spacer\" style=\"top\"><\/div><div class=\"uvc-main-heading ult-responsive\"  data-ultimate-target='.uvc-heading.ultimate-heading-993769f36748f36b4 h4'  data-responsive-json-new='{\"font-size\":\"desktop:42px;\",\"line-height\":\"desktop:44px;\"}' ><h4 style=\"font-family:&#039;Titillium Web&#039;;font-weight:200;color:#1c75b9;margin-bottom:20px;\">Funzionalit\u00e0 del contamonete<\/h4><\/div><\/div>[vc_column_text css=&#8221;&#8221;]<\/p>\n<p style=\"text-align: left;\">I contamonete non sono tutti uguali. La velocit\u00e0 di conteggio, la funzionalit\u00e0 e il design variano. Ad un\u2019estremit\u00e0 della gamma ci sono i dividi monete come lo ZZap CS10 che svolgono una sola funzione e hanno una bassa velocit\u00e0 di ordinamento (comunque molto pi\u00f9 veloce rispetto ad un processo manuale). Dall\u2019altra parte della gamma ci sono i contamonete, come ZZap CS80, in grado di rilevare le monete da rifiutare e sono progettati per gestire milioni di monete all&#8217;anno.<\/p>\n<p>[\/vc_column_text]<div data-enable_animator='' class='wpb_animate_when_almost_visible gambit-css-animation slide-elastic-to-right ' style='-webkit-animation-duration: 2s;-moz-animation-duration: 2s;-ms-animation-duration: 2s;-o-animation-duration: 2s;animation-duration: 2s;opacity: 0;-webkit-animation-delay: 0.1s;-moz-animation-delay: 0.1s;-ms-animation-delay: 0.1s;-o-animation-delay: 0.1s;animation-delay: 0.1s'><div id=\"ultimate-heading-541969f36748f3755\" class=\"uvc-heading ult-adjust-bottom-margin ultimate-heading-541969f36748f3755 uvc-9332 \" data-hspacer=\"no_spacer\"  data-halign=\"left\" style=\"text-align:left\"><div class=\"uvc-heading-spacer no_spacer\" style=\"top\"><\/div><div class=\"uvc-main-heading ult-responsive\"  data-ultimate-target='.uvc-heading.ultimate-heading-541969f36748f3755 h4'  data-responsive-json-new='{\"font-size\":\"desktop:18px;\",\"line-height\":\"\"}' ><h4 style=\"font-family:&#039;Titillium Web&#039;;font-weight:300;color:#6f6f6e;margin-top:0px;margin-bottom:0px;\">Monete estere e contraffatte<\/h4><\/div><div class=\"uvc-sub-heading ult-responsive\"  data-ultimate-target='.uvc-heading.ultimate-heading-541969f36748f3755 .uvc-sub-heading '  data-responsive-json-new='{\"font-size\":\"desktop:36px;\",\"line-height\":\"desktop:30px;\"}'  style=\"font-family:&#039;Titillium Web&#039;;font-weight:200;color:#1c75b9;margin-bottom:20px;\">rifiuto della moneta<\/div><\/div><\/div><div data-enable_animator='' class='wpb_animate_when_almost_visible gambit-css-animation slide-elastic-to-right ' style='-webkit-animation-duration: 2s;-moz-animation-duration: 2s;-ms-animation-duration: 2s;-o-animation-duration: 2s;animation-duration: 2s;opacity: 0;-webkit-animation-delay: 0.6s;-moz-animation-delay: 0.6s;-ms-animation-delay: 0.6s;-o-animation-delay: 0.6s;animation-delay: 0.6s'><div id=\"ultimate-heading-606969f36748f37fc\" class=\"uvc-heading ult-adjust-bottom-margin ultimate-heading-606969f36748f37fc uvc-5926 \" data-hspacer=\"no_spacer\"  data-halign=\"left\" style=\"text-align:left\"><div class=\"uvc-heading-spacer no_spacer\" style=\"top\"><\/div><div class=\"uvc-main-heading ult-responsive\"  data-ultimate-target='.uvc-heading.ultimate-heading-606969f36748f37fc h4'  data-responsive-json-new='{\"font-size\":\"desktop:18px;\",\"line-height\":\"\"}' ><h4 style=\"font-family:&#039;Titillium Web&#039;;font-weight:300;color:#6f6f6e;margin-top:0px;margin-bottom:0px;\">Conta 600 monete<\/h4><\/div><div class=\"uvc-sub-heading ult-responsive\"  data-ultimate-target='.uvc-heading.ultimate-heading-606969f36748f37fc .uvc-sub-heading '  data-responsive-json-new='{\"font-size\":\"desktop:36px;\",\"line-height\":\"desktop:30px;\"}'  style=\"font-family:&#039;Titillium Web&#039;;font-weight:200;color:#1c75b9;margin-bottom:20px;\">al minuto<\/div><\/div><\/div><div data-enable_animator='' class='wpb_animate_when_almost_visible gambit-css-animation slide-elastic-to-right ' style='-webkit-animation-duration: 2s;-moz-animation-duration: 2s;-ms-animation-duration: 2s;-o-animation-duration: 2s;animation-duration: 2s;opacity: 0;-webkit-animation-delay: 1.1s;-moz-animation-delay: 1.1s;-ms-animation-delay: 1.1s;-o-animation-delay: 1.1s;animation-delay: 1.1s'><div id=\"ultimate-heading-188469f36748f389a\" class=\"uvc-heading ult-adjust-bottom-margin ultimate-heading-188469f36748f389a uvc-7971 \" data-hspacer=\"no_spacer\"  data-halign=\"left\" style=\"text-align:left\"><div class=\"uvc-heading-spacer no_spacer\" style=\"top\"><\/div><div class=\"uvc-main-heading ult-responsive\"  data-ultimate-target='.uvc-heading.ultimate-heading-188469f36748f389a h4'  data-responsive-json-new='{\"font-size\":\"desktop:18px;\",\"line-height\":\"\"}' ><h4 style=\"font-family:&#039;Titillium Web&#039;;font-weight:300;color:#6f6f6e;margin-top:0px;margin-bottom:0px;\">Conteggia 6.000.000 di monete<\/h4><\/div><div class=\"uvc-sub-heading ult-responsive\"  data-ultimate-target='.uvc-heading.ultimate-heading-188469f36748f389a .uvc-sub-heading '  data-responsive-json-new='{\"font-size\":\"desktop:36px;\",\"line-height\":\"desktop:30px;\"}'  style=\"font-family:&#039;Titillium Web&#039;;font-weight:200;color:#1c75b9;\">all&#8217;anno<\/div><\/div><\/div>[\/vc_column][vc_column el_class=&#8221;pull-lg-4&#8243; offset=&#8221;vc_col-lg-8 vc_col-md-8 vc_col-xs-12&#8243;][vc_single_image image=&#8221;196599&#8243; img_size=&#8221;full&#8221; css=&#8221;&#8221;][\/vc_column][\/vc_row][vc_row full_width=&#8221;stretch_row&#8221; css=&#8221;.vc_custom_1489682656535{background-color: #fafafa !important;}&#8221; bbvcedo_x_large_css=&#8221;.vc_custom_1489682656536{margin-bottom: -30px !important;}&#8221;][vc_column offset=&#8221;vc_col-lg-4 vc_col-md-4 vc_col-xs-12&#8243;]<div id=\"ultimate-heading-583569f36748f38d9\" class=\"uvc-heading ult-adjust-bottom-margin ultimate-heading-583569f36748f38d9 uvc-6876 \" data-hspacer=\"no_spacer\"  data-halign=\"left\" style=\"text-align:left\"><div class=\"uvc-heading-spacer no_spacer\" style=\"top\"><\/div><div class=\"uvc-main-heading ult-responsive\"  data-ultimate-target='.uvc-heading.ultimate-heading-583569f36748f38d9 h4'  data-responsive-json-new='{\"font-size\":\"desktop:42px;\",\"line-height\":\"desktop:44px;\"}' ><h4 style=\"font-family:&#039;Titillium Web&#039;;font-weight:200;color:#1c75b9;margin-bottom:20px;\">Le valute che possono essere contate dai contamonete<\/h4><\/div><\/div>[vc_column_text css=&#8221;&#8221;]<\/p>\n<p style=\"text-align: left;\">A differenza dei contabanconote, i contamonete sono configurati per contare una sola valuta. Ecco perch\u00e9 ZZap offre contamonete per diverse valute.<\/p>\n<p>[\/vc_column_text]<div data-enable_animator='' class='wpb_animate_when_almost_visible gambit-css-animation slide-elastic-to-right ' style='-webkit-animation-duration: 2s;-moz-animation-duration: 2s;-ms-animation-duration: 2s;-o-animation-duration: 2s;animation-duration: 2s;opacity: 0;-webkit-animation-delay: 0.1s;-moz-animation-delay: 0.1s;-ms-animation-delay: 0.1s;-o-animation-delay: 0.1s;animation-delay: 0.1s'><div id=\"ultimate-heading-900269f36748f3975\" class=\"uvc-heading ult-adjust-bottom-margin ultimate-heading-900269f36748f3975 uvc-4231 \" data-hspacer=\"no_spacer\"  data-halign=\"left\" style=\"text-align:left\"><div class=\"uvc-heading-spacer no_spacer\" style=\"top\"><\/div><div class=\"uvc-main-heading ult-responsive\"  data-ultimate-target='.uvc-heading.ultimate-heading-900269f36748f3975 h4'  data-responsive-json-new='{\"font-size\":\"desktop:18px;\",\"line-height\":\"\"}' ><h4 style=\"font-family:&#039;Titillium Web&#039;;font-weight:300;color:#6f6f6e;margin-top:0px;margin-bottom:6px;\">ZZap offre<\/h4><\/div><div class=\"uvc-sub-heading ult-responsive\"  data-ultimate-target='.uvc-heading.ultimate-heading-900269f36748f3975 .uvc-sub-heading '  data-responsive-json-new='{\"font-size\":\"desktop:36px;\",\"line-height\":\"desktop:30px;\"}'  style=\"font-family:&#039;Titillium Web&#039;;font-weight:200;color:#1c75b9;margin-bottom:6px;\">17<\/div><\/div><div id=\"ultimate-heading-473369f36748f39b2\" class=\"uvc-heading ult-adjust-bottom-margin ultimate-heading-473369f36748f39b2 uvc-2891 \" data-hspacer=\"no_spacer\"  data-halign=\"left\" style=\"text-align:left\"><div class=\"uvc-heading-spacer no_spacer\" style=\"top\"><\/div><div class=\"uvc-main-heading ult-responsive\"  data-ultimate-target='.uvc-heading.ultimate-heading-473369f36748f39b2 h4'  data-responsive-json-new='{\"font-size\":\"desktop:18px;\",\"line-height\":\"\"}' ><h4 style=\"font-family:&#039;Titillium Web&#039;;font-weight:300;color:#6f6f6e;margin-top:0px;margin-bottom:0px;\">Versioni di valuta<\/h4><\/div><\/div><\/div>[\/vc_column][vc_column bbvcedo_small_css=&#8221;.vc_custom_1496415004161{margin-top: 30px !important;}&#8221; offset=&#8221;vc_col-lg-8 vc_col-md-8 vc_col-xs-12&#8243;][vc_single_image image=&#8221;128097&#8243; img_size=&#8221;full&#8221;][\/vc_column][vc_column][vc_single_image image=&#8221;231414&#8243; img_size=&#8221;full&#8221; alignment=&#8221;center&#8221; onclick=&#8221;custom_link&#8221; css=&#8221;&#8221; link=&#8221;https:\/\/www.zzap.com\/it\/shop\/category\/contamonete\/&#8221;][\/vc_column][\/vc_row]<\/p>\n<\/div>","protected":false},"excerpt":{"rendered":"<p>[vc_row][vc_column css=&#8221;.vc_custom_1487003079374{padding-bottom: 30px !important;}&#8221;][vc_column_text css=&#8221;&#8221;]I contamonete ZZap sono progettati per semplificare il processo di gestione del contante, risparmiare tempo ed eliminare gli errori umani. Prima di vedere come funzionano, \u00e8 importante capire i diversi tipi di contamonete.[\/vc_column_text][\/vc_column][\/vc_row][vc_row full_width=&#8221;stretch_row&#8221; css_animation=&#8221;none&#8221; css=&#8221;.vc_custom_1489682363549{background-color: #fafafa !important;}&#8221;][vc_column offset=&#8221;vc_col-lg-5 vc_col-md-5 vc_col-xs-12&#8243;][vc_column_text css=&#8221;&#8221;]I dividi monete, come ZZap CS10, suddividono le monete in &hellip; <a href=\"https:\/\/www.zzap.com\/it\/come-funzionano-i-contamonete-zzap\/\"><button type=\"button\" class=\"btn btn-info btn-md\">Per saperne di pi\u00f9<\/button><\/a><\/p>\n","protected":false},"author":2,"featured_media":0,"parent":0,"menu_order":120,"comment_status":"closed","ping_status":"closed","template":"","meta":{"_acf_changed":false,"footnotes":""},"acf":[],"_links":{"self":[{"href":"https:\/\/www.zzap.com\/it\/wp-json\/wp\/v2\/pages\/220982"}],"collection":[{"href":"https:\/\/www.zzap.com\/it\/wp-json\/wp\/v2\/pages"}],"about":[{"href":"https:\/\/www.zzap.com\/it\/wp-json\/wp\/v2\/types\/page"}],"author":[{"embeddable":true,"href":"https:\/\/www.zzap.com\/it\/wp-json\/wp\/v2\/users\/2"}],"replies":[{"embeddable":true,"href":"https:\/\/www.zzap.com\/it\/wp-json\/wp\/v2\/comments?post=220982"}],"version-history":[{"count":6,"href":"https:\/\/www.zzap.com\/it\/wp-json\/wp\/v2\/pages\/220982\/revisions"}],"predecessor-version":[{"id":231563,"href":"https:\/\/www.zzap.com\/it\/wp-json\/wp\/v2\/pages\/220982\/revisions\/231563"}],"wp:attachment":[{"href":"https:\/\/www.zzap.com\/it\/wp-json\/wp\/v2\/media?parent=220982"}],"curies":[{"name":"wp","href":"https:\/\/api.w.org\/{rel}","templated":true}]}}