{"id":220933,"date":"2017-02-06T14:57:54","date_gmt":"2017-02-06T14:57:54","guid":{"rendered":"https:\/\/staging.zzap.com\/how-zzap-banknote-counters-work\/"},"modified":"2024-05-16T13:56:49","modified_gmt":"2024-05-16T12:56:49","slug":"come-funzionano-i-contabanconote-zzap","status":"publish","type":"page","link":"https:\/\/www.zzap.com\/it\/come-funzionano-i-contabanconote-zzap\/","title":{"rendered":"Come funzionano i contabanconote ZZap?"},"content":{"rendered":"<div class=\"wpb-content-wrapper\"><p>[vc_row][vc_column]<div id=\"ultimate-heading-513169e1ec43e5aad\" class=\"uvc-heading ult-adjust-bottom-margin ultimate-heading-513169e1ec43e5aad uvc-8864 \" data-hspacer=\"no_spacer\"  data-halign=\"left\" style=\"text-align:left\"><div class=\"uvc-heading-spacer no_spacer\" style=\"top\"><\/div><div class=\"uvc-main-heading ult-responsive\"  data-ultimate-target='.uvc-heading.ultimate-heading-513169e1ec43e5aad h2'  data-responsive-json-new='{\"font-size\":\"desktop:55px;\",\"line-height\":\"\"}' ><h2 style=\"font-family:&#039;Titillium Web&#039;;font-weight:200;color:#1c75b9;margin-top:47px;margin-bottom:22px;\">Come funzionano i contabanconote ZZap?<\/h2><\/div><\/div>[vc_column_text css=&#8221;&#8221;]I contabanconote ZZap automatizzano la gestione dei contanti per farti risparmiare tempo e denaro. I contabanconote eliminano l&#8217;errore umano e possono svolgere varie funzioni come il rilevamento di contraffazioni, il conteggio dei lotti e l\u2019ordinamento. Ora diamo un&#8217;occhiata a come funzionano.[\/vc_column_text][\/vc_column][\/vc_row][vc_row full_width=&#8221;stretch_row&#8221; css=&#8221;.vc_custom_1486394948030{padding-top: 15px !important;padding-bottom: 15px !important;background-color: #fafafa !important;}&#8221;][vc_column]<div id=\"ultimate-heading-404569e1ec43e5b04\" class=\"uvc-heading ult-adjust-bottom-margin ultimate-heading-404569e1ec43e5b04 uvc-3435 \" data-hspacer=\"no_spacer\"  data-halign=\"center\" style=\"text-align:center\"><div class=\"uvc-heading-spacer no_spacer\" style=\"top\"><\/div><div class=\"uvc-main-heading ult-responsive\"  data-ultimate-target='.uvc-heading.ultimate-heading-404569e1ec43e5b04 h2'  data-responsive-json-new='{\"font-size\":\"desktop:42px;\",\"line-height\":\"\"}' ><h2 style=\"font-family:&#039;Titillium Web&#039;;font-weight:200;color:#1c75b9;margin-bottom:30px;\">Devi ordinare le banconote prima di contarle?<\/h2><\/div><\/div>[vc_column_text css=&#8221;&#8221;]<\/p>\n<p style=\"text-align: center;\">Tutti i contabanconote ZZap possono contare banconote ordinate (a taglio singolo). Tuttavia, i contabanconote avanzati come lo ZZap NC60 riconoscono tagli diversi mentre contano. Ci\u00f2 consente loro di contare le banconote non ordinate (a taglio misto) e di riportare il valore totale contato e la quantit\u00e0 totale contata per taglio.<\/p>\n<p>[\/vc_column_text][vc_row_inner content_placement=&#8221;bottom&#8221;][vc_column_inner width=&#8221;1\/2&#8243;][vc_single_image image=&#8221;149726&#8243; img_size=&#8221;full&#8221; css=&#8221;&#8221;][vc_column_text css=&#8221;&#8221;]<\/p>\n<p style=\"text-align: center; font-size: 13px;\"><a class=\"productRef\" href=\"https:\/\/www.zzap.com\/it\/shop\/contabanconote\/zzap-nc40-contabanconote\/\">ZZap NC40 Contabanconote\u00a0<\/a><\/p>\n<p>[\/vc_column_text][\/vc_column_inner][vc_column_inner width=&#8221;1\/2&#8243;][vc_single_image image=&#8221;155669&#8243; img_size=&#8221;full&#8221; css=&#8221;&#8221;][vc_column_text css=&#8221;&#8221;]<\/p>\n<p style=\"text-align: center; font-size: 13px;\"><a class=\"productRef\" href=\"https:\/\/www.zzap.com\/it\/shop\/contabanconote\/zzap-nc60-contabanconote\/\">ZZap NC60 Conta Valori\u00a0<\/a><\/p>\n<p>[\/vc_column_text][\/vc_column_inner][\/vc_row_inner][\/vc_column][\/vc_row][vc_row][vc_column]<div id=\"ultimate-heading-429269e1ec43e5b42\" class=\"uvc-heading ult-adjust-bottom-margin ultimate-heading-429269e1ec43e5b42 uvc-9905 \" data-hspacer=\"no_spacer\"  data-halign=\"left\" style=\"text-align:left\"><div class=\"uvc-heading-spacer no_spacer\" style=\"top\"><\/div><div class=\"uvc-main-heading ult-responsive\"  data-ultimate-target='.uvc-heading.ultimate-heading-429269e1ec43e5b42 h2'  data-responsive-json-new='{\"font-size\":\"desktop:42px;\",\"line-height\":\"\"}' ><h2 style=\"font-family:&#039;Titillium Web&#039;;font-weight:200;color:#1c75b9;margin-bottom:30px;\">Come funziona il rilevamento della contraffazione<\/h2><\/div><\/div>[vc_row_inner][vc_column_inner offset=&#8221;vc_col-lg-4 vc_col-md-4 vc_col-xs-12&#8243;][vc_column_text css=&#8221;&#8221;]Le funzionalit\u00e0 di sicurezza sono integrate nella valuta per prevenire la contraffazione. Mentre la banconota passa attraverso la macchina, vari sensori controllano se sono presenti le caratteristiche di sicurezza.<\/p>\n<p>I contabanconote con specifiche basse verificheranno la presenza di semplici funzioni di sicurezza come i segni UV. I contabanconote di fascia alta come lo ZZap NC40, verificheranno funzionalit\u00e0 di sicurezza pi\u00f9 avanzate come infrarossi e filo metallico. Pi\u00f9 funzioni di sicurezza vengono controllate, pi\u00f9 accurato sar\u00e0 il rilevamento della contraffazione. <a href=\"https:\/\/www.zzap.com\/it\/come-funzionano-i-rilevatori-di-banconote-false-zzap\/\">Per ulteriori informazioni, consulta la nostra pagina di rilevamento della contraffazione.<\/a>[\/vc_column_text][\/vc_column_inner][vc_column_inner offset=&#8221;vc_col-lg-8 vc_col-md-8 vc_col-xs-12&#8243;][vc_column_text]<div class=\"counterAnimation\" style=\"zoom: 84%; right: -2px;\"><img decoding=\"async\" src=\"https:\/\/www.zzap.com\/wp-content\/uploads\/2022\/12\/Animazione-contraffatta-banconota-EURO-2.png\" class=\"bg w-100 show-in-small-screen\"><img decoding=\"async\" src=\"https:\/\/www.zzap.com\/wp-content\/uploads\/2024\/03\/UV.png\" class=\"uv wow fadeInUp\" data-wow-delay=\"0.4s\" style=\"visibility: visible; animation-delay: 0.4s; animation-name: fadeInUp;\"><img decoding=\"async\" src=\"https:\/\/www.zzap.com\/wp-content\/uploads\/2024\/03\/IR.png\" class=\"ir wow fadeInUp\" data-wow-delay=\"0.7s\" style=\"visibility: visible; animation-delay: 0.7s; animation-name: fadeInUp;\"><img decoding=\"async\" src=\"https:\/\/www.zzap.com\/wp-content\/uploads\/2024\/03\/MG.png\" class=\"mg wow fadeInUp\" data-wow-delay=\"1s\" style=\"visibility: visible; animation-delay: 1s; animation-name: fadeInUp;\"><img decoding=\"async\" src=\"https:\/\/www.zzap.com\/wp-content\/themes\/zzap-2017\/dist\/images\/counterfeit_animation\/arrowBottom.png\" class=\"arrowBottom wow fadeInUp\" data-wow-delay=\"2.2s\" style=\"visibility: visible; animation-delay: 2.2s; animation-name: fadeInUp;\"><img decoding=\"async\" src=\"https:\/\/www.zzap.com\/wp-content\/themes\/zzap-2017\/dist\/images\/counterfeit_animation\/arrowTop.png\" class=\"arrowTop wow fadeInDown\" data-wow-delay=\"2.2s\" style=\"visibility: visible; animation-delay: 2.2s; animation-name: fadeInDown;\"><img decoding=\"async\" src=\"https:\/\/www.zzap.com\/wp-content\/uploads\/2024\/03\/Colour-EURO.png\" class=\"spectrum2 wow fadeInUp\" data-wow-delay=\"3.1s\" style=\"visibility: visible; animation-delay: 3.1s; animation-name: fadeInUp;\"><img decoding=\"async\" src=\"https:\/\/www.zzap.com\/wp-content\/uploads\/2024\/03\/Image-1.png\" class=\"camera wow fadeInUp\" data-wow-delay=\"2.8s\" style=\"visibility: visible; animation-delay: 2.5s; animation-name: fadeInUp;\"><img decoding=\"async\" src=\"https:\/\/www.zzap.com\/wp-content\/uploads\/2024\/04\/NS.png\" class=\"sn wow fadeInUp\" data-wow-delay=\"2.5s\" style=\"visibility: visible; animation-delay: 2s; animation-name: fadeInUp;\"><\/div>[\/vc_column_text][\/vc_column_inner][\/vc_row_inner][\/vc_column][\/vc_row][vc_row full_width=&#8221;stretch_row&#8221; content_placement=&#8221;bottom&#8221; css=&#8221;.vc_custom_1489602996425{background-color: #fafafa !important;}&#8221;][vc_column]<div id=\"ultimate-heading-317469e1ec43ea6de\" class=\"uvc-heading ult-adjust-bottom-margin ultimate-heading-317469e1ec43ea6de uvc-5487 \" data-hspacer=\"no_spacer\"  data-halign=\"center\" style=\"text-align:center\"><div class=\"uvc-heading-spacer no_spacer\" style=\"top\"><\/div><div class=\"uvc-main-heading ult-responsive\"  data-ultimate-target='.uvc-heading.ultimate-heading-317469e1ec43ea6de h2'  data-responsive-json-new='{\"font-size\":\"desktop:42px;\",\"line-height\":\"\"}' ><h2 style=\"font-family:&#039;Titillium Web&#039;;font-weight:200;color:#1c75b9;margin-bottom:30px;\">La differenza tra tramogge con caricamento dall'alto o dal retro<\/h2><\/div><\/div>[vc_column_text css=&#8221;&#8221;]<\/p>\n<p style=\"text-align: center;\">La tramoggia \u00e8 dove metti le banconote. Per utilizzare una tramoggia con caricamento posteriore, posizionare le banconote sulla tramoggia verticalmente. Tuttavia, per utilizzare una tramoggia con caricamento dall&#8217;alto, posizionare le banconote sulla tramoggia orizzontalmente. Le tramogge con caricamento dall&#8217;alto in genere sono pi\u00f9 facili da usare, possono contenere pi\u00f9 banconote e consentono di aggiungerne di nuove nella tramoggia durante il conteggio senza interromperlo.<\/p>\n<p>[\/vc_column_text][vc_row_inner][vc_column_inner width=&#8221;1\/2&#8243;][vc_column_text css=&#8221;&#8221;]<\/p>\n<p style=\"text-align: center;\">Tramoggia di carico posteriore<\/p>\n<p>[\/vc_column_text][vc_single_image image=&#8221;147943&#8243; img_size=&#8221;full&#8221; css=&#8221;&#8221;][vc_column_text css=&#8221;&#8221;]<\/p>\n<p style=\"text-align: center;\"><a class=\"productRef\" href=\"https:\/\/www.zzap.com\/it\/shop\/contabanconote\/zzap-nc20i-contabanconote\/\">ZZap NC20i Contabanconote<\/a><\/p>\n<p>[\/vc_column_text][\/vc_column_inner][vc_column_inner width=&#8221;1\/2&#8243;][vc_column_text css=&#8221;&#8221;]<\/p>\n<p style=\"text-align: center;\">Tramoggia con caricamento posteriore<\/p>\n<p>[\/vc_column_text][vc_single_image image=&#8221;154192&#8243; img_size=&#8221;full&#8221; css=&#8221;&#8221;][vc_column_text css=&#8221;&#8221;]<\/p>\n<p style=\"text-align: center;\"><a class=\"productRef\" href=\"https:\/\/www.zzap.com\/it\/shop\/contabanconote\/zzap-nc50-conta-valori\/\">ZZap NC50 Conta Valori<\/a><\/p>\n<p>[\/vc_column_text][\/vc_column_inner][\/vc_row_inner][\/vc_column][\/vc_row][vc_row content_placement=&#8221;middle&#8221;][vc_column offset=&#8221;vc_col-lg-5 vc_col-md-5 vc_col-xs-12&#8243;]<div id=\"ultimate-heading-475469e1ec43ea728\" class=\"uvc-heading ult-adjust-bottom-margin ultimate-heading-475469e1ec43ea728 uvc-2161 \" data-hspacer=\"no_spacer\"  data-halign=\"left\" style=\"text-align:left\"><div class=\"uvc-heading-spacer no_spacer\" style=\"top\"><\/div><div class=\"uvc-main-heading ult-responsive\"  data-ultimate-target='.uvc-heading.ultimate-heading-475469e1ec43ea728 h2'  data-responsive-json-new='{\"font-size\":\"desktop:42px;\",\"line-height\":\"desktop:44px;\"}' ><h2 style=\"font-family:&#039;Titillium Web&#039;;font-weight:200;color:#1c75b9;margin-bottom:30px;\">Come fa un contabanconote a contare le banconote?<\/h2><\/div><\/div>[vc_column_text css=&#8221;&#8221;]<\/p>\n<p style=\"text-align: left;\">Quando le banconote vengono posizionate sulla tramoggia, il sensore di avvio\/arresto rileva le banconote e attiva il rullo di alimentazione. Mentre il rullo ruota, passa la banconota inferiore presente sulla tramoggia ad un secondo rullo che ruota ad una velocit\u00e0 maggiore. Le flange a basso attrito sul secondo rullo garantiscono l&#8217;inserimento di una sola banconota alla volta. A questo punto vari sensori verificano e contano la banconota. La banconota viaggia quindi nella girante dell&#8217;impilatore e cade ordinatamente nell&#8217;impilatore.<\/p>\n<p>[\/vc_column_text]<div data-enable_animator='' class='wpb_animate_when_almost_visible gambit-css-animation slide-elastic-to-right ' style='-webkit-animation-duration: 2s;-moz-animation-duration: 2s;-ms-animation-duration: 2s;-o-animation-duration: 2s;animation-duration: 2s;opacity: 0;-webkit-animation-delay: 0.1s;-moz-animation-delay: 0.1s;-ms-animation-delay: 0.1s;-o-animation-delay: 0.1s;animation-delay: 0.1s'>[vc_column_text css_animation=&#8221;slideInLeft&#8221; css=&#8221;.vc_custom_1715763771411{margin-top: 0px !important;margin-right: 0px !important;margin-bottom: 0px !important;margin-left: 0px !important;border-top-width: 0px !important;border-right-width: 0px !important;border-bottom-width: 0px !important;border-left-width: 0px !important;padding-top: 0px !important;padding-right: 0px !important;padding-bottom: 0px !important;padding-left: 0px !important;}&#8221;]Conta fino a[\/vc_column_text]<\/div><div data-enable_animator='' class='wpb_animate_when_almost_visible gambit-css-animation slide-elastic-to-right ' style='-webkit-animation-duration: 2s;-moz-animation-duration: 2s;-ms-animation-duration: 2s;-o-animation-duration: 2s;animation-duration: 2s;opacity: 0;-webkit-animation-delay: 0.3s;-moz-animation-delay: 0.3s;-ms-animation-delay: 0.3s;-o-animation-delay: 0.3s;animation-delay: 0.3s'>[vc_column_text css_animation=&#8221;slideInLeft&#8221; css=&#8221;&#8221; el_class=&#8221;h2&#8243;]<\/p>\n<h2>1600 banconote al minuto<\/h2>\n<p>[\/vc_column_text]<\/div>[\/vc_column][vc_column offset=&#8221;vc_col-lg-7 vc_col-md-7 vc_col-xs-12&#8243;][vc_single_image image=&#8221;149901&#8243; img_size=&#8221;full&#8221; css=&#8221;&#8221;][\/vc_column][\/vc_row][vc_row full_width=&#8221;stretch_row&#8221; content_placement=&#8221;top&#8221; css=&#8221;.vc_custom_1486398154950{background-color: #fafafa !important;}&#8221;][vc_column el_class=&#8221;push-lg-7&#8243; offset=&#8221;vc_col-lg-5 vc_col-md-5 vc_col-xs-12&#8243;]<div id=\"ultimate-heading-321069e1ec43ea850\" class=\"uvc-heading ult-adjust-bottom-margin ultimate-heading-321069e1ec43ea850 uvc-5983 \" data-hspacer=\"no_spacer\"  data-halign=\"left\" style=\"text-align:left\"><div class=\"uvc-heading-spacer no_spacer\" style=\"top\"><\/div><div class=\"uvc-main-heading ult-responsive\"  data-ultimate-target='.uvc-heading.ultimate-heading-321069e1ec43ea850 h2'  data-responsive-json-new='{\"font-size\":\"desktop:42px;\",\"line-height\":\"desktop:44px;\"}' ><h2 style=\"font-family:&#039;Titillium Web&#039;;font-weight:200;color:#1c75b9;margin-top:49px;margin-bottom:30px;\">Funzionalit\u00e0 contabanconote<\/h2><\/div><\/div>[vc_column_text css=&#8221;&#8221;]A un&#8217;estremit\u00e0 della gamma, ci sono contabanconote che contano semplicemente la quantit\u00e0 di banconote ordinate (a taglio singolo). I contabanconote pi\u00f9 sofisticati contano a velocit\u00e0 pi\u00f9 elevate e utilizzano funzionalit\u00e0 come il conteggio in lotti.<\/p>\n<p>All&#8217;estremo opposto della gamma ci sono contabanconote avanzati che contano e ordinano banconote non ordinate (di tagli misti) e rilevano le contraffazioni con una precisione del 100%.[\/vc_column_text][vc_column_text css=&#8221;&#8221;]<\/p>\n<p style=\"font-size: 13px; text-align: left;\"><a class=\"productRef\" href=\"https:\/\/www.zzap.com\/it\/shop\/contabanconote\/zzap-nc60-contabanconote\/\">ZZap NC60 Conta Valori<\/a><\/p>\n<p>[\/vc_column_text][\/vc_column][vc_column el_class=&#8221;pull-lg-5&#8243; offset=&#8221;vc_col-lg-7 vc_col-md-7 vc_col-xs-12&#8243;][vc_single_image image=&#8221;192301&#8243; img_size=&#8221;full&#8221; css=&#8221;&#8221; el_class=&#8221;xl-image&#8221;][\/vc_column][\/vc_row][vc_row content_placement=&#8221;middle&#8221;][vc_column offset=&#8221;vc_col-lg-5 vc_col-md-5 vc_col-xs-12&#8243;]<div id=\"ultimate-heading-449469e1ec43ea892\" class=\"uvc-heading ult-adjust-bottom-margin ultimate-heading-449469e1ec43ea892 uvc-1732 \" data-hspacer=\"no_spacer\"  data-halign=\"left\" style=\"text-align:left\"><div class=\"uvc-heading-spacer no_spacer\" style=\"top\"><\/div><div class=\"uvc-main-heading ult-responsive\"  data-ultimate-target='.uvc-heading.ultimate-heading-449469e1ec43ea892 h2'  data-responsive-json-new='{\"font-size\":\"desktop:42px;\",\"line-height\":\"desktop:44px;\"}' ><h2 style=\"font-family:&#039;Titillium Web&#039;;font-weight:200;color:#1c75b9;margin-bottom:30px;\">Come fa un contabanconote ad ordinare il contante<\/h2><\/div><\/div>[vc_column_text css=&#8221;&#8221;]A volte un taglio diverso (o intruso) viene erroneamente inserito in una pila di banconote ordinate (a taglio singolo). Fortunatamente i contabanconote come lo ZZap NC20 riconoscono le dimensioni di ciascuna banconota. Ogni taglio ha una dimensione diversa (tranne il dollaro USA) quindi se viene contato un taglio diverso lo ZZap NC20 sospender\u00e0 il conteggio e ti avviser\u00e0 con un avviso visivo e sonoro.<\/p>\n<p>I contabanconote di alta qualit\u00e0 come lo ZZap NC70 utilizzano sensori di immagine a contatto (CIS) avanzati che consentono loro di scansionare un&#8217;immagine della banconota. Ci\u00f2 consente di ordinare le banconote in base a taglio, al lato e all\u2019orientamento. Lo ZZap NC70 utilizza anche 2 sezioni, quindi pu\u00f2 ordinare le banconote senza fermarsi.[\/vc_column_text][vc_column_text css=&#8221;&#8221;]<\/p>\n<p style=\"font-size: 13px; text-align: left;\"><a class=\"productRef\" href=\"https:\/\/www.zzap.com\/it\/shop\/contabanconote\/zzap-nc70-contabanconote\/\">ZZap NC70 Conta Valori<\/a><\/p>\n<p>[\/vc_column_text][\/vc_column][vc_column offset=&#8221;vc_col-lg-7 vc_col-md-7 vc_col-xs-12&#8243;][vc_single_image image=&#8221;157221&#8243; img_size=&#8221;full&#8221; css=&#8221;&#8221;][\/vc_column][\/vc_row][vc_row main_heading=&#8221;Types of money counting scales&#8221; main_heading_color=&#8221;#1c75b9&#8243; heading_tag=&#8221;h2&#8243; sub_heading_color=&#8221;&#8221; alignment=&#8221;left&#8221; spacer=&#8221;no_spacer&#8221; spacer_position=&#8221;top&#8221; spacer_img_width=&#8221;48&#8243; line_style=&#8221;solid&#8221; line_height=&#8221;1&#8243; line_color=&#8221;#333333&#8243; icon_type=&#8221;selector&#8221; icon=&#8221;&#8221; icon_size=&#8221;32&#8243; icon_color=&#8221;&#8221; icon_style=&#8221;none&#8221; icon_color_bg=&#8221;&#8221; icon_border_style=&#8221;&#8221; icon_color_border=&#8221;#333333&#8243; icon_border_size=&#8221;1&#8243; icon_border_radius=&#8221;500&#8243; icon_border_spacing=&#8221;50&#8243; icon_img=&#8221;&#8221; img_width=&#8221;48&#8243; line_icon_fixer=&#8221;10&#8243; main_heading_font_family=&#8221;font_family:Titillium Web|font_call:Titillium+Web|variant:200&#8243; main_heading_style=&#8221;font-weight:200;&#8221; main_heading_font_size=&#8221;desktop:42px;&#8221; margin_design_tab_text=&#8221;&#8221; main_heading_line_height=&#8221;desktop:48px;&#8221; main_heading_typograpy=&#8221;&#8221; main_heading_margin=&#8221;&#8221; sub_heading_typograpy=&#8221;&#8221; sub_heading_font_family=&#8221;&#8221; sub_heading_style=&#8221;&#8221; sub_heading_font_size=&#8221;&#8221; sub_heading_line_height=&#8221;&#8221; sub_heading_margin=&#8221;&#8221; spacer_img=&#8221;&#8221; line_width=&#8221;&#8221; spacer_margin=&#8221;&#8221; notification=&#8221;&#8221;][vc_column][vc_single_image image=&#8221;231384&#8243; img_size=&#8221;full&#8221; alignment=&#8221;center&#8221; onclick=&#8221;custom_link&#8221; css=&#8221;&#8221; link=&#8221;https:\/\/www.zzap.com\/it\/shop\/category\/contabanconote\/&#8221;][\/vc_column][\/vc_row]<\/p>\n<\/div>","protected":false},"excerpt":{"rendered":"<p>[vc_row][vc_column][vc_column_text css=&#8221;&#8221;]I contabanconote ZZap automatizzano la gestione dei contanti per farti risparmiare tempo e denaro. I contabanconote eliminano l&#8217;errore umano e possono svolgere varie funzioni come il rilevamento di contraffazioni, il conteggio dei lotti e l\u2019ordinamento. Ora diamo un&#8217;occhiata a come funzionano.[\/vc_column_text][\/vc_column][\/vc_row][vc_row full_width=&#8221;stretch_row&#8221; css=&#8221;.vc_custom_1486394948030{padding-top: 15px !important;padding-bottom: 15px !important;background-color: #fafafa !important;}&#8221;][vc_column][vc_column_text css=&#8221;&#8221;] Tutti i contabanconote ZZap &hellip; <a href=\"https:\/\/www.zzap.com\/it\/come-funzionano-i-contabanconote-zzap\/\"><button type=\"button\" class=\"btn btn-info btn-md\">Per saperne di pi\u00f9<\/button><\/a><\/p>\n","protected":false},"author":2,"featured_media":0,"parent":0,"menu_order":110,"comment_status":"closed","ping_status":"closed","template":"template-how-do-banknotes.php","meta":{"_acf_changed":false,"footnotes":""},"acf":[],"_links":{"self":[{"href":"https:\/\/www.zzap.com\/it\/wp-json\/wp\/v2\/pages\/220933"}],"collection":[{"href":"https:\/\/www.zzap.com\/it\/wp-json\/wp\/v2\/pages"}],"about":[{"href":"https:\/\/www.zzap.com\/it\/wp-json\/wp\/v2\/types\/page"}],"author":[{"embeddable":true,"href":"https:\/\/www.zzap.com\/it\/wp-json\/wp\/v2\/users\/2"}],"replies":[{"embeddable":true,"href":"https:\/\/www.zzap.com\/it\/wp-json\/wp\/v2\/comments?post=220933"}],"version-history":[{"count":7,"href":"https:\/\/www.zzap.com\/it\/wp-json\/wp\/v2\/pages\/220933\/revisions"}],"predecessor-version":[{"id":231413,"href":"https:\/\/www.zzap.com\/it\/wp-json\/wp\/v2\/pages\/220933\/revisions\/231413"}],"wp:attachment":[{"href":"https:\/\/www.zzap.com\/it\/wp-json\/wp\/v2\/media?parent=220933"}],"curies":[{"name":"wp","href":"https:\/\/api.w.org\/{rel}","templated":true}]}}