{"id":102834,"date":"2017-02-09T14:14:32","date_gmt":"2017-02-09T14:14:32","guid":{"rendered":"https:\/\/www.zzap.com\/about\/"},"modified":"2024-11-05T14:33:10","modified_gmt":"2024-11-05T14:33:10","slug":"chi-siamo","status":"publish","type":"page","link":"https:\/\/www.zzap.com\/it\/chi-siamo\/","title":{"rendered":"Chi siamo"},"content":{"rendered":"<p>I prodotti ZZap sono il meglio per la gestione del contante. Abbiamo fondato ZZap nel 2010 con l&#8217;obiettivo di ridefinire il settore della gestione del contante e portarlo nel 21\u00b0 secolo. Da allora abbiamo lentamente ma inesorabilmente creato e perfezionato la nostra gamma di prodotti su misura, stabilendo un nuovo benchmark del settore.<\/p>\n<p>Tutti i nostri prodotti abbattono i costi aumentando i profitti, diventando cos\u00ec un investimento perfetto. Inoltre, rendono ogni giornata lavorativa un po&#8217; pi\u00f9 semplice. Offriamo anche una garanzia di 3 anni per darti la completa tranquillit\u00e0.<\/p>\n\n\n<p><\/p>\n","protected":false},"excerpt":{"rendered":"<p>I prodotti ZZap sono il meglio per la gestione del contante. Abbiamo fondato ZZap nel 2010 con l&#8217;obiettivo di ridefinire il settore della gestione del contante e portarlo nel 21\u00b0 secolo. Da allora abbiamo lentamente ma inesorabilmente creato e perfezionato la nostra gamma di prodotti su misura, stabilendo un nuovo benchmark del settore. Tutti i &hellip; <a href=\"https:\/\/www.zzap.com\/it\/chi-siamo\/\"><button type=\"button\" class=\"btn btn-info btn-md\">Per saperne di pi\u00f9<\/button><\/a><\/p>\n","protected":false},"author":2,"featured_media":0,"parent":0,"menu_order":20,"comment_status":"closed","ping_status":"closed","template":"template-about.php","meta":{"_acf_changed":false,"footnotes":""},"acf":[],"_links":{"self":[{"href":"https:\/\/www.zzap.com\/it\/wp-json\/wp\/v2\/pages\/102834"}],"collection":[{"href":"https:\/\/www.zzap.com\/it\/wp-json\/wp\/v2\/pages"}],"about":[{"href":"https:\/\/www.zzap.com\/it\/wp-json\/wp\/v2\/types\/page"}],"author":[{"embeddable":true,"href":"https:\/\/www.zzap.com\/it\/wp-json\/wp\/v2\/users\/2"}],"replies":[{"embeddable":true,"href":"https:\/\/www.zzap.com\/it\/wp-json\/wp\/v2\/comments?post=102834"}],"version-history":[{"count":23,"href":"https:\/\/www.zzap.com\/it\/wp-json\/wp\/v2\/pages\/102834\/revisions"}],"predecessor-version":[{"id":237430,"href":"https:\/\/www.zzap.com\/it\/wp-json\/wp\/v2\/pages\/102834\/revisions\/237430"}],"wp:attachment":[{"href":"https:\/\/www.zzap.com\/it\/wp-json\/wp\/v2\/media?parent=102834"}],"curies":[{"name":"wp","href":"https:\/\/api.w.org\/{rel}","templated":true}]}}