{"id":49778,"date":"2017-02-09T14:14:32","date_gmt":"2017-02-09T14:14:32","guid":{"rendered":"https:\/\/www.zzap.com\/about\/"},"modified":"2024-11-05T14:30:00","modified_gmt":"2024-11-05T14:30:00","slug":"a-propos-de","status":"publish","type":"page","link":"https:\/\/www.zzap.com\/fr\/a-propos-de\/","title":{"rendered":"\u00c0 propos de"},"content":{"rendered":"<p>ZZap est tout simplement le meilleur d\u00e9taillant de produits de traitement des esp\u00e8ces. Nous avons cr\u00e9\u00e9 ZZap en 2010 avec l&rsquo;ambition de red\u00e9finir le secteur du transport de fonds et de le faire entrer dans le 21e si\u00e8cle. Depuis lors, nous avons lentement mais s\u00fbrement, cr\u00e9\u00e9 et perfectionn\u00e9 notre propre gamme de produits sur mesure, \u00e9tablissant une nouvelle r\u00e9f\u00e9rence dans le domaine du traitement des esp\u00e8ces.<\/p>\n<p>Tous nos produits permettent de r\u00e9duire les co\u00fbts et d&rsquo;augmenter les b\u00e9n\u00e9fices, ce qui en fait un investissement id\u00e9al. Ils rendent \u00e9galement chaque journ\u00e9e de travail un peu plus facile. Nous offrons \u00e9galement une garantie rassurante de 3 ans pour une totale tranquillit\u00e9 d&rsquo;esprit.<\/p>\n\n\n<p><\/p>\n","protected":false},"excerpt":{"rendered":"<p>ZZap est tout simplement le meilleur d\u00e9taillant de produits de traitement des esp\u00e8ces. Nous avons cr\u00e9\u00e9 ZZap en 2010 avec l&rsquo;ambition de red\u00e9finir le secteur du transport de fonds et de le faire entrer dans le 21e si\u00e8cle. Depuis lors, nous avons lentement mais s\u00fbrement, cr\u00e9\u00e9 et perfectionn\u00e9 notre propre gamme de produits sur mesure, &hellip; <a href=\"https:\/\/www.zzap.com\/fr\/a-propos-de\/\"><button type=\"button\" class=\"btn btn-info btn-md\">En savoir plus<\/button><\/a><\/p>\n","protected":false},"author":2,"featured_media":0,"parent":0,"menu_order":20,"comment_status":"closed","ping_status":"closed","template":"template-about.php","meta":{"_acf_changed":false,"footnotes":""},"acf":[],"_links":{"self":[{"href":"https:\/\/www.zzap.com\/fr\/wp-json\/wp\/v2\/pages\/49778"}],"collection":[{"href":"https:\/\/www.zzap.com\/fr\/wp-json\/wp\/v2\/pages"}],"about":[{"href":"https:\/\/www.zzap.com\/fr\/wp-json\/wp\/v2\/types\/page"}],"author":[{"embeddable":true,"href":"https:\/\/www.zzap.com\/fr\/wp-json\/wp\/v2\/users\/2"}],"replies":[{"embeddable":true,"href":"https:\/\/www.zzap.com\/fr\/wp-json\/wp\/v2\/comments?post=49778"}],"version-history":[{"count":32,"href":"https:\/\/www.zzap.com\/fr\/wp-json\/wp\/v2\/pages\/49778\/revisions"}],"predecessor-version":[{"id":237429,"href":"https:\/\/www.zzap.com\/fr\/wp-json\/wp\/v2\/pages\/49778\/revisions\/237429"}],"wp:attachment":[{"href":"https:\/\/www.zzap.com\/fr\/wp-json\/wp\/v2\/media?parent=49778"}],"curies":[{"name":"wp","href":"https:\/\/api.w.org\/{rel}","templated":true}]}}