{"id":220987,"date":"2017-02-13T16:45:41","date_gmt":"2017-02-13T16:45:41","guid":{"rendered":"https:\/\/staging.zzap.com\/how-do-zzap-money-counting-scales-work\/"},"modified":"2024-04-08T09:46:05","modified_gmt":"2024-04-08T08:46:05","slug":"comment-fonctionnent-les-balances-compteuses-zzap","status":"publish","type":"page","link":"https:\/\/www.zzap.com\/fr\/comment-fonctionnent-les-balances-compteuses-zzap\/","title":{"rendered":"Comment fonctionnent les balances compteuses ZZap ?"},"content":{"rendered":"<div class=\"wpb-content-wrapper\"><p>[vc_row][vc_column]<div id=\"ultimate-heading-974569dfe19b30694\" class=\"uvc-heading ult-adjust-bottom-margin ultimate-heading-974569dfe19b30694 uvc-2204 \" data-hspacer=\"no_spacer\"  data-halign=\"left\" style=\"text-align:left\"><div class=\"uvc-heading-spacer no_spacer\" style=\"top\"><\/div><div class=\"uvc-main-heading ult-responsive\"  data-ultimate-target='.uvc-heading.ultimate-heading-974569dfe19b30694 h1'  data-responsive-json-new='{\"font-size\":\"desktop:55px;\",\"line-height\":\"\"}' ><h1 style=\"font-family:&#039;Titillium Web&#039;;font-weight:200;color:#1c75b9;margin-top:47px;margin-bottom:22px;\">Comment fonctionnent les balances compteuses ZZap ?<\/h1><\/div><\/div>[vc_column_text]Les balances compteuses ZZap sont le meilleur moyen de gagner du temps. Elles ont la capacit\u00e9 unique de compter les pi\u00e8ces, les billets de banque, les rouleaux\/sacs de pi\u00e8ces, les liasses de billets et les articles non mon\u00e9taires. Avant de voir comment elles fonctionnent, voyons les diff\u00e9rents types de balances compteuses.[\/vc_column_text][\/vc_column][\/vc_row][vc_row full_width=\u00a0\u00bbstretch_row\u00a0\u00bb content_placement=\u00a0\u00bbmiddle\u00a0\u00bb css_animation=\u00a0\u00bbfadeIn\u00a0\u00bb css=\u00a0\u00bb.vc_custom_1487009166758{background-color: #fafafa !important;}\u00a0\u00bb][vc_column offset=\u00a0\u00bbvc_col-lg-5 vc_col-md-5 vc_col-xs-12&Prime;]<div id=\"ultimate-heading-329269dfe19b30707\" class=\"uvc-heading ult-adjust-bottom-margin ultimate-heading-329269dfe19b30707 uvc-6544 \" data-hspacer=\"no_spacer\"  data-halign=\"left\" style=\"text-align:left\"><div class=\"uvc-heading-spacer no_spacer\" style=\"top\"><\/div><div class=\"uvc-main-heading ult-responsive\"  data-ultimate-target='.uvc-heading.ultimate-heading-329269dfe19b30707 h2'  data-responsive-json-new='{\"font-size\":\"desktop:42px;\",\"line-height\":\"desktop:48px;\"}' ><h2 style=\"font-family:&#039;Titillium Web&#039;;font-weight:200;color:#1c75b9;\">Types de balances compteuses<\/h2><\/div><\/div><div id=\"ultimate-heading-282569dfe19b30745\" class=\"uvc-heading ult-adjust-bottom-margin ultimate-heading-282569dfe19b30745 uvc-3572 \" data-hspacer=\"no_spacer\"  data-halign=\"left\" style=\"text-align:left\"><div class=\"uvc-heading-spacer no_spacer\" style=\"top\"><\/div><div class=\"uvc-main-heading ult-responsive\"  data-ultimate-target='.uvc-heading.ultimate-heading-282569dfe19b30745 h2'  data-responsive-json-new='{\"font-size\":\"desktop:34px;\",\"line-height\":\"desktop:36px;\"}' ><h2 style=\"font-family:&#039;Titillium Web&#039;;font-weight:200;color:#6f6f6e;margin-top:30px;margin-bottom:30px;\">Balances compteuses de pi\u00e8ces<\/h2><\/div><\/div>[vc_column_text]Les balances compteuses de pi\u00e8ces telles que la ZZap MS10 comptent uniquement les pi\u00e8ces et les sacs\/rouleaux de pi\u00e8ces. Elles ont g\u00e9n\u00e9ralement une capacit\u00e9 de charge plus \u00e9lev\u00e9e que les balances compteuses, ce qui permet de compter plus de pi\u00e8ces \u00e0 la fois. Les balances compteuses de pi\u00e8ces sont g\u00e9n\u00e9ralement simplistes et n&rsquo;ont pas autant de fonctions que les balances compteuses d&rsquo;argent.[\/vc_column_text][\/vc_column][vc_column offset=\u00a0\u00bbvc_col-lg-7 vc_col-md-7 vc_col-xs-12&Prime;][vc_single_image image=\u00a0\u00bb200209&Prime; img_size=\u00a0\u00bbfull\u00a0\u00bb alignment=\u00a0\u00bbcenter\u00a0\u00bb][\/vc_column][\/vc_row][vc_row content_placement=\u00a0\u00bbtop\u00a0\u00bb css_animation=\u00a0\u00bbfadeIn\u00a0\u00bb][vc_column el_class=\u00a0\u00bbpush-lg-7&Prime; offset=\u00a0\u00bbvc_col-lg-5 vc_col-md-5 vc_col-xs-12&Prime;]<div id=\"ultimate-heading-376369dfe19b3077d\" class=\"uvc-heading ult-adjust-bottom-margin ultimate-heading-376369dfe19b3077d uvc-1465 \" data-hspacer=\"no_spacer\"  data-halign=\"left\" style=\"text-align:left\"><div class=\"uvc-heading-spacer no_spacer\" style=\"top\"><\/div><div class=\"uvc-main-heading ult-responsive\"  data-ultimate-target='.uvc-heading.ultimate-heading-376369dfe19b3077d h2'  data-responsive-json-new='{\"font-size\":\"desktop:34px;\",\"line-height\":\"desktop:36px;\"}' ><h2 style=\"font-family:&#039;Titillium Web&#039;;font-weight:200;color:#6f6f6e;margin-top:30px;margin-bottom:30px;\">Les balances compteuses d'argent<\/h2><\/div><\/div>[vc_column_text]Les balances compteuses telles que la ZZap MS40 comptent les pi\u00e8ces, les billets de banque, les sacs\/rouleaux de pi\u00e8ces et les liasses de billets de banque. Elles comprennent \u00e9galement des fonctions avanc\u00e9es telles que des num\u00e9ros de r\u00e9f\u00e9rence, des tampons de date et d&rsquo;heure et une m\u00e9moire interne pour les rapports de comptage enregistr\u00e9s. Elles sont con\u00e7ues pour \u00eatre des unit\u00e9s tout-en-un qui automatisent l&rsquo;ensemble de votre processus de traitement des esp\u00e8ces.[\/vc_column_text][\/vc_column][vc_column el_class=\u00a0\u00bbpull-lg-5&Prime; offset=\u00a0\u00bbvc_col-lg-7 vc_col-md-7 vc_col-xs-12&Prime;][vc_single_image image=\u00a0\u00bb144682&Prime; img_size=\u00a0\u00bbfull\u00a0\u00bb alignment=\u00a0\u00bbcenter\u00a0\u00bb][\/vc_column][\/vc_row][vc_row full_width=\u00a0\u00bbstretch_row\u00a0\u00bb content_placement=\u00a0\u00bbmiddle\u00a0\u00bb css_animation=\u00a0\u00bbfadeIn\u00a0\u00bb css=\u00a0\u00bb.vc_custom_1489600773749{background-color: #fafafa !important;}\u00a0\u00bb bbvcedo_x_large_css=\u00a0\u00bb.vc_custom_1489600773750{padding-top: 30px !important;padding-bottom: 30px !important;}\u00a0\u00bb bbvcedo_small_css=\u00a0\u00bb.vc_custom_1489600773753{padding-top: 0px !important;padding-bottom: 0px !important;}\u00a0\u00bb][vc_column offset=\u00a0\u00bbvc_col-lg-5 vc_col-md-5 vc_col-xs-12&Prime;]<div id=\"ultimate-heading-238269dfe19b307b2\" class=\"uvc-heading ult-adjust-bottom-margin ultimate-heading-238269dfe19b307b2 uvc-6672 \" data-hspacer=\"no_spacer\"  data-halign=\"left\" style=\"text-align:left\"><div class=\"uvc-heading-spacer no_spacer\" style=\"top\"><\/div><div class=\"uvc-main-heading ult-responsive\"  data-ultimate-target='.uvc-heading.ultimate-heading-238269dfe19b307b2 h2'  data-responsive-json-new='{\"font-size\":\"desktop:42px;\",\"line-height\":\"desktop:48px;\"}' ><h2 style=\"font-family:&#039;Titillium Web&#039;;font-weight:200;color:#1c75b9;margin-bottom:30px;\">Comment fonctionne le comptage par poids<\/h2><\/div><\/div>[vc_column_text]Le comptage par poids repose sur des cellules de charge finement calibr\u00e9es qui g\u00e9n\u00e8rent un signal \u00e9lectrique directement proportionnel au poids mesur\u00e9. La balance a d\u00e9j\u00e0 en m\u00e9moire le poids de chaque devise et d\u00e9nomination install\u00e9e. Elle utilise le signal \u00e9lectrique et les donn\u00e9es de la m\u00e9moire pour compter avec pr\u00e9cision la quantit\u00e9 et la valeur totales.[\/vc_column_text][\/vc_column][vc_column offset=\u00a0\u00bbvc_col-lg-offset-1 vc_col-lg-6 vc_col-md-offset-1 vc_col-md-6 vc_col-xs-12&Prime;][vc_single_image image=\u00a0\u00bb216627&Prime; img_size=\u00a0\u00bbfull\u00a0\u00bb alignment=\u00a0\u00bbcenter\u00a0\u00bb][\/vc_column][\/vc_row][vc_row content_placement=\u00a0\u00bbmiddle\u00a0\u00bb css_animation=\u00a0\u00bbfadeIn\u00a0\u00bb bbvcedo_x_large_css=\u00a0\u00bb.vc_custom_1487010753082{padding-top: 50px !important;padding-bottom: 50px !important;}\u00a0\u00bb][vc_column el_class=\u00a0\u00bbpush-lg-7&Prime; offset=\u00a0\u00bbvc_col-lg-5 vc_col-md-5 vc_col-xs-12&Prime;]<div id=\"ultimate-heading-860869dfe19b307e5\" class=\"uvc-heading ult-adjust-bottom-margin ultimate-heading-860869dfe19b307e5 uvc-4921 \" data-hspacer=\"no_spacer\"  data-halign=\"left\" style=\"text-align:left\"><div class=\"uvc-heading-spacer no_spacer\" style=\"top\"><\/div><div class=\"uvc-main-heading ult-responsive\"  data-ultimate-target='.uvc-heading.ultimate-heading-860869dfe19b307e5 h2'  data-responsive-json-new='{\"font-size\":\"desktop:42px;\",\"line-height\":\"desktop:48px;\"}' ><h2 style=\"font-family:&#039;Titillium Web&#039;;font-weight:200;color:#1c75b9;margin-bottom:30px;\">Les avantages et les inconv\u00e9nients du comptage par poids<\/h2><\/div><\/div>[vc_column_text]Le principal avantage du comptage par poids est qu&rsquo;il permet de compter aussi bien les pi\u00e8ces que les billets, ainsi que les sacs\/rouleaux de pi\u00e8ces et les liasses de billets. Une fois calibr\u00e9es, les balances mon\u00e9taires peuvent m\u00eame compter des articles non mon\u00e9taires tels que des jetons ou des vouchers. Les compteuses de billets et les compteuses de pi\u00e8ces sont limit\u00e9es dans ce sens.<\/p>\n<p>En revanche, les balances mon\u00e9taires sont limit\u00e9es au comptage de pi\u00e8ces et de billets tri\u00e9s. En outre, les compteuses de billets et les compteuses de pi\u00e8ces remplissent des fonctions telles que le comptage par lots et la d\u00e9tection des faux billets. En fin de compte, le meilleur appareil de comptage d\u00e9pend des besoins de l&rsquo;utilisateur.[\/vc_column_text]<div data-enable_animator='' class='wpb_animate_when_almost_visible gambit-css-animation slide-elastic-to-right ' style='-webkit-animation-duration: 2s;-moz-animation-duration: 2s;-ms-animation-duration: 2s;-o-animation-duration: 2s;animation-duration: 2s;opacity: 0;-webkit-animation-delay: 0.1s;-moz-animation-delay: 0.1s;-ms-animation-delay: 0.1s;-o-animation-delay: 0.1s;animation-delay: 0.1s'><div id=\"ultimate-heading-515269dfe19b308f1\" class=\"uvc-heading ult-adjust-bottom-margin ultimate-heading-515269dfe19b308f1 uvc-4349 \" data-hspacer=\"no_spacer\"  data-halign=\"left\" style=\"text-align:left\"><div class=\"uvc-heading-spacer no_spacer\" style=\"top\"><\/div><div class=\"uvc-main-heading ult-responsive\"  data-ultimate-target='.uvc-heading.ultimate-heading-515269dfe19b308f1 h2'  data-responsive-json-new='{\"font-size\":\"desktop:18px;\",\"line-height\":\"desktop:22px;\"}' ><h2 style=\"font-family:&#039;Titillium Web&#039;;font-weight:300;color:#6f6f6e;\">Parfait pour<\/h2><\/div><div class=\"uvc-sub-heading ult-responsive\"  data-ultimate-target='.uvc-heading.ultimate-heading-515269dfe19b308f1 .uvc-sub-heading '  data-responsive-json-new='{\"font-size\":\"desktop:36px;\",\"line-height\":\"\"}'  style=\"font-family:&#039;Titillium Web&#039;;font-weight:200;color:#1c75b9;\">compter les caisses<\/div><\/div><\/div>[\/vc_column][vc_column el_class=\u00a0\u00bbpull-lg-5&Prime; offset=\u00a0\u00bbvc_col-lg-7 vc_col-md-7 vc_col-xs-12&Prime;][vc_single_image image=\u00a0\u00bb144807&Prime; img_size=\u00a0\u00bbfull\u00a0\u00bb alignment=\u00a0\u00bbcenter\u00a0\u00bb][\/vc_column][\/vc_row][vc_row full_width=\u00a0\u00bbstretch_row\u00a0\u00bb content_placement=\u00a0\u00bbmiddle\u00a0\u00bb css_animation=\u00a0\u00bbfadeIn\u00a0\u00bb css=\u00a0\u00bb.vc_custom_1488373607733{background-color: #fafafa !important;}\u00a0\u00bb bbvcedo_x_large_css=\u00a0\u00bb.vc_custom_1488373607734{padding-top: 0px !important;padding-bottom: 0px !important;}\u00a0\u00bb bbvcedo_small_css=\u00a0\u00bb.vc_custom_1488373607737{padding-top: 0px !important;padding-bottom: 0px !important;}\u00a0\u00bb][vc_column offset=\u00a0\u00bbvc_col-lg-5 vc_col-md-5 vc_col-xs-12&Prime;]<div id=\"ultimate-heading-378369dfe19b3093b\" class=\"uvc-heading ult-adjust-bottom-margin ultimate-heading-378369dfe19b3093b uvc-2860 \" data-hspacer=\"no_spacer\"  data-halign=\"left\" style=\"text-align:left\"><div class=\"uvc-heading-spacer no_spacer\" style=\"top\"><\/div><div class=\"uvc-main-heading ult-responsive\"  data-ultimate-target='.uvc-heading.ultimate-heading-378369dfe19b3093b h2'  data-responsive-json-new='{\"font-size\":\"desktop:42px;\",\"line-height\":\"desktop:48px;\"}' ><h2 style=\"font-family:&#039;Titillium Web&#039;;font-weight:200;color:#1c75b9;margin-bottom:30px;\">La fiabilit\u00e9 du comptage par poids<\/h2><\/div><\/div>[vc_column_text]Le comptage de l&rsquo;argent en fonction du poids est un moyen \u00e9prouv\u00e9 de compter les esp\u00e8ces de mani\u00e8re fiable. En outre, les pi\u00e8ces de monnaie et les billets de banque pr\u00e9sentent souvent de l\u00e9g\u00e8res variations de poids car ils sont souill\u00e9s par la salet\u00e9 et l&rsquo;huile. Les balances compteuses de pr\u00e9cision telles que la ZZap MS40 sont programm\u00e9es pour prendre en compte ces variations en utilisant des tol\u00e9rances de poids. Par cons\u00e9quent, les balances compteuses peuvent compter les pi\u00e8ces et les billets de banque rapidement, avec pr\u00e9cision et fiabilit\u00e9.[\/vc_column_text]<div data-enable_animator='' class='wpb_animate_when_almost_visible gambit-css-animation slide-elastic-to-right ' style='-webkit-animation-duration: 2s;-moz-animation-duration: 2s;-ms-animation-duration: 2s;-o-animation-duration: 2s;animation-duration: 2s;opacity: 0;-webkit-animation-delay: 0.1s;-moz-animation-delay: 0.1s;-ms-animation-delay: 0.1s;-o-animation-delay: 0.1s;animation-delay: 0.1s'><div id=\"ultimate-heading-862969dfe19b30a12\" class=\"uvc-heading ult-adjust-bottom-margin ultimate-heading-862969dfe19b30a12 uvc-4866 \" data-hspacer=\"no_spacer\"  data-halign=\"left\" style=\"text-align:left\"><div class=\"uvc-heading-spacer no_spacer\" style=\"top\"><\/div><div class=\"uvc-main-heading ult-responsive\"  data-ultimate-target='.uvc-heading.ultimate-heading-862969dfe19b30a12 h2'  data-responsive-json-new='{\"font-size\":\"desktop:18px;\",\"line-height\":\"desktop:22px;\"}' ><h2 style=\"font-family:&#039;Titillium Web&#039;;font-weight:300;color:#6f6f6e;\">Compte l'argent liquide en<\/h2><\/div><div class=\"uvc-sub-heading ult-responsive\"  data-ultimate-target='.uvc-heading.ultimate-heading-862969dfe19b30a12 .uvc-sub-heading '  data-responsive-json-new='{\"font-size\":\"desktop:36px;\",\"line-height\":\"\"}'  style=\"font-family:&#039;Titillium Web&#039;;font-weight:200;color:#1c75b9;margin-bottom:30px;\">moins d&rsquo;une seconde<\/div><\/div><div id=\"ultimate-heading-377369dfe19b30a4f\" class=\"uvc-heading ult-adjust-bottom-margin ultimate-heading-377369dfe19b30a4f uvc-5068 \" data-hspacer=\"no_spacer\"  data-halign=\"left\" style=\"text-align:left\"><div class=\"uvc-heading-spacer no_spacer\" style=\"top\"><\/div><div class=\"uvc-main-heading ult-responsive\"  data-ultimate-target='.uvc-heading.ultimate-heading-377369dfe19b30a4f h2'  data-responsive-json-new='{\"font-size\":\"desktop:18px;\",\"line-height\":\"desktop:22px;\"}' ><h2 style=\"font-family:&#039;Titillium Web&#039;;font-weight:300;color:#6f6f6e;\">Compte<\/h2><\/div><div class=\"uvc-sub-heading ult-responsive\"  data-ultimate-target='.uvc-heading.ultimate-heading-377369dfe19b30a4f .uvc-sub-heading '  data-responsive-json-new='{\"font-size\":\"desktop:36px;\",\"line-height\":\"\"}'  style=\"font-family:&#039;Titillium Web&#039;;font-weight:200;color:#1c75b9;\">4 devises<\/div><\/div><\/div>[\/vc_column][vc_column offset=\u00a0\u00bbvc_col-lg-offset-1 vc_col-lg-5 vc_col-md-offset-1 vc_col-md-5 vc_col-xs-12&Prime;][vc_single_image image=\u00a0\u00bb194755&Prime; img_size=\u00a0\u00bbfull\u00a0\u00bb alignment=\u00a0\u00bbcenter\u00a0\u00bb][\/vc_column][\/vc_row][vc_row content_placement=\u00a0\u00bbmiddle\u00a0\u00bb css_animation=\u00a0\u00bbfadeIn\u00a0\u00bb][vc_column el_class=\u00a0\u00bbpush-lg-7&Prime; offset=\u00a0\u00bbvc_col-lg-5 vc_col-md-5 vc_col-xs-12&Prime;]<div id=\"ultimate-heading-480169dfe19b30a8e\" class=\"uvc-heading ult-adjust-bottom-margin ultimate-heading-480169dfe19b30a8e uvc-7709 \" data-hspacer=\"no_spacer\"  data-halign=\"left\" style=\"text-align:left\"><div class=\"uvc-heading-spacer no_spacer\" style=\"top\"><\/div><div class=\"uvc-main-heading ult-responsive\"  data-ultimate-target='.uvc-heading.ultimate-heading-480169dfe19b30a8e h2'  data-responsive-json-new='{\"font-size\":\"desktop:42px;\",\"line-height\":\"desktop:48px;\"}' ><h2 style=\"font-family:&#039;Titillium Web&#039;;font-weight:200;color:#1c75b9;margin-bottom:30px;\">Compter les articles non mon\u00e9taires<\/h2><\/div><\/div>[vc_column_text]Certaines compteuses pond\u00e9rales peuvent \u00eatre \u00e9talonn\u00e9es pour compter des articles non mon\u00e9taires qui ont le m\u00eame poids, tels que des jetons, des vouchers, des jetons de casino, des tickets, etc. Une proc\u00e9dure d&rsquo;\u00e9talonnage g\u00e9n\u00e9rale consiste \u00e0 placer un certain nombre d&rsquo;articles sur la balance, puis \u00e0 entrer le nombre d&rsquo;articles dans la balance. A partir de l\u00e0, la balance peut calculer le poids moyen d&rsquo;un article, ce qui lui permet de calculer n&rsquo;importe quel nombre d&rsquo;articles plac\u00e9s sur la balance.[\/vc_column_text][\/vc_column][vc_column el_class=\u00a0\u00bbpull-lg-5&Prime; offset=\u00a0\u00bbvc_col-lg-7 vc_col-md-7 vc_col-xs-12&Prime;][vc_single_image image=\u00a0\u00bb144832&Prime; img_size=\u00a0\u00bbfull\u00a0\u00bb alignment=\u00a0\u00bbcenter\u00a0\u00bb][\/vc_column][\/vc_row][vc_row][vc_column][vc_single_image image=\u00a0\u00bb221062&Prime; img_size=\u00a0\u00bbfull\u00a0\u00bb alignment=\u00a0\u00bbcenter\u00a0\u00bb onclick=\u00a0\u00bbcustom_link\u00a0\u00bb link=\u00a0\u00bbhttps:\/\/www.zzap.com\/shop\/category\/money-counting-scales\/\u00a0\u00bb][\/vc_column][\/vc_row]<\/p>\n<\/div>","protected":false},"excerpt":{"rendered":"<p>[vc_row][vc_column][vc_column_text]Les balances compteuses ZZap sont le meilleur moyen de gagner du temps. Elles ont la capacit\u00e9 unique de compter les pi\u00e8ces, les billets de banque, les rouleaux\/sacs de pi\u00e8ces, les liasses de billets et les articles non mon\u00e9taires. Avant de voir comment elles fonctionnent, voyons les diff\u00e9rents types de balances compteuses.[\/vc_column_text][\/vc_column][\/vc_row][vc_row full_width=\u00a0\u00bbstretch_row\u00a0\u00bb content_placement=\u00a0\u00bbmiddle\u00a0\u00bb css_animation=\u00a0\u00bbfadeIn\u00a0\u00bb css=\u00a0\u00bb.vc_custom_1487009166758{background-color: &hellip; <a href=\"https:\/\/www.zzap.com\/fr\/comment-fonctionnent-les-balances-compteuses-zzap\/\"><button type=\"button\" class=\"btn btn-info btn-md\">En savoir plus<\/button><\/a><\/p>\n","protected":false},"author":2,"featured_media":0,"parent":0,"menu_order":130,"comment_status":"closed","ping_status":"closed","template":"","meta":{"_acf_changed":false,"footnotes":""},"acf":[],"_links":{"self":[{"href":"https:\/\/www.zzap.com\/fr\/wp-json\/wp\/v2\/pages\/220987"}],"collection":[{"href":"https:\/\/www.zzap.com\/fr\/wp-json\/wp\/v2\/pages"}],"about":[{"href":"https:\/\/www.zzap.com\/fr\/wp-json\/wp\/v2\/types\/page"}],"author":[{"embeddable":true,"href":"https:\/\/www.zzap.com\/fr\/wp-json\/wp\/v2\/users\/2"}],"replies":[{"embeddable":true,"href":"https:\/\/www.zzap.com\/fr\/wp-json\/wp\/v2\/comments?post=220987"}],"version-history":[{"count":5,"href":"https:\/\/www.zzap.com\/fr\/wp-json\/wp\/v2\/pages\/220987\/revisions"}],"predecessor-version":[{"id":221343,"href":"https:\/\/www.zzap.com\/fr\/wp-json\/wp\/v2\/pages\/220987\/revisions\/221343"}],"wp:attachment":[{"href":"https:\/\/www.zzap.com\/fr\/wp-json\/wp\/v2\/media?parent=220987"}],"curies":[{"name":"wp","href":"https:\/\/api.w.org\/{rel}","templated":true}]}}