{"id":220932,"date":"2017-02-06T14:57:54","date_gmt":"2017-02-06T14:57:54","guid":{"rendered":"https:\/\/staging.zzap.com\/how-zzap-banknote-counters-work\/"},"modified":"2024-04-08T09:45:18","modified_gmt":"2024-04-08T08:45:18","slug":"comment-fonctionnent-les-compteuses-de-billets-zzap","status":"publish","type":"page","link":"https:\/\/www.zzap.com\/fr\/comment-fonctionnent-les-compteuses-de-billets-zzap\/","title":{"rendered":"Comment fonctionnent les compteuses de billets ZZap ?"},"content":{"rendered":"<div class=\"wpb-content-wrapper\"><p>[vc_row][vc_column]<div id=\"ultimate-heading-148169f39d5b399e0\" class=\"uvc-heading ult-adjust-bottom-margin ultimate-heading-148169f39d5b399e0 uvc-3068 \" data-hspacer=\"no_spacer\"  data-halign=\"left\" style=\"text-align:left\"><div class=\"uvc-heading-spacer no_spacer\" style=\"top\"><\/div><div class=\"uvc-main-heading ult-responsive\"  data-ultimate-target='.uvc-heading.ultimate-heading-148169f39d5b399e0 h2'  data-responsive-json-new='{\"font-size\":\"desktop:55px;\",\"line-height\":\"\"}' ><h2 style=\"font-family:&#039;Titillium Web&#039;;font-weight:200;color:#1c75b9;margin-top:47px;margin-bottom:22px;\">Comment fonctionnent les compteuses de billets ZZap ?<\/h2><\/div><\/div>[vc_column_text]Les compteuses de billets ZZap automatisent le traitement des esp\u00e8ces afin de vous faire gagner du temps et de l&rsquo;argent. Les compteuses de billets \u00e9liminent l&rsquo;erreur humaine et peuvent remplir diverses fonctions telles que la d\u00e9tection des contrefa\u00e7ons, le comptage par lots et le tri. Voyons maintenant comment elles fonctionnent.[\/vc_column_text][\/vc_column][\/vc_row][vc_row full_width=\u00a0\u00bbstretch_row\u00a0\u00bb css=\u00a0\u00bb.vc_custom_1486394948030{padding-top: 15px !important;padding-bottom: 15px !important;background-color: #fafafa !important;}\u00a0\u00bb][vc_column]<div id=\"ultimate-heading-931969f39d5b39aa0\" class=\"uvc-heading ult-adjust-bottom-margin ultimate-heading-931969f39d5b39aa0 uvc-1704 \" data-hspacer=\"no_spacer\"  data-halign=\"center\" style=\"text-align:center\"><div class=\"uvc-heading-spacer no_spacer\" style=\"top\"><\/div><div class=\"uvc-main-heading ult-responsive\"  data-ultimate-target='.uvc-heading.ultimate-heading-931969f39d5b39aa0 h2'  data-responsive-json-new='{\"font-size\":\"desktop:42px;\",\"line-height\":\"\"}' ><h2 style=\"font-family:&#039;Titillium Web&#039;;font-weight:200;color:#1c75b9;margin-bottom:30px;\">Devez-vous trier les billets avant de les compter ?<\/h2><\/div><\/div>[vc_column_text]<\/p>\n<p style=\"text-align: center;\">Toutes les compteuses de billets ZZap peuvent compter des billets tri\u00e9s (une seule d\u00e9nomination). Cependant, les compteuses de billets avanc\u00e9es telles que la ZZap NC60 reconnaissent les diff\u00e9rentes d\u00e9nominations pendant qu&rsquo;elles comptent. Ceci leur permet de compter des billets non tri\u00e9s (d\u00e9nomination mixte) et de rapporter la valeur totale compt\u00e9e ainsi que la quantit\u00e9 totale compt\u00e9e par d\u00e9nomination.<\/p>\n<p>[\/vc_column_text][vc_row_inner content_placement=\u00a0\u00bbbottom\u00a0\u00bb][vc_column_inner width=\u00a0\u00bb1\/2&Prime;][vc_single_image image=\u00a0\u00bb136855&Prime; img_size=\u00a0\u00bbfull\u00a0\u00bb][vc_column_text]<\/p>\n<p style=\"text-align: center; font-size: 13px;\"><a class=\"productRef\" href=\"https:\/\/staging.zzap.com\/fr\/shop\/compteuses-de-billets-fr\/zzap-nc40-compteur-de-billets\/\">ZZap NC40 Compteur de billets<\/a><\/p>\n<p>[\/vc_column_text][\/vc_column_inner][vc_column_inner width=\u00a0\u00bb1\/2&Prime;][vc_single_image image=\u00a0\u00bb139987&Prime; img_size=\u00a0\u00bbfull\u00a0\u00bb][vc_column_text]<\/p>\n<p style=\"text-align: center; font-size: 13px;\"><a class=\"productRef\" href=\"https:\/\/staging.zzap.com\/fr\/shop\/compteuses-de-billets-fr\/zzap-nc60-compteur-de-valeurs\/\">ZZap NC60 Compteur de valeurs\u00a0<\/a><\/p>\n<p>[\/vc_column_text][\/vc_column_inner][\/vc_row_inner][\/vc_column][\/vc_row][vc_row][vc_column]<div id=\"ultimate-heading-351369f39d5b39afe\" class=\"uvc-heading ult-adjust-bottom-margin ultimate-heading-351369f39d5b39afe uvc-7150 \" data-hspacer=\"no_spacer\"  data-halign=\"left\" style=\"text-align:left\"><div class=\"uvc-heading-spacer no_spacer\" style=\"top\"><\/div><div class=\"uvc-main-heading ult-responsive\"  data-ultimate-target='.uvc-heading.ultimate-heading-351369f39d5b39afe h2'  data-responsive-json-new='{\"font-size\":\"desktop:42px;\",\"line-height\":\"\"}' ><h2 style=\"font-family:&#039;Titillium Web&#039;;font-weight:200;color:#1c75b9;margin-bottom:30px;\">Comment fonctionne la d\u00e9tection des faux billets<\/h2><\/div><\/div>[vc_row_inner][vc_column_inner offset=\u00a0\u00bbvc_col-lg-4 vc_col-md-4 vc_col-xs-12&Prime;][vc_column_text]Des \u00e9l\u00e9ments de s\u00e9curit\u00e9 sont int\u00e9gr\u00e9s \u00e0 la devise pour emp\u00eacher la falsification. Lorsque le billet passe dans la machine, divers capteurs v\u00e9rifient la pr\u00e9sence des signes de s\u00e9curit\u00e9.<\/p>\n<p>Les compteuses de billets bas de gamme v\u00e9rifient la pr\u00e9sence de signes de s\u00e9curit\u00e9 simples, tels que les marques UV. Les compteuses de billets haut de gamme, comme la ZZap NC40, v\u00e9rifient des \u00e9l\u00e9ments de s\u00e9curit\u00e9 plus avanc\u00e9s, tels que l&rsquo;infrarouge et le fil m\u00e9tallique. Plus le nombre de caract\u00e9ristiques de s\u00e9curit\u00e9 v\u00e9rifi\u00e9es est \u00e9lev\u00e9, plus la d\u00e9tection des contrefa\u00e7ons est pr\u00e9cise. <a href=\"\/how-zzap-counterfeit-detectors-work\/\">Voir la page sur la d\u00e9tection des contrefa\u00e7ons pour plus d&rsquo;informations.<\/a>[\/vc_column_text][\/vc_column_inner][vc_column_inner offset=\u00a0\u00bbvc_col-lg-8 vc_col-md-8 vc_col-xs-12&Prime;][vc_column_text]<div class=\"counterAnimation\" style=\"zoom: 84%; right: -2px;\"><img decoding=\"async\" src=\"https:\/\/www.zzap.com\/wp-content\/uploads\/2022\/11\/Animation-faux-billet-en-euros1.png\" class=\"bg w-100 show-in-small-screen\"><img decoding=\"async\" src=\"https:\/\/www.zzap.com\/wp-content\/uploads\/2024\/03\/UV.png\" class=\"uv wow fadeInUp\" data-wow-delay=\"0.4s\" style=\"visibility: visible; animation-delay: 0.4s; animation-name: fadeInUp;\"><img decoding=\"async\" src=\"https:\/\/www.zzap.com\/wp-content\/uploads\/2024\/03\/IR.png\" class=\"ir wow fadeInUp\" data-wow-delay=\"0.7s\" style=\"visibility: visible; animation-delay: 0.7s; animation-name: fadeInUp;\"><img decoding=\"async\" src=\"https:\/\/www.zzap.com\/wp-content\/uploads\/2024\/03\/MG.png\" class=\"mg wow fadeInUp\" data-wow-delay=\"1s\" style=\"visibility: visible; animation-delay: 1s; animation-name: fadeInUp;\"><img decoding=\"async\" src=\"https:\/\/www.zzap.com\/wp-content\/themes\/zzap-2017\/dist\/images\/counterfeit_animation\/arrowBottom.png\" class=\"arrowBottom wow fadeInUp\" data-wow-delay=\"2.2s\" style=\"visibility: visible; animation-delay: 2.2s; animation-name: fadeInUp;\"><img decoding=\"async\" src=\"https:\/\/www.zzap.com\/wp-content\/themes\/zzap-2017\/dist\/images\/counterfeit_animation\/arrowTop.png\" class=\"arrowTop wow fadeInDown\" data-wow-delay=\"2.2s\" style=\"visibility: visible; animation-delay: 2.2s; animation-name: fadeInDown;\"><img decoding=\"async\" src=\"https:\/\/www.zzap.com\/wp-content\/uploads\/2024\/03\/Colour-EURO.png\" class=\"spectrum2 wow fadeInUp\" data-wow-delay=\"3.1s\" style=\"visibility: visible; animation-delay: 3.1s; animation-name: fadeInUp;\"><img decoding=\"async\" src=\"https:\/\/www.zzap.com\/wp-content\/uploads\/2024\/03\/Image-1.png\" class=\"camera wow fadeInUp\" data-wow-delay=\"2.8s\" style=\"visibility: visible; animation-delay: 2.5s; animation-name: fadeInUp;\"><img decoding=\"async\" src=\"https:\/\/www.zzap.com\/wp-content\/uploads\/2024\/04\/NS.png\" class=\"sn wow fadeInUp\" data-wow-delay=\"2.5s\" style=\"visibility: visible; animation-delay: 2s; animation-name: fadeInUp;\"><\/div>[\/vc_column_text][\/vc_column_inner][\/vc_row_inner][\/vc_column][\/vc_row][vc_row full_width=\u00a0\u00bbstretch_row\u00a0\u00bb content_placement=\u00a0\u00bbbottom\u00a0\u00bb css=\u00a0\u00bb.vc_custom_1489602996425{background-color: #fafafa !important;}\u00a0\u00bb][vc_column]<div id=\"ultimate-heading-58969f39d5b414ad\" class=\"uvc-heading ult-adjust-bottom-margin ultimate-heading-58969f39d5b414ad uvc-142 \" data-hspacer=\"no_spacer\"  data-halign=\"center\" style=\"text-align:center\"><div class=\"uvc-heading-spacer no_spacer\" style=\"top\"><\/div><div class=\"uvc-main-heading ult-responsive\"  data-ultimate-target='.uvc-heading.ultimate-heading-58969f39d5b414ad h2'  data-responsive-json-new='{\"font-size\":\"desktop:42px;\",\"line-height\":\"\"}' ><h2 style=\"font-family:&#039;Titillium Web&#039;;font-weight:200;color:#1c75b9;margin-bottom:30px;\">La diff\u00e9rence entre les tr\u00e9mies \u00e0 chargement par le haut et par l'arri\u00e8re<\/h2><\/div><\/div>[vc_column_text]<\/p>\n<p style=\"text-align: center;\">La tr\u00e9mie est l&rsquo;endroit o\u00f9 vous placez les billets de banque. Pour utiliser une tr\u00e9mie \u00e0 chargement arri\u00e8re, vous placez les billets dans la tr\u00e9mie \u00e0 la verticale. En revanche, pour utiliser une tr\u00e9mie \u00e0 chargement par le haut, il faut placer les billets \u00e0 l&rsquo;horizontale. Les tr\u00e9mies \u00e0 chargement par le haut sont g\u00e9n\u00e9ralement plus faciles \u00e0 utiliser, ont une plus grande capacit\u00e9 de billets et vous permettent d&rsquo;ajouter des billets dans la tr\u00e9mie pendant qu&rsquo;elle fonctionne, pour un comptage continu.<\/p>\n<p>[\/vc_column_text][vc_row_inner][vc_column_inner width=\u00a0\u00bb1\/2&Prime;][vc_column_text]<\/p>\n<p style=\"text-align: center;\">Tr\u00e9mie \u00e0 chargement par l&rsquo;arri\u00e8re<\/p>\n<p>[\/vc_column_text][vc_single_image image=\u00a0\u00bb134171&Prime; img_size=\u00a0\u00bbfull\u00a0\u00bb][vc_column_text]<\/p>\n<p style=\"text-align: center;\"><a class=\"productRef\" href=\"https:\/\/staging.zzap.com\/fr\/shop\/compteuses-de-billets-fr\/zzap-nc20i-compteur-de-billets\/\">ZZap NC20i Compteur de billets<\/a><\/p>\n<p>[\/vc_column_text][\/vc_column_inner][vc_column_inner width=\u00a0\u00bb1\/2&Prime;][vc_column_text]<\/p>\n<p style=\"text-align: center;\">Tr\u00e9mie \u00e0 chargement par le haut<\/p>\n<p>[\/vc_column_text][vc_single_image image=\u00a0\u00bb138432&Prime; img_size=\u00a0\u00bbfull\u00a0\u00bb][vc_column_text]<\/p>\n<p style=\"text-align: center;\"><a class=\"productRef\" href=\"https:\/\/staging.zzap.com\/fr\/shop\/compteuses-de-billets-fr\/zzap-nc50-compteur-de-valeurs\/\">ZZap NC50 Compteur de valeurs<\/a><\/p>\n<p>[\/vc_column_text][\/vc_column_inner][\/vc_row_inner][\/vc_column][\/vc_row][vc_row content_placement=\u00a0\u00bbmiddle\u00a0\u00bb][vc_column offset=\u00a0\u00bbvc_col-lg-5 vc_col-md-5 vc_col-xs-12&Prime;]<div id=\"ultimate-heading-5969f39d5b41504\" class=\"uvc-heading ult-adjust-bottom-margin ultimate-heading-5969f39d5b41504 uvc-7703 \" data-hspacer=\"no_spacer\"  data-halign=\"left\" style=\"text-align:left\"><div class=\"uvc-heading-spacer no_spacer\" style=\"top\"><\/div><div class=\"uvc-main-heading ult-responsive\"  data-ultimate-target='.uvc-heading.ultimate-heading-5969f39d5b41504 h2'  data-responsive-json-new='{\"font-size\":\"desktop:42px;\",\"line-height\":\"desktop:44px;\"}' ><h2 style=\"font-family:&#039;Titillium Web&#039;;font-weight:200;color:#1c75b9;margin-bottom:30px;\">Comment une compteuse de billets compte-t-elle les billets ?<\/h2><\/div><\/div>[vc_column_text]<\/p>\n<p style=\"text-align: left;\">Lorsque les billets sont plac\u00e9s dans la tr\u00e9mie, le capteur marche\/arr\u00eat les d\u00e9tecte et active le rouleau d&rsquo;alimentation. Au fur et \u00e0 mesure que le rouleau tourne, il achemine le billet du bas de la tr\u00e9mie vers un second rouleau qui tourne \u00e0 une vitesse plus rapide. Des flasques \u00e0 faible frottement sur le second rouleau garantissent qu&rsquo;un seul billet est introduit \u00e0 la fois. \u00c0 ce stade, divers capteurs v\u00e9rifient et comptent le billet. Le billet passe ensuite dans la roue de l&#8217;empileur et tombe proprement dans l&#8217;empileur.<\/p>\n<p>[\/vc_column_text]<div data-enable_animator='' class='wpb_animate_when_almost_visible gambit-css-animation slide-elastic-to-right ' style='-webkit-animation-duration: 2s;-moz-animation-duration: 2s;-ms-animation-duration: 2s;-o-animation-duration: 2s;animation-duration: 2s;opacity: 0;-webkit-animation-delay: 0.1s;-moz-animation-delay: 0.1s;-ms-animation-delay: 0.1s;-o-animation-delay: 0.1s;animation-delay: 0.1s'>[vc_column_text css_animation=\u00a0\u00bbslideInLeft\u00a0\u00bb css=\u00a0\u00bb.vc_custom_1712135205998{margin-top: 0px !important;margin-right: 0px !important;margin-bottom: 0px !important;margin-left: 0px !important;border-top-width: 0px !important;border-right-width: 0px !important;border-bottom-width: 0px !important;border-left-width: 0px !important;padding-top: 0px !important;padding-right: 0px !important;padding-bottom: 0px !important;padding-left: 0px !important;}\u00a0\u00bb]Compte jusqu&rsquo;\u00e0[\/vc_column_text]<\/div><div data-enable_animator='' class='wpb_animate_when_almost_visible gambit-css-animation slide-elastic-to-right ' style='-webkit-animation-duration: 2s;-moz-animation-duration: 2s;-ms-animation-duration: 2s;-o-animation-duration: 2s;animation-duration: 2s;opacity: 0;-webkit-animation-delay: 0.3s;-moz-animation-delay: 0.3s;-ms-animation-delay: 0.3s;-o-animation-delay: 0.3s;animation-delay: 0.3s'>[vc_column_text css_animation=\u00a0\u00bbslideInLeft\u00a0\u00bb el_class=\u00a0\u00bbh2&Prime;]<\/p>\n<h2>1.600 billets par minute<\/h2>\n<p>[\/vc_column_text]<\/div>[\/vc_column][vc_column offset=\u00a0\u00bbvc_col-lg-7 vc_col-md-7 vc_col-xs-12&Prime;][vc_single_image image=\u00a0\u00bb137030&Prime; img_size=\u00a0\u00bbfull\u00a0\u00bb][\/vc_column][\/vc_row][vc_row full_width=\u00a0\u00bbstretch_row\u00a0\u00bb content_placement=\u00a0\u00bbtop\u00a0\u00bb css=\u00a0\u00bb.vc_custom_1486398154950{background-color: #fafafa !important;}\u00a0\u00bb][vc_column el_class=\u00a0\u00bbpush-lg-7&Prime; offset=\u00a0\u00bbvc_col-lg-5 vc_col-md-5 vc_col-xs-12&Prime;]<div id=\"ultimate-heading-835369f39d5b41659\" class=\"uvc-heading ult-adjust-bottom-margin ultimate-heading-835369f39d5b41659 uvc-5315 \" data-hspacer=\"no_spacer\"  data-halign=\"left\" style=\"text-align:left\"><div class=\"uvc-heading-spacer no_spacer\" style=\"top\"><\/div><div class=\"uvc-main-heading ult-responsive\"  data-ultimate-target='.uvc-heading.ultimate-heading-835369f39d5b41659 h2'  data-responsive-json-new='{\"font-size\":\"desktop:42px;\",\"line-height\":\"desktop:44px;\"}' ><h2 style=\"font-family:&#039;Titillium Web&#039;;font-weight:200;color:#1c75b9;margin-top:49px;margin-bottom:30px;\">Fonctionnalit\u00e9 des compteuses de billets<\/h2><\/div><\/div>[vc_column_text]\u00c0 une extr\u00e9mit\u00e9 du spectre, il y a les compteuses de billets qui comptent simplement la quantit\u00e9 de billets tri\u00e9s (une seule d\u00e9nomination). Les compteuses de billets plus sophistiqu\u00e9es comptent \u00e0 des vitesses plus \u00e9lev\u00e9es et utilisent des fonctions telles que le comptage par lots.<\/p>\n<p>\u00c0 l&rsquo;autre extr\u00e9mit\u00e9 du spectre, vous avez des compteuses de billets avanc\u00e9es qui comptent et trient les billets non tri\u00e9s (d\u00e9nomination mixte) et d\u00e9tectent les contrefa\u00e7ons avec une pr\u00e9cision de 100 %.[\/vc_column_text][vc_column_text]<\/p>\n<p style=\"font-size: 13px; text-align: left;\"><a class=\"productRef\" href=\"https:\/\/staging.zzap.com\/fr\/shop\/compteuses-de-billets-fr\/zzap-nc60-compteur-de-valeurs\/\">ZZap NC60 Compteur de valeurs<\/a><\/p>\n<p>[\/vc_column_text][\/vc_column][vc_column el_class=\u00a0\u00bbpull-lg-5&Prime; offset=\u00a0\u00bbvc_col-lg-7 vc_col-md-7 vc_col-xs-12&Prime;][vc_single_image image=\u00a0\u00bb192251&Prime; img_size=\u00a0\u00bbfull\u00a0\u00bb el_class=\u00a0\u00bbxl-image\u00a0\u00bb][\/vc_column][\/vc_row][vc_row content_placement=\u00a0\u00bbmiddle\u00a0\u00bb][vc_column offset=\u00a0\u00bbvc_col-lg-5 vc_col-md-5 vc_col-xs-12&Prime;]<div id=\"ultimate-heading-478569f39d5b416a2\" class=\"uvc-heading ult-adjust-bottom-margin ultimate-heading-478569f39d5b416a2 uvc-559 \" data-hspacer=\"no_spacer\"  data-halign=\"left\" style=\"text-align:left\"><div class=\"uvc-heading-spacer no_spacer\" style=\"top\"><\/div><div class=\"uvc-main-heading ult-responsive\"  data-ultimate-target='.uvc-heading.ultimate-heading-478569f39d5b416a2 h2'  data-responsive-json-new='{\"font-size\":\"desktop:42px;\",\"line-height\":\"desktop:44px;\"}' ><h2 style=\"font-family:&#039;Titillium Web&#039;;font-weight:200;color:#1c75b9;margin-bottom:30px;\">Comment une compteuse de billets trie les billets<\/h2><\/div><\/div>[vc_column_text]Il arrive qu&rsquo;une d\u00e9nomination diff\u00e9rente (ou une fausse d\u00e9nomination) soit plac\u00e9e par erreur dans une pile de billets tri\u00e9s (une seule d\u00e9nomination). Heureusement, les compteuses de billets telles que la ZZap NC20 reconnaissent la taille de chaque billet. Chaque d\u00e9nomination a une taille diff\u00e9rente (sauf le dollar am\u00e9ricain). Par cons\u00e9quent, si une d\u00e9nomination diff\u00e9rente est compt\u00e9e, la ZZap NC20 interrompt le comptage et vous avertit par un signal visuel et sonore.<\/p>\n<p>Les compteuses de billets haut de gamme telles que la ZZap NC70 utilisent des capteurs d&rsquo;image par contact (CIS) avanc\u00e9s qui leur permettent de scanner une image du billet. Cela leur permet de trier les billets en fonction de leur d\u00e9nomination, de leur face et de leur orientation. La ZZap NC70 utilise \u00e9galement 2 empileurs, ce qui lui permet de trier les billets sans s&rsquo;arr\u00eater.[\/vc_column_text][vc_column_text]<\/p>\n<p style=\"font-size: 13px; text-align: left;\"><a class=\"productRef\" href=\"https:\/\/staging.zzap.com\/fr\/shop\/compteuses-de-billets-fr\/zzap-nc70-compteur-de-valeurs\/\">ZZap NC70 Compteur de valeurs<\/a><\/p>\n<p>[\/vc_column_text][\/vc_column][vc_column offset=\u00a0\u00bbvc_col-lg-7 vc_col-md-7 vc_col-xs-12&Prime;][vc_single_image image=\u00a0\u00bb156705&Prime; img_size=\u00a0\u00bbfull\u00a0\u00bb][\/vc_column][\/vc_row][vc_row main_heading=\u00a0\u00bbTypes of money counting scales\u00a0\u00bb main_heading_color=\u00a0\u00bb#1c75b9&Prime; heading_tag=\u00a0\u00bbh2&Prime; sub_heading_color=\u00a0\u00bb\u00a0\u00bb alignment=\u00a0\u00bbleft\u00a0\u00bb spacer=\u00a0\u00bbno_spacer\u00a0\u00bb spacer_position=\u00a0\u00bbtop\u00a0\u00bb spacer_img_width=\u00a0\u00bb48&Prime; line_style=\u00a0\u00bbsolid\u00a0\u00bb line_height=\u00a0\u00bb1&Prime; line_color=\u00a0\u00bb#333333&Prime; icon_type=\u00a0\u00bbselector\u00a0\u00bb icon=\u00a0\u00bb\u00a0\u00bb icon_size=\u00a0\u00bb32&Prime; icon_color=\u00a0\u00bb\u00a0\u00bb icon_style=\u00a0\u00bbnone\u00a0\u00bb icon_color_bg=\u00a0\u00bb\u00a0\u00bb icon_border_style=\u00a0\u00bb\u00a0\u00bb icon_color_border=\u00a0\u00bb#333333&Prime; icon_border_size=\u00a0\u00bb1&Prime; icon_border_radius=\u00a0\u00bb500&Prime; icon_border_spacing=\u00a0\u00bb50&Prime; icon_img=\u00a0\u00bb\u00a0\u00bb img_width=\u00a0\u00bb48&Prime; line_icon_fixer=\u00a0\u00bb10&Prime; main_heading_font_family=\u00a0\u00bbfont_family:Titillium Web|font_call:Titillium+Web|variant:200&Prime; main_heading_style=\u00a0\u00bbfont-weight:200;\u00a0\u00bb main_heading_font_size=\u00a0\u00bbdesktop:42px;\u00a0\u00bb margin_design_tab_text=\u00a0\u00bb\u00a0\u00bb main_heading_line_height=\u00a0\u00bbdesktop:48px;\u00a0\u00bb main_heading_typograpy=\u00a0\u00bb\u00a0\u00bb main_heading_margin=\u00a0\u00bb\u00a0\u00bb sub_heading_typograpy=\u00a0\u00bb\u00a0\u00bb sub_heading_font_family=\u00a0\u00bb\u00a0\u00bb sub_heading_style=\u00a0\u00bb\u00a0\u00bb sub_heading_font_size=\u00a0\u00bb\u00a0\u00bb sub_heading_line_height=\u00a0\u00bb\u00a0\u00bb sub_heading_margin=\u00a0\u00bb\u00a0\u00bb spacer_img=\u00a0\u00bb\u00a0\u00bb line_width=\u00a0\u00bb\u00a0\u00bb spacer_margin=\u00a0\u00bb\u00a0\u00bb notification=\u00a0\u00bb\u00a0\u00bb][vc_column][vc_single_image image=\u00a0\u00bb220953&Prime; img_size=\u00a0\u00bbfull\u00a0\u00bb alignment=\u00a0\u00bbcenter\u00a0\u00bb onclick=\u00a0\u00bbcustom_link\u00a0\u00bb link=\u00a0\u00bbhttps:\/\/staging.zzap.com\/fr\/shop\/category\/compteuses-de-billets-fr\/\u00a0\u00bb][\/vc_column][\/vc_row]<\/p>\n<\/div>","protected":false},"excerpt":{"rendered":"<p>[vc_row][vc_column][vc_column_text]Les compteuses de billets ZZap automatisent le traitement des esp\u00e8ces afin de vous faire gagner du temps et de l&rsquo;argent. Les compteuses de billets \u00e9liminent l&rsquo;erreur humaine et peuvent remplir diverses fonctions telles que la d\u00e9tection des contrefa\u00e7ons, le comptage par lots et le tri. Voyons maintenant comment elles fonctionnent.[\/vc_column_text][\/vc_column][\/vc_row][vc_row full_width=\u00a0\u00bbstretch_row\u00a0\u00bb css=\u00a0\u00bb.vc_custom_1486394948030{padding-top: 15px !important;padding-bottom: 15px &hellip; <a href=\"https:\/\/www.zzap.com\/fr\/comment-fonctionnent-les-compteuses-de-billets-zzap\/\"><button type=\"button\" class=\"btn btn-info btn-md\">En savoir plus<\/button><\/a><\/p>\n","protected":false},"author":2,"featured_media":0,"parent":0,"menu_order":110,"comment_status":"closed","ping_status":"closed","template":"template-how-do-banknotes.php","meta":{"_acf_changed":false,"footnotes":""},"acf":[],"_links":{"self":[{"href":"https:\/\/www.zzap.com\/fr\/wp-json\/wp\/v2\/pages\/220932"}],"collection":[{"href":"https:\/\/www.zzap.com\/fr\/wp-json\/wp\/v2\/pages"}],"about":[{"href":"https:\/\/www.zzap.com\/fr\/wp-json\/wp\/v2\/types\/page"}],"author":[{"embeddable":true,"href":"https:\/\/www.zzap.com\/fr\/wp-json\/wp\/v2\/users\/2"}],"replies":[{"embeddable":true,"href":"https:\/\/www.zzap.com\/fr\/wp-json\/wp\/v2\/comments?post=220932"}],"version-history":[{"count":12,"href":"https:\/\/www.zzap.com\/fr\/wp-json\/wp\/v2\/pages\/220932\/revisions"}],"predecessor-version":[{"id":221341,"href":"https:\/\/www.zzap.com\/fr\/wp-json\/wp\/v2\/pages\/220932\/revisions\/221341"}],"wp:attachment":[{"href":"https:\/\/www.zzap.com\/fr\/wp-json\/wp\/v2\/media?parent=220932"}],"curies":[{"name":"wp","href":"https:\/\/api.w.org\/{rel}","templated":true}]}}