{"id":213241,"date":"2017-02-15T10:28:16","date_gmt":"2017-02-15T10:28:16","guid":{"rendered":"https:\/\/www.zzap.com\/dealer\/"},"modified":"2024-05-17T14:53:00","modified_gmt":"2024-05-17T13:53:00","slug":"revendeur","status":"publish","type":"page","link":"https:\/\/www.zzap.com\/fr\/revendeur\/","title":{"rendered":"Revendeur"},"content":{"rendered":"<p>Ce n&rsquo;est pas pour rien que ZZap est le d\u00e9taillant de produits de transport de fonds qui conna\u00eet la croissance la plus rapide. Nous offrons les meilleurs produits de transport de fonds aux meilleurs prix, le tout avec une garantie leader sur le march\u00e9. Devenir un revendeur officiel de ZZap vous permet de g\u00e9n\u00e9rer instantan\u00e9ment de nouveaux revenus et de mieux r\u00e9pondre aux besoins de vos clients.<\/p>\n","protected":false},"excerpt":{"rendered":"<p>Ce n&rsquo;est pas pour rien que ZZap est le d\u00e9taillant de produits de transport de fonds qui conna\u00eet la croissance la plus rapide. Nous offrons les meilleurs produits de transport de fonds aux meilleurs prix, le tout avec une garantie leader sur le march\u00e9. Devenir un revendeur officiel de ZZap vous permet de g\u00e9n\u00e9rer instantan\u00e9ment &hellip; <a href=\"https:\/\/www.zzap.com\/fr\/revendeur\/\"><button type=\"button\" class=\"btn btn-info btn-md\">En savoir plus<\/button><\/a><\/p>\n","protected":false},"author":2,"featured_media":0,"parent":0,"menu_order":30,"comment_status":"closed","ping_status":"closed","template":"template-dealer.php","meta":{"_acf_changed":false,"footnotes":""},"acf":[],"_links":{"self":[{"href":"https:\/\/www.zzap.com\/fr\/wp-json\/wp\/v2\/pages\/213241"}],"collection":[{"href":"https:\/\/www.zzap.com\/fr\/wp-json\/wp\/v2\/pages"}],"about":[{"href":"https:\/\/www.zzap.com\/fr\/wp-json\/wp\/v2\/types\/page"}],"author":[{"embeddable":true,"href":"https:\/\/www.zzap.com\/fr\/wp-json\/wp\/v2\/users\/2"}],"replies":[{"embeddable":true,"href":"https:\/\/www.zzap.com\/fr\/wp-json\/wp\/v2\/comments?post=213241"}],"version-history":[{"count":9,"href":"https:\/\/www.zzap.com\/fr\/wp-json\/wp\/v2\/pages\/213241\/revisions"}],"predecessor-version":[{"id":231629,"href":"https:\/\/www.zzap.com\/fr\/wp-json\/wp\/v2\/pages\/213241\/revisions\/231629"}],"wp:attachment":[{"href":"https:\/\/www.zzap.com\/fr\/wp-json\/wp\/v2\/media?parent=213241"}],"curies":[{"name":"wp","href":"https:\/\/api.w.org\/{rel}","templated":true}]}}