{"id":221001,"date":"2017-02-14T15:24:06","date_gmt":"2017-02-14T15:24:06","guid":{"rendered":"https:\/\/staging.zzap.com\/how-do-zzap-point-of-sale-safes-work\/"},"modified":"2024-05-30T09:45:38","modified_gmt":"2024-05-30T08:45:38","slug":"como-funcionan-las-cajas-fuertes-de-punto-de-venta-zzap","status":"publish","type":"page","link":"https:\/\/www.zzap.com\/es\/como-funcionan-las-cajas-fuertes-de-punto-de-venta-zzap\/","title":{"rendered":"\u00bfC\u00f3mo funcionan las Cajas Fuertes de Punto de Venta ZZap?"},"content":{"rendered":"<div class=\"wpb-content-wrapper\"><p>[vc_row][vc_column]<div id=\"ultimate-heading-847169e101480bd41\" class=\"uvc-heading ult-adjust-bottom-margin ultimate-heading-847169e101480bd41 uvc-246 \" data-hspacer=\"no_spacer\"  data-halign=\"left\" style=\"text-align:left\"><div class=\"uvc-heading-spacer no_spacer\" style=\"top\"><\/div><div class=\"uvc-main-heading ult-responsive\"  data-ultimate-target='.uvc-heading.ultimate-heading-847169e101480bd41 h1'  data-responsive-json-new='{\"font-size\":\"desktop:55px;\",\"line-height\":\"\"}' ><h1 style=\"font-family:&#039;Titillium Web&#039;;font-weight:200;color:#1c75b9;margin-top:47px;margin-bottom:22px;\">\u00bfC\u00f3mo funcionan las Cajas Fuertes de Punto de Venta ZZap?<\/h1><\/div><\/div>[vc_column_text css=\u00bb\u00bb]<\/p>\n<p style=\"text-align: left;\">Las cajas fuertes ZZap TPV brindan la mejor seguridad para su exceso de efectivo, cheques y otros art\u00edculos en papel de alto valor. Las cajas fuertes TPV reducen el riesgo de robo y hurto interno en el punto de venta. Son una peque\u00f1a inversi\u00f3n que podr\u00eda ahorrarte mucho dinero en el futuro. Echemos un vistazo a c\u00f3mo funcionan.<\/p>\n<p>[\/vc_column_text][\/vc_column][\/vc_row][vc_row full_width=\u00bbstretch_row\u00bb content_placement=\u00bbmiddle\u00bb css=\u00bb.vc_custom_1495660248343{background-color: #fafafa !important;}\u00bb][vc_column offset=\u00bbvc_col-lg-5 vc_col-md-5&#8243;]<div id=\"ultimate-heading-181369e101480bd8e\" class=\"uvc-heading ult-adjust-bottom-margin ultimate-heading-181369e101480bd8e uvc-9614 \" data-hspacer=\"no_spacer\"  data-halign=\"left\" style=\"text-align:left\"><div class=\"uvc-heading-spacer no_spacer\" style=\"top\"><\/div><div class=\"uvc-main-heading ult-responsive\"  data-ultimate-target='.uvc-heading.ultimate-heading-181369e101480bd8e h2'  data-responsive-json-new='{\"font-size\":\"desktop:42px;\",\"line-height\":\"desktop:48px;\"}' ><h2 style=\"font-family:&#039;Titillium Web&#039;;font-weight:200;color:#1c75b9;margin-bottom:30px;\">C\u00f3mo funcionan las cajas fuertes de efectivo en puntos de venta<\/h2><\/div><\/div>[vc_column_text css=\u00bb\u00bb]Simplemente coloque una o m\u00e1s monedas o billetes en la ranura. Luego, los art\u00edculos caer\u00e1n en la caja de efectivo dentro de la caja fuerte. Para acceder a la caja, es necesario abrir la caja fuerte con la llave. Una vez abierta, la caja se puede sacar de la caja fuerte. La caja se puede cerrar con llave y transportar mediante su asa de transporte.[\/vc_column_text]<div data-enable_animator='' class='wpb_animate_when_almost_visible gambit-css-animation slide-elastic-to-right ' style='-webkit-animation-duration: 2s;-moz-animation-duration: 2s;-ms-animation-duration: 2s;-o-animation-duration: 2s;animation-duration: 2s;opacity: 0;-webkit-animation-delay: 0.1s;-moz-animation-delay: 0.1s;-ms-animation-delay: 0.1s;-o-animation-delay: 0.1s;animation-delay: 0.1s'><div id=\"ultimate-heading-582869e101480be4c\" class=\"uvc-heading ult-adjust-bottom-margin ultimate-heading-582869e101480be4c uvc-2489 \" data-hspacer=\"no_spacer\"  data-halign=\"left\" style=\"text-align:left\"><div class=\"uvc-heading-spacer no_spacer\" style=\"top\"><\/div><div class=\"uvc-main-heading ult-responsive\"  data-ultimate-target='.uvc-heading.ultimate-heading-582869e101480be4c h2'  data-responsive-json-new='{\"font-size\":\"desktop:18px;\",\"line-height\":\"desktop:22px;\"}' ><h2 style=\"font-family:&#039;Titillium Web&#039;;font-weight:300;color:#6f6f6e;\">Almacena<\/h2><\/div><div class=\"uvc-sub-heading ult-responsive\"  data-ultimate-target='.uvc-heading.ultimate-heading-582869e101480be4c .uvc-sub-heading '  data-responsive-json-new='{\"font-size\":\"desktop:36px;\",\"line-height\":\"\"}'  style=\"font-family:&#039;Titillium Web&#039;;font-weight:200;color:#1c75b9;\">Monedas y billetes<\/div><\/div><\/div>[\/vc_column][vc_column offset=\u00bbvc_col-lg-7 vc_col-md-7&#8243;][vc_single_image image=\u00bb53626&#8243; img_size=\u00bbfull\u00bb alignment=\u00bbcenter\u00bb][\/vc_column][\/vc_row][vc_row content_placement=\u00bbmiddle\u00bb][vc_column el_class=\u00bbpush-lg-7&#8243; offset=\u00bbvc_col-lg-5 vc_col-md-5&#8243;]<div id=\"ultimate-heading-506269e101480be90\" class=\"uvc-heading ult-adjust-bottom-margin ultimate-heading-506269e101480be90 uvc-106 \" data-hspacer=\"no_spacer\"  data-halign=\"left\" style=\"text-align:left\"><div class=\"uvc-heading-spacer no_spacer\" style=\"top\"><\/div><div class=\"uvc-main-heading ult-responsive\"  data-ultimate-target='.uvc-heading.ultimate-heading-506269e101480be90 h2'  data-responsive-json-new='{\"font-size\":\"desktop:42px;\",\"line-height\":\"desktop:48px;\"}' ><h2 style=\"font-family:&#039;Titillium Web&#039;;font-weight:200;color:#1c75b9;margin-bottom:30px;\">C\u00f3mo funcionan las cajas fuertes para billetes en TPV<\/h2><\/div><\/div>[vc_column_text css=\u00bb\u00bb]Simplemente coloque uno o m\u00e1s billetes en la ranura y luego presione el asa hacia abajo. Al presionar el mango hacia abajo, se empuja una placa accionada por resorte hacia atr\u00e1s, lo que permite que el billete insertado entre en el compartimento de almacenamiento. La placa accionada por resorte se retrae en consecuencia a medida que se colocan m\u00e1s billetes en el compartimento.<\/p>\n<p>Para acceder a los billetes es necesario abrir el compartimento portaobjetos con la llave. Una vez abierto, el compartimento de almacenamiento se puede extraer de la caja fuerte. A continuaci\u00f3n se pueden sacar los billetes del compartimento.[\/vc_column_text][\/vc_column][vc_column el_class=\u00bbpull-lg-5&#8243; offset=\u00bbvc_col-lg-7 vc_col-md-7&#8243;][vc_single_image image=\u00bb183825&#8243; img_size=\u00bbfull\u00bb alignment=\u00bbcenter\u00bb css=\u00bb\u00bb][\/vc_column][\/vc_row][vc_row full_width=\u00bbstretch_row\u00bb content_placement=\u00bbmiddle\u00bb css=\u00bb.vc_custom_1495660261814{background-color: #fafafa !important;}\u00bb][vc_column offset=\u00bbvc_col-lg-5 vc_col-md-5&#8243;]<div id=\"ultimate-heading-537469e101480bece\" class=\"uvc-heading ult-adjust-bottom-margin ultimate-heading-537469e101480bece uvc-5189 \" data-hspacer=\"no_spacer\"  data-halign=\"left\" style=\"text-align:left\"><div class=\"uvc-heading-spacer no_spacer\" style=\"top\"><\/div><div class=\"uvc-main-heading ult-responsive\"  data-ultimate-target='.uvc-heading.ultimate-heading-537469e101480bece h2'  data-responsive-json-new='{\"font-size\":\"desktop:42px;\",\"line-height\":\"desktop:48px;\"}' ><h2 style=\"font-family:&#039;Titillium Web&#039;;font-weight:200;color:#1c75b9;margin-bottom:30px;\">C\u00f3mo montar una caja fuerte para POS de venta libre<\/h2><\/div><\/div>[vc_column_text css=\u00bb\u00bb]Las cajas fuertes para puntos de venta de mostrador, como la ZZap S20, se pueden montar de forma segura en la parte superior de una superficie fija. La parte inferior de la caja fuerte incorpora peque\u00f1os orificios para pernos en cada esquina, lo que permite montar la caja fuerte utilizando las tuercas y pernos incluidos. Una vez montada, la caja fuerte no se puede mover ni abrir sin la llave.[\/vc_column_text][\/vc_column][vc_column offset=\u00bbvc_col-lg-7 vc_col-md-7&#8243;][vc_single_image image=\u00bb53674&#8243; img_size=\u00bbfull\u00bb alignment=\u00bbcenter\u00bb][\/vc_column][\/vc_row][vc_row content_placement=\u00bbmiddle\u00bb css=\u00bb.vc_custom_1488710763406{margin-top: 0px !important;border-bottom-width: 0px !important;padding-top: 0px !important;padding-bottom: 0px !important;}\u00bb bbvcedo_x_large_css=\u00bb.vc_custom_1488710763407{margin-top: 0px !important;padding-top: 0px !important;}\u00bb][vc_column el_class=\u00bbpush-lg-7&#8243; offset=\u00bbvc_col-lg-5 vc_col-md-5&#8243;]<div id=\"ultimate-heading-908269e101480bf02\" class=\"uvc-heading ult-adjust-bottom-margin ultimate-heading-908269e101480bf02 uvc-2677 \" data-hspacer=\"no_spacer\"  data-halign=\"left\" style=\"text-align:left\"><div class=\"uvc-heading-spacer no_spacer\" style=\"top\"><\/div><div class=\"uvc-main-heading ult-responsive\"  data-ultimate-target='.uvc-heading.ultimate-heading-908269e101480bf02 h2'  data-responsive-json-new='{\"font-size\":\"desktop:42px;\",\"line-height\":\"desktop:48px;\"}' ><h2 style=\"font-family:&#039;Titillium Web&#039;;font-weight:200;color:#1c75b9;margin-bottom:30px;\">C\u00f3mo montar una caja fuerte para punto de venta debajo del mostrador<\/h2><\/div><\/div>[vc_column_text css=\u00bb\u00bb]Las cajas fuertes para puntos de venta bajo mostrador, como la ZZap S10, se pueden montar de forma segura en la parte inferior de una superficie fija. El soporte de extracci\u00f3n en la parte superior de la caja fuerte incorpora peque\u00f1os orificios para tornillos en cada esquina. El soporte se puede fijar a la parte inferior de una superficie r\u00edgida (normalmente una encimera) utilizando los tornillos incluidos. A continuaci\u00f3n se puede deslizar la caja fuerte en el soporte y bloquearla con la llave.[\/vc_column_text]<div data-enable_animator='' class='wpb_animate_when_almost_visible gambit-css-animation slide-elastic-to-right ' style='-webkit-animation-duration: 2s;-moz-animation-duration: 2s;-ms-animation-duration: 2s;-o-animation-duration: 2s;animation-duration: 2s;opacity: 0;-webkit-animation-delay: 0.1s;-moz-animation-delay: 0.1s;-ms-animation-delay: 0.1s;-o-animation-delay: 0.1s;animation-delay: 0.1s'><div id=\"ultimate-heading-384269e101480bf9c\" class=\"uvc-heading ult-adjust-bottom-margin ultimate-heading-384269e101480bf9c uvc-4599 \" data-hspacer=\"no_spacer\"  data-halign=\"left\" style=\"text-align:left\"><div class=\"uvc-heading-spacer no_spacer\" style=\"top\"><\/div><div class=\"uvc-main-heading ult-responsive\"  data-ultimate-target='.uvc-heading.ultimate-heading-384269e101480bf9c h2'  data-responsive-json-new='{\"font-size\":\"desktop:18px;\",\"line-height\":\"desktop:22px;\"}' ><h2 style=\"font-family:&#039;Titillium Web&#039;;font-weight:300;color:#6f6f6e;\">Cerca de su caja registradora pero<\/h2><\/div><div class=\"uvc-sub-heading ult-responsive\"  data-ultimate-target='.uvc-heading.ultimate-heading-384269e101480bf9c .uvc-sub-heading '  data-responsive-json-new='{\"font-size\":\"desktop:36px;\",\"line-height\":\"\"}'  style=\"font-family:&#039;Titillium Web&#039;;font-weight:200;color:#1c75b9;\">fuera de la vista<\/div><\/div><\/div>[\/vc_column][vc_column el_class=\u00bbpull-lg-5&#8243; css=\u00bb.vc_custom_1496416615191{margin-top: 0px !important;margin-bottom: 0px !important;padding-top: 0px !important;padding-bottom: 0px !important;}\u00bb offset=\u00bbvc_col-lg-7 vc_col-md-7&#8243;][vc_single_image image=\u00bb53698&#8243; img_size=\u00bbfull\u00bb alignment=\u00bbcenter\u00bb css=\u00bb.vc_custom_1488710792866{margin-top: 0px !important;margin-right: 0px !important;margin-bottom: 0px !important;margin-left: 0px !important;border-top-width: 0px !important;border-right-width: 0px !important;border-bottom-width: 0px !important;border-left-width: 0px !important;padding-top: 0px !important;padding-right: 20px !important;padding-bottom: 0px !important;padding-left: 0px !important;}\u00bb][\/vc_column][\/vc_row][vc_row][vc_column][vc_single_image image=\u00bb234614&#8243; img_size=\u00bbfull\u00bb alignment=\u00bbcenter\u00bb onclick=\u00bbcustom_link\u00bb css=\u00bb\u00bb link=\u00bbhttps:\/\/www.zzap.com\/es\/shop\/category\/zzap-cajas-fuertes-para-puntos-de-venta-tpv\/\u00bb][\/vc_column][\/vc_row]<\/p>\n<\/div>","protected":false},"excerpt":{"rendered":"<p>[vc_row][vc_column][vc_column_text css=\u00bb\u00bb] Las cajas fuertes ZZap TPV brindan la mejor seguridad para su exceso de efectivo, cheques y otros art\u00edculos en papel de alto valor. Las cajas fuertes TPV reducen el riesgo de robo y hurto interno en el punto de venta. Son una peque\u00f1a inversi\u00f3n que podr\u00eda ahorrarte mucho dinero en el futuro. Echemos &hellip; <a href=\"https:\/\/www.zzap.com\/es\/como-funcionan-las-cajas-fuertes-de-punto-de-venta-zzap\/\"><button type=\"button\" class=\"btn btn-info btn-md\">Leer m\u00e1s<\/button><\/a><\/p>\n","protected":false},"author":2,"featured_media":0,"parent":0,"menu_order":150,"comment_status":"closed","ping_status":"closed","template":"","meta":{"_acf_changed":false,"footnotes":""},"acf":[],"_links":{"self":[{"href":"https:\/\/www.zzap.com\/es\/wp-json\/wp\/v2\/pages\/221001"}],"collection":[{"href":"https:\/\/www.zzap.com\/es\/wp-json\/wp\/v2\/pages"}],"about":[{"href":"https:\/\/www.zzap.com\/es\/wp-json\/wp\/v2\/types\/page"}],"author":[{"embeddable":true,"href":"https:\/\/www.zzap.com\/es\/wp-json\/wp\/v2\/users\/2"}],"replies":[{"embeddable":true,"href":"https:\/\/www.zzap.com\/es\/wp-json\/wp\/v2\/comments?post=221001"}],"version-history":[{"count":5,"href":"https:\/\/www.zzap.com\/es\/wp-json\/wp\/v2\/pages\/221001\/revisions"}],"predecessor-version":[{"id":234643,"href":"https:\/\/www.zzap.com\/es\/wp-json\/wp\/v2\/pages\/221001\/revisions\/234643"}],"wp:attachment":[{"href":"https:\/\/www.zzap.com\/es\/wp-json\/wp\/v2\/media?parent=221001"}],"curies":[{"name":"wp","href":"https:\/\/api.w.org\/{rel}","templated":true}]}}