{"id":220989,"date":"2017-02-13T16:45:41","date_gmt":"2017-02-13T16:45:41","guid":{"rendered":"https:\/\/staging.zzap.com\/how-do-zzap-money-counting-scales-work\/"},"modified":"2024-05-30T09:39:18","modified_gmt":"2024-05-30T08:39:18","slug":"como-funcionan-las-balanzas-contadoras-de-dinero-zzap","status":"publish","type":"page","link":"https:\/\/www.zzap.com\/es\/como-funcionan-las-balanzas-contadoras-de-dinero-zzap\/","title":{"rendered":"\u00bfC\u00f3mo Funcionan las Balanzas Contadoras de Dinero ZZap?"},"content":{"rendered":"<div class=\"wpb-content-wrapper\"><p>[vc_row][vc_column]<div id=\"ultimate-heading-145569f8bd8eda504\" class=\"uvc-heading ult-adjust-bottom-margin ultimate-heading-145569f8bd8eda504 uvc-2955 \" data-hspacer=\"no_spacer\"  data-halign=\"left\" style=\"text-align:left\"><div class=\"uvc-heading-spacer no_spacer\" style=\"top\"><\/div><div class=\"uvc-main-heading ult-responsive\"  data-ultimate-target='.uvc-heading.ultimate-heading-145569f8bd8eda504 h1'  data-responsive-json-new='{\"font-size\":\"desktop:55px;\",\"line-height\":\"\"}' ><h1 style=\"font-family:&#039;Titillium Web&#039;;font-weight:200;color:#1c75b9;margin-top:47px;margin-bottom:22px;\">\u00bfC\u00f3mo Funcionan las Balanzas Contadoras de Dinero ZZap?<\/h1><\/div><\/div>[vc_column_text css=\u00bb\u00bb]<\/p>\n<p style=\"text-align: left;\">Las balanzas contadoras de dinero ZZap son lo \u00faltimo en ahorro de tiempo. Tienen la capacidad \u00fanica de contar monedas, billetes, rollos\/bolsas de monedas, fajos de billetes y art\u00edculos no monetarios. Antes de ver c\u00f3mo funcionan, echemos un vistazo a los diferentes tipos de balanzas contadoras de dinero.<\/p>\n<p>[\/vc_column_text][\/vc_column][\/vc_row][vc_row full_width=\u00bbstretch_row\u00bb content_placement=\u00bbmiddle\u00bb css_animation=\u00bbfadeIn\u00bb css=\u00bb.vc_custom_1487009166758{background-color: #fafafa !important;}\u00bb][vc_column offset=\u00bbvc_col-lg-5 vc_col-md-5 vc_col-xs-12&#8243;]<div id=\"ultimate-heading-99869f8bd8eda558\" class=\"uvc-heading ult-adjust-bottom-margin ultimate-heading-99869f8bd8eda558 uvc-8851 \" data-hspacer=\"no_spacer\"  data-halign=\"left\" style=\"text-align:left\"><div class=\"uvc-heading-spacer no_spacer\" style=\"top\"><\/div><div class=\"uvc-main-heading ult-responsive\"  data-ultimate-target='.uvc-heading.ultimate-heading-99869f8bd8eda558 h2'  data-responsive-json-new='{\"font-size\":\"desktop:42px;\",\"line-height\":\"desktop:48px;\"}' ><h2 style=\"font-family:&#039;Titillium Web&#039;;font-weight:200;color:#1c75b9;\">Tipos de balanzas contadoras de dinero<\/h2><\/div><\/div><div id=\"ultimate-heading-372769f8bd8eda595\" class=\"uvc-heading ult-adjust-bottom-margin ultimate-heading-372769f8bd8eda595 uvc-6824 \" data-hspacer=\"no_spacer\"  data-halign=\"left\" style=\"text-align:left\"><div class=\"uvc-heading-spacer no_spacer\" style=\"top\"><\/div><div class=\"uvc-main-heading ult-responsive\"  data-ultimate-target='.uvc-heading.ultimate-heading-372769f8bd8eda595 h2'  data-responsive-json-new='{\"font-size\":\"desktop:34px;\",\"line-height\":\"desktop:36px;\"}' ><h2 style=\"font-family:&#039;Titillium Web&#039;;font-weight:200;color:#6f6f6e;margin-top:30px;margin-bottom:30px;\">Balanzas contadoras de monedas<\/h2><\/div><\/div>[vc_column_text css=\u00bb\u00bb]Las balanzas contadoras de monedas como la ZZap MS10 solo cuentan monedas y bolsas\/rollos de monedas. Suelen tener una mayor capacidad de carga que las balanzas contadoras de dinero, por lo que es posible contar m\u00e1s monedas a la vez. Las balanzas contadoras de monedas suelen ser sencillas y no disponen de tantas funciones como las balanzas contadoras de dinero.[\/vc_column_text][\/vc_column][vc_column offset=\u00bbvc_col-lg-7 vc_col-md-7 vc_col-xs-12&#8243;][vc_single_image image=\u00bb201764&#8243; img_size=\u00bbfull\u00bb alignment=\u00bbcenter\u00bb css=\u00bb\u00bb][\/vc_column][\/vc_row][vc_row content_placement=\u00bbtop\u00bb css_animation=\u00bbfadeIn\u00bb][vc_column el_class=\u00bbpush-lg-7&#8243; offset=\u00bbvc_col-lg-5 vc_col-md-5 vc_col-xs-12&#8243;]<div id=\"ultimate-heading-587469f8bd8eda5cd\" class=\"uvc-heading ult-adjust-bottom-margin ultimate-heading-587469f8bd8eda5cd uvc-6987 \" data-hspacer=\"no_spacer\"  data-halign=\"left\" style=\"text-align:left\"><div class=\"uvc-heading-spacer no_spacer\" style=\"top\"><\/div><div class=\"uvc-main-heading ult-responsive\"  data-ultimate-target='.uvc-heading.ultimate-heading-587469f8bd8eda5cd h2'  data-responsive-json-new='{\"font-size\":\"desktop:34px;\",\"line-height\":\"desktop:36px;\"}' ><h2 style=\"font-family:&#039;Titillium Web&#039;;font-weight:200;color:#6f6f6e;margin-top:30px;margin-bottom:30px;\">Balanzas contadoras de dinero<\/h2><\/div><\/div>[vc_column_text css=\u00bb\u00bb]Las balanzas contadoras de dinero como la ZZap MS40 cuentan monedas, billetes, bolsas\/rollos de monedas y fajos de billetes. Tambi\u00e9n incluyen funciones avanzadas como n\u00fameros de referencia, sellos de fecha\/hora y una memoria interna para guardar informes de recuento. Est\u00e1n dise\u00f1adas como unidades \u00abtodo en uno\u00bb que automatizan todo el proceso de tratamiento del efectivo.[\/vc_column_text][\/vc_column][vc_column el_class=\u00bbpull-lg-5&#8243; offset=\u00bbvc_col-lg-7 vc_col-md-7 vc_col-xs-12&#8243;][vc_single_image image=\u00bb171550&#8243; img_size=\u00bbfull\u00bb alignment=\u00bbcenter\u00bb css=\u00bb\u00bb][\/vc_column][\/vc_row][vc_row full_width=\u00bbstretch_row\u00bb content_placement=\u00bbmiddle\u00bb css_animation=\u00bbfadeIn\u00bb css=\u00bb.vc_custom_1489600773749{background-color: #fafafa !important;}\u00bb bbvcedo_x_large_css=\u00bb.vc_custom_1489600773750{padding-top: 30px !important;padding-bottom: 30px !important;}\u00bb bbvcedo_small_css=\u00bb.vc_custom_1489600773753{padding-top: 0px !important;padding-bottom: 0px !important;}\u00bb][vc_column offset=\u00bbvc_col-lg-5 vc_col-md-5 vc_col-xs-12&#8243;]<div id=\"ultimate-heading-701669f8bd8eda602\" class=\"uvc-heading ult-adjust-bottom-margin ultimate-heading-701669f8bd8eda602 uvc-1724 \" data-hspacer=\"no_spacer\"  data-halign=\"left\" style=\"text-align:left\"><div class=\"uvc-heading-spacer no_spacer\" style=\"top\"><\/div><div class=\"uvc-main-heading ult-responsive\"  data-ultimate-target='.uvc-heading.ultimate-heading-701669f8bd8eda602 h2'  data-responsive-json-new='{\"font-size\":\"desktop:42px;\",\"line-height\":\"desktop:48px;\"}' ><h2 style=\"font-family:&#039;Titillium Web&#039;;font-weight:200;color:#1c75b9;margin-bottom:30px;\">C\u00f3mo funciona el recuento por peso<\/h2><\/div><\/div>[vc_column_text css=\u00bb\u00bb]El recuento por eso se basa en c\u00e9lulas de carga minuciosamente calibradas que generan una se\u00f1al el\u00e9ctrica directamente proporcional al peso medido. La balanza ya tiene en la memoria los pesos de cada divisa y denominaci\u00f3n instalada. Utiliza la se\u00f1al el\u00e9ctrica y los datos de la memoria para contar con precisi\u00f3n la cantidad y el valor totales.[\/vc_column_text][\/vc_column][vc_column offset=\u00bbvc_col-lg-offset-1 vc_col-lg-6 vc_col-md-offset-1 vc_col-md-6 vc_col-xs-12&#8243;][vc_single_image image=\u00bb234400&#8243; img_size=\u00bbfull\u00bb alignment=\u00bbcenter\u00bb css=\u00bb\u00bb][\/vc_column][\/vc_row][vc_row content_placement=\u00bbmiddle\u00bb css_animation=\u00bbfadeIn\u00bb bbvcedo_x_large_css=\u00bb.vc_custom_1487010753082{padding-top: 50px !important;padding-bottom: 50px !important;}\u00bb][vc_column el_class=\u00bbpush-lg-7&#8243; offset=\u00bbvc_col-lg-5 vc_col-md-5 vc_col-xs-12&#8243;]<div id=\"ultimate-heading-156369f8bd8eda635\" class=\"uvc-heading ult-adjust-bottom-margin ultimate-heading-156369f8bd8eda635 uvc-4899 \" data-hspacer=\"no_spacer\"  data-halign=\"left\" style=\"text-align:left\"><div class=\"uvc-heading-spacer no_spacer\" style=\"top\"><\/div><div class=\"uvc-main-heading ult-responsive\"  data-ultimate-target='.uvc-heading.ultimate-heading-156369f8bd8eda635 h2'  data-responsive-json-new='{\"font-size\":\"desktop:42px;\",\"line-height\":\"desktop:48px;\"}' ><h2 style=\"font-family:&#039;Titillium Web&#039;;font-weight:200;color:#1c75b9;margin-bottom:30px;\">Ventajas e inconvenientes del recuento por peso<\/h2><\/div><\/div>[vc_column_text css=\u00bb\u00bb]La principal ventaja del recuento por peso es que se pueden contar tanto las monedas como los billetes, as\u00ed como las bolsas\/rollos de monedas y los fajos de billetes. Una vez calibradas, las balanzas de dinero pueden incluso contar art\u00edculos no monetarios, como fichas o vales. Las contadoras de billetes y las contadoras de monedas est\u00e1n limitadas en este sentido.<\/p>\n<p>En cambio, las balanzas monetarias se limitan a contar monedas y billetes clasificados. Adem\u00e1s, las contadoras de billetes y las contadoras de monedas realizan funciones como el recuento de lotes y la detecci\u00f3n de falsificaciones. En definitiva, el mejor dispositivo de recuento depende de las necesidades del usuario.[\/vc_column_text]<div data-enable_animator='' class='wpb_animate_when_almost_visible gambit-css-animation slide-elastic-to-right ' style='-webkit-animation-duration: 2s;-moz-animation-duration: 2s;-ms-animation-duration: 2s;-o-animation-duration: 2s;animation-duration: 2s;opacity: 0;-webkit-animation-delay: 0.1s;-moz-animation-delay: 0.1s;-ms-animation-delay: 0.1s;-o-animation-delay: 0.1s;animation-delay: 0.1s'><div id=\"ultimate-heading-172969f8bd8eda721\" class=\"uvc-heading ult-adjust-bottom-margin ultimate-heading-172969f8bd8eda721 uvc-169 \" data-hspacer=\"no_spacer\"  data-halign=\"left\" style=\"text-align:left\"><div class=\"uvc-heading-spacer no_spacer\" style=\"top\"><\/div><div class=\"uvc-main-heading ult-responsive\"  data-ultimate-target='.uvc-heading.ultimate-heading-172969f8bd8eda721 h2'  data-responsive-json-new='{\"font-size\":\"desktop:18px;\",\"line-height\":\"desktop:22px;\"}' ><h2 style=\"font-family:&#039;Titillium Web&#039;;font-weight:300;color:#6f6f6e;\">Perfecta para<\/h2><\/div><div class=\"uvc-sub-heading ult-responsive\"  data-ultimate-target='.uvc-heading.ultimate-heading-172969f8bd8eda721 .uvc-sub-heading '  data-responsive-json-new='{\"font-size\":\"desktop:36px;\",\"line-height\":\"\"}'  style=\"font-family:&#039;Titillium Web&#039;;font-weight:200;color:#1c75b9;\">Recuento de Cajones de Efectivo<\/div><\/div><\/div>[\/vc_column][vc_column el_class=\u00bbpull-lg-5&#8243; offset=\u00bbvc_col-lg-7 vc_col-md-7 vc_col-xs-12&#8243;][vc_single_image image=\u00bb171675&#8243; img_size=\u00bbfull\u00bb alignment=\u00bbcenter\u00bb css=\u00bb\u00bb][\/vc_column][\/vc_row][vc_row full_width=\u00bbstretch_row\u00bb content_placement=\u00bbmiddle\u00bb css_animation=\u00bbfadeIn\u00bb css=\u00bb.vc_custom_1488373607733{background-color: #fafafa !important;}\u00bb bbvcedo_x_large_css=\u00bb.vc_custom_1488373607734{padding-top: 0px !important;padding-bottom: 0px !important;}\u00bb bbvcedo_small_css=\u00bb.vc_custom_1488373607737{padding-top: 0px !important;padding-bottom: 0px !important;}\u00bb][vc_column offset=\u00bbvc_col-lg-5 vc_col-md-5 vc_col-xs-12&#8243;]<div id=\"ultimate-heading-127069f8bd8eda777\" class=\"uvc-heading ult-adjust-bottom-margin ultimate-heading-127069f8bd8eda777 uvc-6190 \" data-hspacer=\"no_spacer\"  data-halign=\"left\" style=\"text-align:left\"><div class=\"uvc-heading-spacer no_spacer\" style=\"top\"><\/div><div class=\"uvc-main-heading ult-responsive\"  data-ultimate-target='.uvc-heading.ultimate-heading-127069f8bd8eda777 h2'  data-responsive-json-new='{\"font-size\":\"desktop:42px;\",\"line-height\":\"desktop:48px;\"}' ><h2 style=\"font-family:&#039;Titillium Web&#039;;font-weight:200;color:#1c75b9;margin-bottom:30px;\">La fiabilidad del recuento por peso<\/h2><\/div><\/div>[vc_column_text css=\u00bb\u00bb]El recuento de dinero por peso es una forma probada de contar el efectivo de forma fiable. Adem\u00e1s, las denominaciones de las monedas y los billetes suelen presentar ligeras variaciones de peso, ya que recogen la suciedad y el aceite. Las balanzas contadoras de dinero de precisi\u00f3n, como la ZZap MS40, est\u00e1n programadas para tener en cuenta estas variaciones mediante tolerancias de peso. Como resultado, las balanzas contadoras de dinero pueden contar monedas y billetes de forma r\u00e1pida, precisa y fiable.[\/vc_column_text]<div data-enable_animator='' class='wpb_animate_when_almost_visible gambit-css-animation slide-elastic-to-right ' style='-webkit-animation-duration: 2s;-moz-animation-duration: 2s;-ms-animation-duration: 2s;-o-animation-duration: 2s;animation-duration: 2s;opacity: 0;-webkit-animation-delay: 0.1s;-moz-animation-delay: 0.1s;-ms-animation-delay: 0.1s;-o-animation-delay: 0.1s;animation-delay: 0.1s'><div id=\"ultimate-heading-213969f8bd8eda815\" class=\"uvc-heading ult-adjust-bottom-margin ultimate-heading-213969f8bd8eda815 uvc-1488 \" data-hspacer=\"no_spacer\"  data-halign=\"left\" style=\"text-align:left\"><div class=\"uvc-heading-spacer no_spacer\" style=\"top\"><\/div><div class=\"uvc-main-heading ult-responsive\"  data-ultimate-target='.uvc-heading.ultimate-heading-213969f8bd8eda815 h2'  data-responsive-json-new='{\"font-size\":\"desktop:18px;\",\"line-height\":\"desktop:22px;\"}' ><h2 style=\"font-family:&#039;Titillium Web&#039;;font-weight:300;color:#6f6f6e;\">Cuenta efectivo en<\/h2><\/div><div class=\"uvc-sub-heading ult-responsive\"  data-ultimate-target='.uvc-heading.ultimate-heading-213969f8bd8eda815 .uvc-sub-heading '  data-responsive-json-new='{\"font-size\":\"desktop:36px;\",\"line-height\":\"\"}'  style=\"font-family:&#039;Titillium Web&#039;;font-weight:200;color:#1c75b9;margin-bottom:30px;\">menos de un segundo<\/div><\/div><div id=\"ultimate-heading-464469f8bd8eda851\" class=\"uvc-heading ult-adjust-bottom-margin ultimate-heading-464469f8bd8eda851 uvc-6168 \" data-hspacer=\"no_spacer\"  data-halign=\"left\" style=\"text-align:left\"><div class=\"uvc-heading-spacer no_spacer\" style=\"top\"><\/div><div class=\"uvc-main-heading ult-responsive\"  data-ultimate-target='.uvc-heading.ultimate-heading-464469f8bd8eda851 h2'  data-responsive-json-new='{\"font-size\":\"desktop:18px;\",\"line-height\":\"desktop:22px;\"}' ><h2 style=\"font-family:&#039;Titillium Web&#039;;font-weight:300;color:#6f6f6e;\">Cuenta<\/h2><\/div><div class=\"uvc-sub-heading ult-responsive\"  data-ultimate-target='.uvc-heading.ultimate-heading-464469f8bd8eda851 .uvc-sub-heading '  data-responsive-json-new='{\"font-size\":\"desktop:36px;\",\"line-height\":\"\"}'  style=\"font-family:&#039;Titillium Web&#039;;font-weight:200;color:#1c75b9;\">4 divisas<\/div><\/div><\/div>[\/vc_column][vc_column offset=\u00bbvc_col-lg-offset-1 vc_col-lg-5 vc_col-md-offset-1 vc_col-md-5 vc_col-xs-12&#8243;][vc_single_image image=\u00bb194905&#8243; img_size=\u00bbfull\u00bb alignment=\u00bbcenter\u00bb css=\u00bb\u00bb][\/vc_column][\/vc_row][vc_row content_placement=\u00bbmiddle\u00bb css_animation=\u00bbfadeIn\u00bb][vc_column el_class=\u00bbpush-lg-7&#8243; offset=\u00bbvc_col-lg-5 vc_col-md-5 vc_col-xs-12&#8243;]<div id=\"ultimate-heading-455869f8bd8eda890\" class=\"uvc-heading ult-adjust-bottom-margin ultimate-heading-455869f8bd8eda890 uvc-1321 \" data-hspacer=\"no_spacer\"  data-halign=\"left\" style=\"text-align:left\"><div class=\"uvc-heading-spacer no_spacer\" style=\"top\"><\/div><div class=\"uvc-main-heading ult-responsive\"  data-ultimate-target='.uvc-heading.ultimate-heading-455869f8bd8eda890 h2'  data-responsive-json-new='{\"font-size\":\"desktop:42px;\",\"line-height\":\"desktop:48px;\"}' ><h2 style=\"font-family:&#039;Titillium Web&#039;;font-weight:200;color:#1c75b9;margin-bottom:30px;\">Recuento de art\u00edculos no monetarios<\/h2><\/div><\/div>[vc_column_text css=\u00bb\u00bb]Algunas contadoras de peso pueden calibrarse para contar art\u00edculos no monetarios que tienen el mismo peso, como fichas, vales, fichas de casino, tickets, etc. Un procedimiento general de calibraci\u00f3n consistir\u00eda en colocar una serie de art\u00edculos en la balanza y luego introducir en ella el n\u00famero de art\u00edculos. A partir de ah\u00ed, la balanza puede calcular el peso medio de un art\u00edculo, lo que le permite calcular cualquier n\u00famero de art\u00edculos colocados en la balanza.[\/vc_column_text][\/vc_column][vc_column el_class=\u00bbpull-lg-5&#8243; offset=\u00bbvc_col-lg-7 vc_col-md-7 vc_col-xs-12&#8243;][vc_single_image image=\u00bb171700&#8243; img_size=\u00bbfull\u00bb alignment=\u00bbcenter\u00bb css=\u00bb\u00bb][\/vc_column][\/vc_row][vc_row][vc_column][vc_single_image image=\u00bb234554&#8243; img_size=\u00bbfull\u00bb alignment=\u00bbcenter\u00bb onclick=\u00bbcustom_link\u00bb css=\u00bb\u00bb link=\u00bbhttps:\/\/www.zzap.com\/es\/shop\/category\/zzap-balanzas-contadoras-de-dinero\/\u00bb][\/vc_column][\/vc_row]<\/p>\n<\/div>","protected":false},"excerpt":{"rendered":"<p>[vc_row][vc_column][vc_column_text css=\u00bb\u00bb] Las balanzas contadoras de dinero ZZap son lo \u00faltimo en ahorro de tiempo. Tienen la capacidad \u00fanica de contar monedas, billetes, rollos\/bolsas de monedas, fajos de billetes y art\u00edculos no monetarios. Antes de ver c\u00f3mo funcionan, echemos un vistazo a los diferentes tipos de balanzas contadoras de dinero. [\/vc_column_text][\/vc_column][\/vc_row][vc_row full_width=\u00bbstretch_row\u00bb content_placement=\u00bbmiddle\u00bb css_animation=\u00bbfadeIn\u00bb css=\u00bb.vc_custom_1487009166758{background-color: &hellip; <a href=\"https:\/\/www.zzap.com\/es\/como-funcionan-las-balanzas-contadoras-de-dinero-zzap\/\"><button type=\"button\" class=\"btn btn-info btn-md\">Leer m\u00e1s<\/button><\/a><\/p>\n","protected":false},"author":2,"featured_media":0,"parent":0,"menu_order":130,"comment_status":"closed","ping_status":"closed","template":"","meta":{"_acf_changed":false,"footnotes":""},"acf":[],"_links":{"self":[{"href":"https:\/\/www.zzap.com\/es\/wp-json\/wp\/v2\/pages\/220989"}],"collection":[{"href":"https:\/\/www.zzap.com\/es\/wp-json\/wp\/v2\/pages"}],"about":[{"href":"https:\/\/www.zzap.com\/es\/wp-json\/wp\/v2\/types\/page"}],"author":[{"embeddable":true,"href":"https:\/\/www.zzap.com\/es\/wp-json\/wp\/v2\/users\/2"}],"replies":[{"embeddable":true,"href":"https:\/\/www.zzap.com\/es\/wp-json\/wp\/v2\/comments?post=220989"}],"version-history":[{"count":5,"href":"https:\/\/www.zzap.com\/es\/wp-json\/wp\/v2\/pages\/220989\/revisions"}],"predecessor-version":[{"id":234583,"href":"https:\/\/www.zzap.com\/es\/wp-json\/wp\/v2\/pages\/220989\/revisions\/234583"}],"wp:attachment":[{"href":"https:\/\/www.zzap.com\/es\/wp-json\/wp\/v2\/media?parent=220989"}],"curies":[{"name":"wp","href":"https:\/\/api.w.org\/{rel}","templated":true}]}}