{"id":49845,"date":"2017-02-06T14:57:54","date_gmt":"2017-02-06T14:57:54","guid":{"rendered":"https:\/\/www.zzap.com\/how-zzap-banknote-counters-work\/"},"modified":"2024-05-24T16:10:28","modified_gmt":"2024-05-24T15:10:28","slug":"wie-funktionieren-die-zzap-banknotenzaehler","status":"publish","type":"page","link":"https:\/\/www.zzap.com\/de\/wie-funktionieren-die-zzap-banknotenzaehler\/","title":{"rendered":"Wie funktionieren die ZZap-Banknotenz\u00e4hler?"},"content":{"rendered":"<div class=\"wpb-content-wrapper\"><p>[vc_row][vc_column]<div id=\"ultimate-heading-841569f5a94420b86\" class=\"uvc-heading ult-adjust-bottom-margin ultimate-heading-841569f5a94420b86 uvc-9905 \" data-hspacer=\"no_spacer\"  data-halign=\"left\" style=\"text-align:left\"><div class=\"uvc-heading-spacer no_spacer\" style=\"top\"><\/div><div class=\"uvc-main-heading ult-responsive\"  data-ultimate-target='.uvc-heading.ultimate-heading-841569f5a94420b86 h2'  data-responsive-json-new='{\"font-size\":\"desktop:55px;\",\"line-height\":\"\"}' ><h2 style=\"font-family:&#039;Titillium Web&#039;;font-weight:200;color:#1c75b9;margin-top:47px;margin-bottom:22px;\">Wie funktionieren die ZZap-Banknotenz\u00e4hler?<\/h2><\/div><\/div>[vc_column_text]ZZap-Banknotenz\u00e4hler automatisieren Ihre Bargeldbearbeitung, um Zeit und Geld zu sparen. Banknotenz\u00e4hler eliminieren menschliche Fehler und k\u00f6nnen verschiedene Funktionen wie Falschgelderkennung, B\u00fcndelz\u00e4hlung und Sortierung ausf\u00fchren. Schauen wir uns nun an, wie sie funktionieren.[\/vc_column_text][\/vc_column][\/vc_row][vc_row full_width=&#8220;stretch_row&#8220; css=&#8220;.vc_custom_1486394948030{padding-top: 15px !important;padding-bottom: 15px !important;background-color: #fafafa !important;}&#8220;][vc_column]<div id=\"ultimate-heading-941369f5a94420bfc\" class=\"uvc-heading ult-adjust-bottom-margin ultimate-heading-941369f5a94420bfc uvc-4340 \" data-hspacer=\"no_spacer\"  data-halign=\"center\" style=\"text-align:center\"><div class=\"uvc-heading-spacer no_spacer\" style=\"top\"><\/div><div class=\"uvc-main-heading ult-responsive\"  data-ultimate-target='.uvc-heading.ultimate-heading-941369f5a94420bfc h2'  data-responsive-json-new='{\"font-size\":\"desktop:42px;\",\"line-height\":\"\"}' ><h2 style=\"font-family:&#039;Titillium Web&#039;;font-weight:200;color:#1c75b9;margin-bottom:30px;\">M\u00fcssen Sie die Banknoten sortieren, bevor Sie sie z\u00e4hlen?<\/h2><\/div><\/div>[vc_column_text]<\/p>\n<p style=\"text-align: center;\">Alle ZZap-Banknotenz\u00e4hler k\u00f6nnen sortierte Banknoten (einzelne St\u00fcckelung) z\u00e4hlen. Fortgeschrittene Banknotenz\u00e4hler wie der ZZap NC60 erkennen jedoch w\u00e4hrend des Z\u00e4hlens unterschiedliche St\u00fcckelungen. Dadurch k\u00f6nnen sie auch unsortierte Banknoten (mit gemischten St\u00fcckelungen) z\u00e4hlen und den gez\u00e4hlten Gesamtwert sowie die gez\u00e4hlte Gesamtmenge pro St\u00fcckelung anzeigen.<\/p>\n<p>[\/vc_column_text][vc_row_inner content_placement=&#8220;bottom&#8220;][vc_column_inner width=&#8220;1\/2&#8243;][vc_single_image image=&#8220;121066&#8243; img_size=&#8220;full&#8220;][vc_column_text css=&#8220;&#8220;]<\/p>\n<p style=\"text-align: center; font-size: 13px;\"><a class=\"productRef\" href=\"https:\/\/www.zzap.com\/de\/shop\/banknotenzahler\/zzap-nc40-banknotenzahler\/\">ZZap NC40 Banknotenz\u00e4hler<\/a><\/p>\n<p>[\/vc_column_text][\/vc_column_inner][vc_column_inner width=&#8220;1\/2&#8243;][vc_single_image image=&#8220;124570&#8243; img_size=&#8220;full&#8220;][vc_column_text css=&#8220;&#8220;]<\/p>\n<p style=\"text-align: center; font-size: 13px;\"><a class=\"productRef\" href=\"https:\/\/www.zzap.com\/de\/shop\/banknotenzahler\/zzap-nc60-wertzaehler\/\">ZZap NC60 Wertz\u00e4hler<\/a><\/p>\n<p>[\/vc_column_text][\/vc_column_inner][\/vc_row_inner][\/vc_column][\/vc_row][vc_row][vc_column]<div id=\"ultimate-heading-125969f5a94420c3a\" class=\"uvc-heading ult-adjust-bottom-margin ultimate-heading-125969f5a94420c3a uvc-1221 \" data-hspacer=\"no_spacer\"  data-halign=\"left\" style=\"text-align:left\"><div class=\"uvc-heading-spacer no_spacer\" style=\"top\"><\/div><div class=\"uvc-main-heading ult-responsive\"  data-ultimate-target='.uvc-heading.ultimate-heading-125969f5a94420c3a h2'  data-responsive-json-new='{\"font-size\":\"desktop:42px;\",\"line-height\":\"\"}' ><h2 style=\"font-family:&#039;Titillium Web&#039;;font-weight:200;color:#1c75b9;margin-bottom:30px;\">So funktioniert die Falschgelderkennung<\/h2><\/div><\/div>[vc_row_inner][vc_column_inner offset=&#8220;vc_col-lg-4 vc_col-md-4 vc_col-xs-12&#8243;][vc_column_text css=&#8220;&#8220;]Geldscheine sind mit Sicherheitsmerkmalen ausgestattet, um F\u00e4lschungen zu verhindern. W\u00e4hrend die Banknote die Maschine durchl\u00e4uft, pr\u00fcfen verschiedene Sensoren, ob die Sicherheitsmerkmale vorhanden sind.<\/p>\n<p>Einfach ausgestattete Banknotenz\u00e4hler pr\u00fcfen auf einfache Sicherheitsmerkmale wie UV-Markierungen. Hochwertige Banknotenz\u00e4hler wie der ZZap NC40 pr\u00fcfen fortschrittlichere Sicherheitsmerkmale wie Infrarot und Metallfaden. Je mehr Sicherheitsmerkmale gepr\u00fcft werden, desto genauer ist die Falschgelderkennung. <a href=\"https:\/\/www.zzap.com\/de\/so-funktionieren-die-zzap-falschgeld-pruefgeraete\/\">Weitere Informationen finden Sie auf der Seite zur Falschgelderkennung.<\/a>[\/vc_column_text][\/vc_column_inner][vc_column_inner offset=&#8220;vc_col-lg-8 vc_col-md-8 vc_col-xs-12&#8243;][vc_column_text]<div class=\"counterAnimation\" style=\"zoom: 84%; right: -2px;\"><img decoding=\"async\" src=\"https:\/\/www.zzap.com\/wp-content\/uploads\/2022\/10\/3D-EURO-15.png\" class=\"bg w-100 show-in-small-screen\"><img decoding=\"async\" src=\"https:\/\/www.zzap.com\/wp-content\/uploads\/2024\/03\/UV.png\" class=\"uv wow fadeInUp\" data-wow-delay=\"0.4s\" style=\"visibility: visible; animation-delay: 0.4s; animation-name: fadeInUp;\"><img decoding=\"async\" src=\"https:\/\/www.zzap.com\/wp-content\/uploads\/2024\/03\/IR.png\" class=\"ir wow fadeInUp\" data-wow-delay=\"0.7s\" style=\"visibility: visible; animation-delay: 0.7s; animation-name: fadeInUp;\"><img decoding=\"async\" src=\"https:\/\/www.zzap.com\/wp-content\/uploads\/2024\/03\/MG.png\" class=\"mg wow fadeInUp\" data-wow-delay=\"1s\" style=\"visibility: visible; animation-delay: 1s; animation-name: fadeInUp;\"><img decoding=\"async\" src=\"https:\/\/www.zzap.com\/wp-content\/themes\/zzap-2017\/dist\/images\/counterfeit_animation\/arrowBottom.png\" class=\"arrowBottom wow fadeInUp\" data-wow-delay=\"2.2s\" style=\"visibility: visible; animation-delay: 2.2s; animation-name: fadeInUp;\"><img decoding=\"async\" src=\"https:\/\/www.zzap.com\/wp-content\/themes\/zzap-2017\/dist\/images\/counterfeit_animation\/arrowTop.png\" class=\"arrowTop wow fadeInDown\" data-wow-delay=\"2.2s\" style=\"visibility: visible; animation-delay: 2.2s; animation-name: fadeInDown;\"><img decoding=\"async\" src=\"https:\/\/www.zzap.com\/wp-content\/uploads\/2024\/03\/Colour-EURO.png\" class=\"spectrum2 wow fadeInUp\" data-wow-delay=\"3.1s\" style=\"visibility: visible; animation-delay: 3.1s; animation-name: fadeInUp;\"><img decoding=\"async\" src=\"https:\/\/www.zzap.com\/wp-content\/uploads\/2024\/03\/Image-1.png\" class=\"camera wow fadeInUp\" data-wow-delay=\"2.8s\" style=\"visibility: visible; animation-delay: 2.5s; animation-name: fadeInUp;\"><img decoding=\"async\" src=\"https:\/\/www.zzap.com\/wp-content\/uploads\/2024\/03\/SN.png\" class=\"sn wow fadeInUp\" data-wow-delay=\"2.5s\" style=\"visibility: visible; animation-delay: 2s; animation-name: fadeInUp;\"><\/div>[\/vc_column_text][\/vc_column_inner][\/vc_row_inner][\/vc_column][\/vc_row][vc_row full_width=&#8220;stretch_row&#8220; content_placement=&#8220;bottom&#8220; css=&#8220;.vc_custom_1489602996425{background-color: #fafafa !important;}&#8220;][vc_column]<div id=\"ultimate-heading-358569f5a94426ec7\" class=\"uvc-heading ult-adjust-bottom-margin ultimate-heading-358569f5a94426ec7 uvc-585 \" data-hspacer=\"no_spacer\"  data-halign=\"center\" style=\"text-align:center\"><div class=\"uvc-heading-spacer no_spacer\" style=\"top\"><\/div><div class=\"uvc-main-heading ult-responsive\"  data-ultimate-target='.uvc-heading.ultimate-heading-358569f5a94426ec7 h2'  data-responsive-json-new='{\"font-size\":\"desktop:42px;\",\"line-height\":\"\"}' ><h2 style=\"font-family:&#039;Titillium Web&#039;;font-weight:200;color:#1c75b9;margin-bottom:30px;\">Der Unterschied zwischen Toplader und R\u00fcckladetrichter<\/h2><\/div><\/div>[vc_column_text]<\/p>\n<p style=\"text-align: center;\">Die Banknoten werden in den Trichter gelegt. Bei einem R\u00fcckladetrichter legen Sie die Banknoten senkrecht in den Trichter ein. Bei einem Toplader hingegen legen Sie die Banknoten waagerecht in den Trichter ein. Toplader sind im Allgemeinen einfacher zu bedienen, haben ein gr\u00f6\u00dferes Fassungsverm\u00f6gen f\u00fcr Banknoten und erm\u00f6glichen es Ihnen, Banknoten w\u00e4hrend des Betriebs in den Trichter einzulegen, um eine kontinuierliche Z\u00e4hlung zu gew\u00e4hrleisten.<\/p>\n<p>[\/vc_column_text][vc_row_inner][vc_column_inner width=&#8220;1\/2&#8243;][vc_column_text]<\/p>\n<p style=\"text-align: center;\">R\u00fcckladetrichter<\/p>\n<p>[\/vc_column_text][vc_single_image image=&#8220;118237&#8243; img_size=&#8220;full&#8220;][vc_column_text css=&#8220;&#8220;]<\/p>\n<p style=\"text-align: center;\"><a class=\"productRef\" href=\"https:\/\/www.zzap.com\/de\/shop\/banknotenzahler\/zzap-nc20i-banknotenzahler\/\">ZZap NC20i Banknotenz\u00e4hler<\/a><\/p>\n<p>[\/vc_column_text][\/vc_column_inner][vc_column_inner width=&#8220;1\/2&#8243;][vc_column_text]<\/p>\n<p style=\"text-align: center;\">Toplader<\/p>\n<p>[\/vc_column_text][vc_single_image image=&#8220;224807&#8243; img_size=&#8220;full&#8220; css=&#8220;&#8220;][vc_column_text css=&#8220;&#8220;]<\/p>\n<p style=\"text-align: center;\"><a class=\"productRef\" href=\"https:\/\/www.zzap.com\/de\/shop\/banknotenzahler\/zzap-nc50-wertzaehler\/\">ZZap NC50 Wertz\u00e4hler<\/a><\/p>\n<p>[\/vc_column_text][\/vc_column_inner][\/vc_row_inner][\/vc_column][\/vc_row][vc_row content_placement=&#8220;middle&#8220;][vc_column offset=&#8220;vc_col-lg-5 vc_col-md-5 vc_col-xs-12&#8243;]<div id=\"ultimate-heading-300569f5a94426f17\" class=\"uvc-heading ult-adjust-bottom-margin ultimate-heading-300569f5a94426f17 uvc-6259 \" data-hspacer=\"no_spacer\"  data-halign=\"left\" style=\"text-align:left\"><div class=\"uvc-heading-spacer no_spacer\" style=\"top\"><\/div><div class=\"uvc-main-heading ult-responsive\"  data-ultimate-target='.uvc-heading.ultimate-heading-300569f5a94426f17 h2'  data-responsive-json-new='{\"font-size\":\"desktop:42px;\",\"line-height\":\"desktop:44px;\"}' ><h2 style=\"font-family:&#039;Titillium Web&#039;;font-weight:200;color:#1c75b9;margin-bottom:30px;\">Wie z\u00e4hlt ein Banknotenz\u00e4hler die Banknoten?<\/h2><\/div><\/div>[vc_column_text]<\/p>\n<p style=\"text-align: left;\">Wenn Banknoten in den Trichter gelegt werden, erkennt der Start\/Stopp-Sensor die Banknoten und aktiviert die Einzugswalze. W\u00e4hrend sich die Walze dreht, bef\u00f6rdert sie die unterste Banknote im Trichter zu einer zweiten Walze, die sich mit einer h\u00f6heren Geschwindigkeit dreht. Reibungsarme Vorrichtungen an der zweiten Walze sorgen daf\u00fcr, dass jeweils nur eine Banknote eingezogen wird. An diesem Punkt wird die Banknote von verschiedenen Sensoren gepr\u00fcft und gez\u00e4hlt. Die Banknote l\u00e4uft dann in das Laufrad des Staplers und f\u00e4llt problemlos in den Stapler.<\/p>\n<p>[\/vc_column_text]<div data-enable_animator='' class='wpb_animate_when_almost_visible gambit-css-animation slide-elastic-to-right ' style='-webkit-animation-duration: 2s;-moz-animation-duration: 2s;-ms-animation-duration: 2s;-o-animation-duration: 2s;animation-duration: 2s;opacity: 0;-webkit-animation-delay: 0.1s;-moz-animation-delay: 0.1s;-ms-animation-delay: 0.1s;-o-animation-delay: 0.1s;animation-delay: 0.1s'>[vc_column_text css_animation=&#8220;slideInLeft&#8220; css=&#8220;.vc_custom_1708700310905{margin-top: 0px !important;margin-right: 0px !important;margin-bottom: 0px !important;margin-left: 0px !important;border-top-width: 0px !important;border-right-width: 0px !important;border-bottom-width: 0px !important;border-left-width: 0px !important;padding-top: 0px !important;padding-right: 0px !important;padding-bottom: 0px !important;padding-left: 0px !important;}&#8220;]Z\u00e4hlt bis zu[\/vc_column_text]<\/div><div data-enable_animator='' class='wpb_animate_when_almost_visible gambit-css-animation slide-elastic-to-right ' style='-webkit-animation-duration: 2s;-moz-animation-duration: 2s;-ms-animation-duration: 2s;-o-animation-duration: 2s;animation-duration: 2s;opacity: 0;-webkit-animation-delay: 0.3s;-moz-animation-delay: 0.3s;-ms-animation-delay: 0.3s;-o-animation-delay: 0.3s;animation-delay: 0.3s'>[vc_column_text css_animation=&#8220;slideInLeft&#8220; el_class=&#8220;h2&#8243;]<\/p>\n<h2>1600 Banknoten pro Minute<\/h2>\n<p>[\/vc_column_text]<\/div>[\/vc_column][vc_column offset=&#8220;vc_col-lg-7 vc_col-md-7 vc_col-xs-12&#8243;][vc_single_image image=&#8220;121241&#8243; img_size=&#8220;full&#8220;][\/vc_column][\/vc_row][vc_row full_width=&#8220;stretch_row&#8220; content_placement=&#8220;top&#8220; css=&#8220;.vc_custom_1486398154950{background-color: #fafafa !important;}&#8220;][vc_column el_class=&#8220;push-lg-7&#8243; offset=&#8220;vc_col-lg-5 vc_col-md-5 vc_col-xs-12&#8243;]<div id=\"ultimate-heading-56869f5a94427034\" class=\"uvc-heading ult-adjust-bottom-margin ultimate-heading-56869f5a94427034 uvc-9051 \" data-hspacer=\"no_spacer\"  data-halign=\"left\" style=\"text-align:left\"><div class=\"uvc-heading-spacer no_spacer\" style=\"top\"><\/div><div class=\"uvc-main-heading ult-responsive\"  data-ultimate-target='.uvc-heading.ultimate-heading-56869f5a94427034 h2'  data-responsive-json-new='{\"font-size\":\"desktop:42px;\",\"line-height\":\"desktop:44px;\"}' ><h2 style=\"font-family:&#039;Titillium Web&#039;;font-weight:200;color:#1c75b9;margin-top:49px;margin-bottom:30px;\">Funktionalit\u00e4t der Banknotenz\u00e4hler<\/h2><\/div><\/div>[vc_column_text]Zum einen gibt es Banknotenz\u00e4hler, die einfach nur die Menge der sortierten Banknoten (mit einer St\u00fcckelung) z\u00e4hlen. Anspruchsvollere Banknotenz\u00e4hler z\u00e4hlen mit h\u00f6herer Geschwindigkeit und nutzen Funktionen wie die B\u00fcndelz\u00e4hlung.<\/p>\n<p>Auf der anderen Seite gibt es hochentwickelte Banknotenz\u00e4hler, die unsortierte Banknoten (gemischte St\u00fcckelungen) z\u00e4hlen und sortieren und F\u00e4lschungen mit 100%iger Genauigkeit erkennen.[\/vc_column_text][vc_column_text css=&#8220;&#8220;]<\/p>\n<p style=\"font-size: 13px; text-align: right;\"><a class=\"productRef\" href=\"https:\/\/www.zzap.com\/de\/shop\/banknotenzahler\/zzap-nc60-wertzaehler\/\">ZZap NC60 Wertz\u00e4hler<\/a><\/p>\n<p>[\/vc_column_text][\/vc_column][vc_column el_class=&#8220;pull-lg-5&#8243; offset=&#8220;vc_col-lg-7 vc_col-md-7 vc_col-xs-12&#8243;][vc_single_image image=&#8220;192201&#8243; img_size=&#8220;full&#8220; el_class=&#8220;xl-image&#8220;][\/vc_column][\/vc_row][vc_row content_placement=&#8220;middle&#8220;][vc_column offset=&#8220;vc_col-lg-5 vc_col-md-5 vc_col-xs-12&#8243;]<div id=\"ultimate-heading-672769f5a94427076\" class=\"uvc-heading ult-adjust-bottom-margin ultimate-heading-672769f5a94427076 uvc-6353 \" data-hspacer=\"no_spacer\"  data-halign=\"left\" style=\"text-align:left\"><div class=\"uvc-heading-spacer no_spacer\" style=\"top\"><\/div><div class=\"uvc-main-heading ult-responsive\"  data-ultimate-target='.uvc-heading.ultimate-heading-672769f5a94427076 h2'  data-responsive-json-new='{\"font-size\":\"desktop:42px;\",\"line-height\":\"desktop:44px;\"}' ><h2 style=\"font-family:&#039;Titillium Web&#039;;font-weight:200;color:#1c75b9;margin-bottom:30px;\">Wie ein Banknotenz\u00e4hler sortiert<\/h2><\/div><\/div>[vc_column_text]Sometimes a different denomination (or rogue denomination) is mistakenly put within a stack of sorted (single denomination) banknotes. Fortunately banknote counters such as the ZZap NC20 recognise the size of each banknote. Every denomination has a different size (except US dollar) therefore if a different denomination is counted the ZZap NC20 will pause counting and alert you with a visual and audio warning.<\/p>\n<p>High specification banknote counters such as the ZZap NC70 use advanced contact image sensors (CIS) that enable them to scan an image of the banknote. This allows them to sort the banknotes according to denomination, face and orientation. The ZZap NC70 also uses 2 stackers, so it can sort banknotes without stopping.[\/vc_column_text][vc_column_text css=&#8220;&#8220;]<\/p>\n<p style=\"font-size: 13px; text-align: left;\"><a class=\"productRef\" href=\"https:\/\/www.zzap.com\/de\/shop\/banknotenzahler\/zzap-nc70-wertzaehler\/\">ZZap NC70 Wertz\u00e4hler<\/a><\/p>\n<p>[\/vc_column_text][\/vc_column][vc_column offset=&#8220;vc_col-lg-7 vc_col-md-7 vc_col-xs-12&#8243;][vc_single_image image=&#8220;140873&#8243; img_size=&#8220;full&#8220;][\/vc_column][\/vc_row][vc_row][vc_column][vc_single_image image=&#8220;217033&#8243; img_size=&#8220;full&#8220; alignment=&#8220;center&#8220; onclick=&#8220;custom_link&#8220; css=&#8220;&#8220; link=&#8220;https:\/\/www.zzap.com\/de\/shop\/category\/banknotenzahler\/&#8220;][\/vc_column][\/vc_row]<\/p>\n<\/div>","protected":false},"excerpt":{"rendered":"<p>[vc_row][vc_column][vc_column_text]ZZap-Banknotenz\u00e4hler automatisieren Ihre Bargeldbearbeitung, um Zeit und Geld zu sparen. Banknotenz\u00e4hler eliminieren menschliche Fehler und k\u00f6nnen verschiedene Funktionen wie Falschgelderkennung, B\u00fcndelz\u00e4hlung und Sortierung ausf\u00fchren. Schauen wir uns nun an, wie sie funktionieren.[\/vc_column_text][\/vc_column][\/vc_row][vc_row full_width=&#8220;stretch_row&#8220; css=&#8220;.vc_custom_1486394948030{padding-top: 15px !important;padding-bottom: 15px !important;background-color: #fafafa !important;}&#8220;][vc_column][vc_column_text] Alle ZZap-Banknotenz\u00e4hler k\u00f6nnen sortierte Banknoten (einzelne St\u00fcckelung) z\u00e4hlen. Fortgeschrittene Banknotenz\u00e4hler wie der ZZap NC60 erkennen &hellip; <a href=\"https:\/\/www.zzap.com\/de\/wie-funktionieren-die-zzap-banknotenzaehler\/\"><button type=\"button\" class=\"btn btn-info btn-md\">Mehr lesen<\/button><\/a><\/p>\n","protected":false},"author":2,"featured_media":0,"parent":0,"menu_order":110,"comment_status":"closed","ping_status":"closed","template":"template-how-do-banknotes.php","meta":{"_acf_changed":false,"footnotes":""},"acf":[],"_links":{"self":[{"href":"https:\/\/www.zzap.com\/de\/wp-json\/wp\/v2\/pages\/49845"}],"collection":[{"href":"https:\/\/www.zzap.com\/de\/wp-json\/wp\/v2\/pages"}],"about":[{"href":"https:\/\/www.zzap.com\/de\/wp-json\/wp\/v2\/types\/page"}],"author":[{"embeddable":true,"href":"https:\/\/www.zzap.com\/de\/wp-json\/wp\/v2\/users\/2"}],"replies":[{"embeddable":true,"href":"https:\/\/www.zzap.com\/de\/wp-json\/wp\/v2\/comments?post=49845"}],"version-history":[{"count":16,"href":"https:\/\/www.zzap.com\/de\/wp-json\/wp\/v2\/pages\/49845\/revisions"}],"predecessor-version":[{"id":232651,"href":"https:\/\/www.zzap.com\/de\/wp-json\/wp\/v2\/pages\/49845\/revisions\/232651"}],"wp:attachment":[{"href":"https:\/\/www.zzap.com\/de\/wp-json\/wp\/v2\/media?parent=49845"}],"curies":[{"name":"wp","href":"https:\/\/api.w.org\/{rel}","templated":true}]}}