{"id":49843,"date":"2017-02-15T10:28:16","date_gmt":"2017-02-15T10:28:16","guid":{"rendered":"https:\/\/www.zzap.com\/dealer\/"},"modified":"2024-04-17T10:20:09","modified_gmt":"2024-04-17T09:20:09","slug":"haendler","status":"publish","type":"page","link":"https:\/\/www.zzap.com\/de\/haendler\/","title":{"rendered":"H\u00e4ndler"},"content":{"rendered":"<p class=\"p1\">ZZap ist nicht ohne Grund der am schnellsten wachsende Einzelh\u00e4ndler f\u00fcr Cash-Handling. Wir bieten die besten Cash-Handling Produkte zu den besten Preisen und mit einer marktf\u00fchrenden Garantie. Als offizieller ZZap-H\u00e4ndler k\u00f6nnen Sie sofort neue Ums\u00e4tze generieren und die Bed\u00fcrfnisse Ihrer Kunden besser erf\u00fcllen.<\/p>\n","protected":false},"excerpt":{"rendered":"<p>ZZap ist nicht ohne Grund der am schnellsten wachsende Einzelh\u00e4ndler f\u00fcr Cash-Handling. Wir bieten die besten Cash-Handling Produkte zu den besten Preisen und mit einer marktf\u00fchrenden Garantie. Als offizieller ZZap-H\u00e4ndler k\u00f6nnen Sie sofort neue Ums\u00e4tze generieren und die Bed\u00fcrfnisse Ihrer Kunden besser erf\u00fcllen.<\/p>\n","protected":false},"author":2,"featured_media":0,"parent":0,"menu_order":30,"comment_status":"closed","ping_status":"closed","template":"template-dealer.php","meta":{"_acf_changed":false,"footnotes":""},"acf":[],"_links":{"self":[{"href":"https:\/\/www.zzap.com\/de\/wp-json\/wp\/v2\/pages\/49843"}],"collection":[{"href":"https:\/\/www.zzap.com\/de\/wp-json\/wp\/v2\/pages"}],"about":[{"href":"https:\/\/www.zzap.com\/de\/wp-json\/wp\/v2\/types\/page"}],"author":[{"embeddable":true,"href":"https:\/\/www.zzap.com\/de\/wp-json\/wp\/v2\/users\/2"}],"replies":[{"embeddable":true,"href":"https:\/\/www.zzap.com\/de\/wp-json\/wp\/v2\/comments?post=49843"}],"version-history":[{"count":19,"href":"https:\/\/www.zzap.com\/de\/wp-json\/wp\/v2\/pages\/49843\/revisions"}],"predecessor-version":[{"id":221650,"href":"https:\/\/www.zzap.com\/de\/wp-json\/wp\/v2\/pages\/49843\/revisions\/221650"}],"wp:attachment":[{"href":"https:\/\/www.zzap.com\/de\/wp-json\/wp\/v2\/media?parent=49843"}],"curies":[{"name":"wp","href":"https:\/\/api.w.org\/{rel}","templated":true}]}}