{"id":216147,"date":"2017-02-14T15:24:06","date_gmt":"2017-02-14T15:24:06","guid":{"rendered":"https:\/\/staging.zzap.com\/how-do-zzap-point-of-sale-safes-work\/"},"modified":"2024-04-17T13:08:19","modified_gmt":"2024-04-17T12:08:19","slug":"wie-die-zzap-pos-tresore-funktionieren","status":"publish","type":"page","link":"https:\/\/www.zzap.com\/de\/wie-die-zzap-pos-tresore-funktionieren\/","title":{"rendered":"Wie die ZZap POS-Tresore funktionieren?"},"content":{"rendered":"<div class=\"wpb-content-wrapper\"><p>[vc_row][vc_column]<div id=\"ultimate-heading-316969e0ea71ad0f0\" class=\"uvc-heading ult-adjust-bottom-margin ultimate-heading-316969e0ea71ad0f0 uvc-6261 \" data-hspacer=\"no_spacer\"  data-halign=\"left\" style=\"text-align:left\"><div class=\"uvc-heading-spacer no_spacer\" style=\"top\"><\/div><div class=\"uvc-main-heading ult-responsive\"  data-ultimate-target='.uvc-heading.ultimate-heading-316969e0ea71ad0f0 h1'  data-responsive-json-new='{\"font-size\":\"desktop:55px;\",\"line-height\":\"\"}' ><h1 style=\"font-family:&#039;Titillium Web&#039;;font-weight:200;color:#1c75b9;margin-top:47px;margin-bottom:22px;\">Wie die ZZap POS-Tresore funktionieren?<\/h1><\/div><\/div>[vc_column_text]ZZap-POS-Tresore bieten die beste Sicherheit f\u00fcr Ihr \u00fcbersch\u00fcssiges Bargeld, Ihre Schecks und andere hochwertige Papiergegenst\u00e4nde. POS-Tresore verringern das Risiko von Raub\u00fcberf\u00e4llen und internen Diebst\u00e4hlen am Verkaufsort. Sie sind eine kleine Investition, die Ihnen in Zukunft viel Geld sparen kann. Sehen wir uns einmal an, wie sie funktionieren.[\/vc_column_text][\/vc_column][\/vc_row][vc_row full_width=&#8220;stretch_row&#8220; content_placement=&#8220;middle&#8220; css=&#8220;.vc_custom_1495660248343{background-color: #fafafa !important;}&#8220;][vc_column offset=&#8220;vc_col-lg-5 vc_col-md-5&#8243;]<div id=\"ultimate-heading-257269e0ea71ad153\" class=\"uvc-heading ult-adjust-bottom-margin ultimate-heading-257269e0ea71ad153 uvc-5274 \" data-hspacer=\"no_spacer\"  data-halign=\"left\" style=\"text-align:left\"><div class=\"uvc-heading-spacer no_spacer\" style=\"top\"><\/div><div class=\"uvc-main-heading ult-responsive\"  data-ultimate-target='.uvc-heading.ultimate-heading-257269e0ea71ad153 h2'  data-responsive-json-new='{\"font-size\":\"desktop:42px;\",\"line-height\":\"desktop:48px;\"}' ><h2 style=\"font-family:&#039;Titillium Web&#039;;font-weight:200;color:#1c75b9;margin-bottom:30px;\">Wie POS-Geldtresore funktionieren<\/h2><\/div><\/div>[vc_column_text]Werfen Sie einfach eine oder mehrere M\u00fcnzen oder Geldscheine in den Schlitz. Die Gegenst\u00e4nde fallen dann in die Geldkassette im Inneren des Tresors. Um an die Geldkassette zu gelangen, muss der Tresor mit dem Schl\u00fcssel ge\u00f6ffnet werden. Nach dem \u00d6ffnen kann die Geldkassette aus dem Tresor herausgezogen werden. Die Geldkassette kann verschlossen und mit ihrem Tragegriff transportiert werden.[\/vc_column_text]<div data-enable_animator='' class='wpb_animate_when_almost_visible gambit-css-animation slide-elastic-to-right ' style='-webkit-animation-duration: 2s;-moz-animation-duration: 2s;-ms-animation-duration: 2s;-o-animation-duration: 2s;animation-duration: 2s;opacity: 0;-webkit-animation-delay: 0.1s;-moz-animation-delay: 0.1s;-ms-animation-delay: 0.1s;-o-animation-delay: 0.1s;animation-delay: 0.1s'><div id=\"ultimate-heading-95069e0ea71ad287\" class=\"uvc-heading ult-adjust-bottom-margin ultimate-heading-95069e0ea71ad287 uvc-6072 \" data-hspacer=\"no_spacer\"  data-halign=\"left\" style=\"text-align:left\"><div class=\"uvc-heading-spacer no_spacer\" style=\"top\"><\/div><div class=\"uvc-main-heading ult-responsive\"  data-ultimate-target='.uvc-heading.ultimate-heading-95069e0ea71ad287 h2'  data-responsive-json-new='{\"font-size\":\"desktop:18px;\",\"line-height\":\"desktop:22px;\"}' ><h2 style=\"font-family:&#039;Titillium Web&#039;;font-weight:300;color:#6f6f6e;\">Speichert<\/h2><\/div><div class=\"uvc-sub-heading ult-responsive\"  data-ultimate-target='.uvc-heading.ultimate-heading-95069e0ea71ad287 .uvc-sub-heading '  data-responsive-json-new='{\"font-size\":\"desktop:36px;\",\"line-height\":\"\"}'  style=\"font-family:&#039;Titillium Web&#039;;font-weight:200;color:#1c75b9;\">M\u00fcnzen &amp; Banknoten<\/div><\/div><\/div>[\/vc_column][vc_column offset=&#8220;vc_col-lg-7 vc_col-md-7&#8243;][vc_single_image image=&#8220;53613&#8243; img_size=&#8220;full&#8220; alignment=&#8220;center&#8220;][\/vc_column][\/vc_row][vc_row content_placement=&#8220;middle&#8220;][vc_column el_class=&#8220;push-lg-7&#8243; offset=&#8220;vc_col-lg-5 vc_col-md-5&#8243;]<div id=\"ultimate-heading-553069e0ea71ad2d9\" class=\"uvc-heading ult-adjust-bottom-margin ultimate-heading-553069e0ea71ad2d9 uvc-2337 \" data-hspacer=\"no_spacer\"  data-halign=\"left\" style=\"text-align:left\"><div class=\"uvc-heading-spacer no_spacer\" style=\"top\"><\/div><div class=\"uvc-main-heading ult-responsive\"  data-ultimate-target='.uvc-heading.ultimate-heading-553069e0ea71ad2d9 h2'  data-responsive-json-new='{\"font-size\":\"desktop:42px;\",\"line-height\":\"desktop:48px;\"}' ><h2 style=\"font-family:&#039;Titillium Web&#039;;font-weight:200;color:#1c75b9;margin-bottom:30px;\">So funktionieren POS-Banknotentresore<\/h2><\/div><\/div>[vc_column_text]Werfen Sie einfach eine oder mehrere Banknoten in den Schlitz und dr\u00fccken Sie den Griff nach unten. Durch das Herunterdr\u00fccken des Griffs wird eine federbelastete Platte nach hinten geschoben, wodurch die eingelegte Banknote in das Ablagefach gelangen kann. Die federbelastete Platte zieht sich entsprechend zur\u00fcck, wenn weitere Banknoten in das Fach eingelegt werden.<\/p>\n<p>Um an die Banknoten zu gelangen, muss das Ablagefach mit dem Schl\u00fcssel ge\u00f6ffnet werden. Nach dem \u00d6ffnen kann das Fach aus dem Tresor herausgezogen werden. Die Banknoten k\u00f6nnen dann aus dem Fach herausgezogen werden.[\/vc_column_text][\/vc_column][vc_column el_class=&#8220;pull-lg-5&#8243; offset=&#8220;vc_col-lg-7 vc_col-md-7&#8243;][vc_single_image image=&#8220;184555&#8243; img_size=&#8220;full&#8220; alignment=&#8220;center&#8220;][\/vc_column][\/vc_row][vc_row full_width=&#8220;stretch_row&#8220; content_placement=&#8220;middle&#8220; css=&#8220;.vc_custom_1495660261814{background-color: #fafafa !important;}&#8220;][vc_column offset=&#8220;vc_col-lg-5 vc_col-md-5&#8243;]<div id=\"ultimate-heading-78569e0ea71ad31f\" class=\"uvc-heading ult-adjust-bottom-margin ultimate-heading-78569e0ea71ad31f uvc-9536 \" data-hspacer=\"no_spacer\"  data-halign=\"left\" style=\"text-align:left\"><div class=\"uvc-heading-spacer no_spacer\" style=\"top\"><\/div><div class=\"uvc-main-heading ult-responsive\"  data-ultimate-target='.uvc-heading.ultimate-heading-78569e0ea71ad31f h2'  data-responsive-json-new='{\"font-size\":\"desktop:42px;\",\"line-height\":\"desktop:48px;\"}' ><h2 style=\"font-family:&#039;Titillium Web&#039;;font-weight:200;color:#1c75b9;margin-bottom:30px;\">So wird ein Theken-POS-Tresor montiert<\/h2><\/div><\/div>[vc_column_text]Theken-POS-Tresore wie der ZZap S20 k\u00f6nnen an der Oberseite einer festen Oberfl\u00e4che auf sichere Weise befestigt werden. An der Unterseite des Tresors befinden sich an jeder Ecke kleine Schraubenl\u00f6cher, so dass der Tresor mit den beiliegenden Schrauben und Muttern befestigt werden kann. Nach der Montage kann der Tresor nicht mehr verschoben werden, und er l\u00e4sst sich auch nicht mehr ohne Schl\u00fcssel \u00f6ffnen.[\/vc_column_text][\/vc_column][vc_column offset=&#8220;vc_col-lg-7 vc_col-md-7&#8243;][vc_single_image image=&#8220;53661&#8243; img_size=&#8220;full&#8220; alignment=&#8220;center&#8220;][\/vc_column][\/vc_row][vc_row content_placement=&#8220;middle&#8220; css=&#8220;.vc_custom_1488710763406{margin-top: 0px !important;border-bottom-width: 0px !important;padding-top: 0px !important;padding-bottom: 0px !important;}&#8220; bbvcedo_x_large_css=&#8220;.vc_custom_1488710763407{margin-top: 0px !important;padding-top: 0px !important;}&#8220;][vc_column el_class=&#8220;push-lg-7&#8243; offset=&#8220;vc_col-lg-5 vc_col-md-5&#8243;]<div id=\"ultimate-heading-637969e0ea71ad357\" class=\"uvc-heading ult-adjust-bottom-margin ultimate-heading-637969e0ea71ad357 uvc-5532 \" data-hspacer=\"no_spacer\"  data-halign=\"left\" style=\"text-align:left\"><div class=\"uvc-heading-spacer no_spacer\" style=\"top\"><\/div><div class=\"uvc-main-heading ult-responsive\"  data-ultimate-target='.uvc-heading.ultimate-heading-637969e0ea71ad357 h2'  data-responsive-json-new='{\"font-size\":\"desktop:42px;\",\"line-height\":\"desktop:48px;\"}' ><h2 style=\"font-family:&#039;Titillium Web&#039;;font-weight:200;color:#1c75b9;margin-bottom:30px;\">So wird ein Untertheken-POS-Tresor montiert<\/h2><\/div><\/div>[vc_column_text]Untertheken-POS-Tresore wie der ZZap S10 k\u00f6nnen an der Unterseite einer festen Oberfl\u00e4che auf sichere Weise montiert werden. Die Entnahmehalterung an der Oberseite des Tresors verf\u00fcgt \u00fcber kleine Schraubenl\u00f6cher an jeder Ecke. Die Halterung kann mit den beiliegenden Schrauben an der Unterseite einer festen Oberfl\u00e4che (typischerweise einer Arbeitsplatte) befestigt werden. Der Tresor kann dann in die Halterung geschoben und mit dem Schl\u00fcssel verriegelt werden.[\/vc_column_text]<div data-enable_animator='' class='wpb_animate_when_almost_visible gambit-css-animation slide-elastic-to-right ' style='-webkit-animation-duration: 2s;-moz-animation-duration: 2s;-ms-animation-duration: 2s;-o-animation-duration: 2s;animation-duration: 2s;opacity: 0;-webkit-animation-delay: 0.1s;-moz-animation-delay: 0.1s;-ms-animation-delay: 0.1s;-o-animation-delay: 0.1s;animation-delay: 0.1s'><div id=\"ultimate-heading-207169e0ea71ad414\" class=\"uvc-heading ult-adjust-bottom-margin ultimate-heading-207169e0ea71ad414 uvc-4560 \" data-hspacer=\"no_spacer\"  data-halign=\"left\" style=\"text-align:left\"><div class=\"uvc-heading-spacer no_spacer\" style=\"top\"><\/div><div class=\"uvc-main-heading ult-responsive\"  data-ultimate-target='.uvc-heading.ultimate-heading-207169e0ea71ad414 h2'  data-responsive-json-new='{\"font-size\":\"desktop:18px;\",\"line-height\":\"desktop:22px;\"}' ><h2 style=\"font-family:&#039;Titillium Web&#039;;font-weight:300;color:#6f6f6e;\">In der N\u00e4he Ihrer Registrierkasse, und dennoch<\/h2><\/div><div class=\"uvc-sub-heading ult-responsive\"  data-ultimate-target='.uvc-heading.ultimate-heading-207169e0ea71ad414 .uvc-sub-heading '  data-responsive-json-new='{\"font-size\":\"desktop:36px;\",\"line-height\":\"\"}'  style=\"font-family:&#039;Titillium Web&#039;;font-weight:200;color:#1c75b9;\">au\u00dfer Sichtweite<\/div><\/div><\/div>[\/vc_column][vc_column el_class=&#8220;pull-lg-5&#8243; css=&#8220;.vc_custom_1496416615191{margin-top: 0px !important;margin-bottom: 0px !important;padding-top: 0px !important;padding-bottom: 0px !important;}&#8220; offset=&#8220;vc_col-lg-7 vc_col-md-7&#8243;][vc_single_image image=&#8220;53685&#8243; img_size=&#8220;full&#8220; alignment=&#8220;center&#8220; css=&#8220;.vc_custom_1488710792866{margin-top: 0px !important;margin-right: 0px !important;margin-bottom: 0px !important;margin-left: 0px !important;border-top-width: 0px !important;border-right-width: 0px !important;border-bottom-width: 0px !important;border-left-width: 0px !important;padding-top: 0px !important;padding-right: 20px !important;padding-bottom: 0px !important;padding-left: 0px !important;}&#8220;][\/vc_column][\/vc_row][vc_row][vc_column][vc_single_image image=&#8220;217141&#8243; img_size=&#8220;full&#8220; alignment=&#8220;center&#8220; onclick=&#8220;custom_link&#8220; css=&#8220;&#8220; link=&#8220;https:\/\/www.zzap.com\/de\/shop\/category\/tresore-fuer-verkaufsstellen\/&#8220;][\/vc_column][\/vc_row]<\/p>\n<\/div>","protected":false},"excerpt":{"rendered":"<p>[vc_row][vc_column][vc_column_text]ZZap-POS-Tresore bieten die beste Sicherheit f\u00fcr Ihr \u00fcbersch\u00fcssiges Bargeld, Ihre Schecks und andere hochwertige Papiergegenst\u00e4nde. POS-Tresore verringern das Risiko von Raub\u00fcberf\u00e4llen und internen Diebst\u00e4hlen am Verkaufsort. Sie sind eine kleine Investition, die Ihnen in Zukunft viel Geld sparen kann. Sehen wir uns einmal an, wie sie funktionieren.[\/vc_column_text][\/vc_column][\/vc_row][vc_row full_width=&#8220;stretch_row&#8220; content_placement=&#8220;middle&#8220; css=&#8220;.vc_custom_1495660248343{background-color: #fafafa !important;}&#8220;][vc_column offset=&#8220;vc_col-lg-5 vc_col-md-5&#8243;][vc_column_text]Werfen Sie &hellip; <a href=\"https:\/\/www.zzap.com\/de\/wie-die-zzap-pos-tresore-funktionieren\/\"><button type=\"button\" class=\"btn btn-info btn-md\">Mehr lesen<\/button><\/a><\/p>\n","protected":false},"author":2,"featured_media":0,"parent":0,"menu_order":150,"comment_status":"closed","ping_status":"closed","template":"","meta":{"_acf_changed":false,"footnotes":""},"acf":[],"_links":{"self":[{"href":"https:\/\/www.zzap.com\/de\/wp-json\/wp\/v2\/pages\/216147"}],"collection":[{"href":"https:\/\/www.zzap.com\/de\/wp-json\/wp\/v2\/pages"}],"about":[{"href":"https:\/\/www.zzap.com\/de\/wp-json\/wp\/v2\/types\/page"}],"author":[{"embeddable":true,"href":"https:\/\/www.zzap.com\/de\/wp-json\/wp\/v2\/users\/2"}],"replies":[{"embeddable":true,"href":"https:\/\/www.zzap.com\/de\/wp-json\/wp\/v2\/comments?post=216147"}],"version-history":[{"count":14,"href":"https:\/\/www.zzap.com\/de\/wp-json\/wp\/v2\/pages\/216147\/revisions"}],"predecessor-version":[{"id":224794,"href":"https:\/\/www.zzap.com\/de\/wp-json\/wp\/v2\/pages\/216147\/revisions\/224794"}],"wp:attachment":[{"href":"https:\/\/www.zzap.com\/de\/wp-json\/wp\/v2\/media?parent=216147"}],"curies":[{"name":"wp","href":"https:\/\/api.w.org\/{rel}","templated":true}]}}