{"id":216144,"date":"2017-02-13T16:45:41","date_gmt":"2017-02-13T16:45:41","guid":{"rendered":"https:\/\/staging.zzap.com\/how-do-zzap-money-counting-scales-work\/"},"modified":"2024-04-17T13:02:50","modified_gmt":"2024-04-17T12:02:50","slug":"wie-funktionieren-die-zzap-geldzaehlwaagen","status":"publish","type":"page","link":"https:\/\/www.zzap.com\/de\/wie-funktionieren-die-zzap-geldzaehlwaagen\/","title":{"rendered":"Wie funktionieren die ZZap Geldz\u00e4hlwaagen?"},"content":{"rendered":"<div class=\"wpb-content-wrapper\"><p>[vc_row][vc_column]<div id=\"ultimate-heading-946569f8cdef284cd\" class=\"uvc-heading ult-adjust-bottom-margin ultimate-heading-946569f8cdef284cd uvc-992 \" data-hspacer=\"no_spacer\"  data-halign=\"left\" style=\"text-align:left\"><div class=\"uvc-heading-spacer no_spacer\" style=\"top\"><\/div><div class=\"uvc-main-heading ult-responsive\"  data-ultimate-target='.uvc-heading.ultimate-heading-946569f8cdef284cd h1'  data-responsive-json-new='{\"font-size\":\"desktop:55px;\",\"line-height\":\"\"}' ><h1 style=\"font-family:&#039;Titillium Web&#039;;font-weight:200;color:#1c75b9;margin-top:47px;margin-bottom:22px;\">Wie funktionieren die ZZap Geldz\u00e4hlwaagen?<\/h1><\/div><\/div>[vc_column_text]ZZap-Geldz\u00e4hlwaagen sind die ultimativen zeitsparenden Allesk\u00f6nner. Sie haben die einzigartige F\u00e4higkeit, M\u00fcnzen, Banknoten, M\u00fcnzrollen\/-s\u00e4cke, Banknotenb\u00fcndel und bargeldlose Gegenst\u00e4nde zu z\u00e4hlen. Bevor wir uns mit ihrer Funktionsweise befassen, werfen wir einen Blick auf die verschiedenen Arten von Geldz\u00e4hlwaagen.[\/vc_column_text][\/vc_column][\/vc_row][vc_row full_width=&#8220;stretch_row&#8220; content_placement=&#8220;middle&#8220; css_animation=&#8220;fadeIn&#8220; css=&#8220;.vc_custom_1487009166758{background-color: #fafafa !important;}&#8220;][vc_column offset=&#8220;vc_col-lg-5 vc_col-md-5 vc_col-xs-12&#8243;]<div id=\"ultimate-heading-786469f8cdef28523\" class=\"uvc-heading ult-adjust-bottom-margin ultimate-heading-786469f8cdef28523 uvc-1963 \" data-hspacer=\"no_spacer\"  data-halign=\"left\" style=\"text-align:left\"><div class=\"uvc-heading-spacer no_spacer\" style=\"top\"><\/div><div class=\"uvc-main-heading ult-responsive\"  data-ultimate-target='.uvc-heading.ultimate-heading-786469f8cdef28523 h2'  data-responsive-json-new='{\"font-size\":\"desktop:42px;\",\"line-height\":\"desktop:48px;\"}' ><h2 style=\"font-family:&#039;Titillium Web&#039;;font-weight:200;color:#1c75b9;\">Arten von Geldz\u00e4hlwaagen<\/h2><\/div><\/div><div id=\"ultimate-heading-969169f8cdef2855f\" class=\"uvc-heading ult-adjust-bottom-margin ultimate-heading-969169f8cdef2855f uvc-3539 \" data-hspacer=\"no_spacer\"  data-halign=\"left\" style=\"text-align:left\"><div class=\"uvc-heading-spacer no_spacer\" style=\"top\"><\/div><div class=\"uvc-main-heading ult-responsive\"  data-ultimate-target='.uvc-heading.ultimate-heading-969169f8cdef2855f h2'  data-responsive-json-new='{\"font-size\":\"desktop:34px;\",\"line-height\":\"desktop:36px;\"}' ><h2 style=\"font-family:&#039;Titillium Web&#039;;font-weight:200;color:#6f6f6e;margin-top:30px;margin-bottom:30px;\">M\u00fcnzz\u00e4hlwaagen<\/h2><\/div><\/div>[vc_column_text]M\u00fcnzz\u00e4hlwaagen wie die ZZap MS10 z\u00e4hlen nur M\u00fcnzen und M\u00fcnzs\u00e4cke\/-rollen. Sie haben in der Regel eine h\u00f6here Ladekapazit\u00e4t als Geldz\u00e4hlwaagen, sodass mehr M\u00fcnzen auf einmal gez\u00e4hlt werden k\u00f6nnen. M\u00fcnzz\u00e4hlwaagen sind in der Regel einfach gehalten und haben nicht so viele Funktionen wie Geldz\u00e4hlwaagen.[\/vc_column_text][\/vc_column][vc_column offset=&#8220;vc_col-lg-7 vc_col-md-7 vc_col-xs-12&#8243;][vc_single_image image=&#8220;126381&#8243; img_size=&#8220;full&#8220; alignment=&#8220;center&#8220;][\/vc_column][\/vc_row][vc_row content_placement=&#8220;top&#8220; css_animation=&#8220;fadeIn&#8220;][vc_column el_class=&#8220;push-lg-7&#8243; offset=&#8220;vc_col-lg-5 vc_col-md-5 vc_col-xs-12&#8243;]<div id=\"ultimate-heading-171069f8cdef28596\" class=\"uvc-heading ult-adjust-bottom-margin ultimate-heading-171069f8cdef28596 uvc-376 \" data-hspacer=\"no_spacer\"  data-halign=\"left\" style=\"text-align:left\"><div class=\"uvc-heading-spacer no_spacer\" style=\"top\"><\/div><div class=\"uvc-main-heading ult-responsive\"  data-ultimate-target='.uvc-heading.ultimate-heading-171069f8cdef28596 h2'  data-responsive-json-new='{\"font-size\":\"desktop:34px;\",\"line-height\":\"desktop:36px;\"}' ><h2 style=\"font-family:&#039;Titillium Web&#039;;font-weight:200;color:#6f6f6e;margin-top:30px;margin-bottom:30px;\">Geldz\u00e4hlwaagen<\/h2><\/div><\/div>[vc_column_text]Geldz\u00e4hlwaagen wie die ZZap MS40 z\u00e4hlen M\u00fcnzen, Banknoten, M\u00fcnzs\u00e4cke und -rollen sowie Banknotenb\u00fcndel. Sie bieten auch erweiterte Funktionen wie Referenznummern, Datums- und Zeitstempel und einen internen Speicher f\u00fcr gespeicherte Z\u00e4hlberichte. Sie sind als allumfassende Ger\u00e4te konzipiert, die Ihren gesamten Cash-Handling-Prozess automatisieren.[\/vc_column_text][\/vc_column][vc_column el_class=&#8220;pull-lg-5&#8243; offset=&#8220;vc_col-lg-7 vc_col-md-7 vc_col-xs-12&#8243;][vc_single_image image=&#8220;126932&#8243; img_size=&#8220;full&#8220; alignment=&#8220;center&#8220;][\/vc_column][\/vc_row][vc_row full_width=&#8220;stretch_row&#8220; content_placement=&#8220;middle&#8220; css_animation=&#8220;fadeIn&#8220; css=&#8220;.vc_custom_1489600773749{background-color: #fafafa !important;}&#8220; bbvcedo_x_large_css=&#8220;.vc_custom_1489600773750{padding-top: 30px !important;padding-bottom: 30px !important;}&#8220; bbvcedo_small_css=&#8220;.vc_custom_1489600773753{padding-top: 0px !important;padding-bottom: 0px !important;}&#8220;][vc_column offset=&#8220;vc_col-lg-5 vc_col-md-5 vc_col-xs-12&#8243;]<div id=\"ultimate-heading-245669f8cdef285ca\" class=\"uvc-heading ult-adjust-bottom-margin ultimate-heading-245669f8cdef285ca uvc-3585 \" data-hspacer=\"no_spacer\"  data-halign=\"left\" style=\"text-align:left\"><div class=\"uvc-heading-spacer no_spacer\" style=\"top\"><\/div><div class=\"uvc-main-heading ult-responsive\"  data-ultimate-target='.uvc-heading.ultimate-heading-245669f8cdef285ca h2'  data-responsive-json-new='{\"font-size\":\"desktop:42px;\",\"line-height\":\"desktop:48px;\"}' ><h2 style=\"font-family:&#039;Titillium Web&#039;;font-weight:200;color:#1c75b9;margin-bottom:30px;\">So funktioniert die gewichtsbasierte Z\u00e4hlung<\/h2><\/div><\/div>[vc_column_text]Die gewichtsbasierte Z\u00e4hlung basiert auf fein kalibrierten W\u00e4gezellen, die ein elektrisches Signal erzeugen, das direkt proportional zum gemessenen Gewicht ist. Die Waage hat die Gewichte aller installierten W\u00e4hrungen und St\u00fcckelungen bereits im Speicher. Sie nutzt das elektrische Signal und die Daten im Speicher, um die Gesamtmenge und den Wert genau zu z\u00e4hlen.[\/vc_column_text][\/vc_column][vc_column offset=&#8220;vc_col-lg-offset-1 vc_col-lg-6 vc_col-md-offset-1 vc_col-md-6 vc_col-xs-12&#8243;][vc_single_image image=&#8220;216619&#8243; img_size=&#8220;full&#8220; alignment=&#8220;center&#8220;][\/vc_column][\/vc_row][vc_row content_placement=&#8220;middle&#8220; css_animation=&#8220;fadeIn&#8220; bbvcedo_x_large_css=&#8220;.vc_custom_1487010753082{padding-top: 50px !important;padding-bottom: 50px !important;}&#8220;][vc_column el_class=&#8220;push-lg-7&#8243; offset=&#8220;vc_col-lg-5 vc_col-md-5 vc_col-xs-12&#8243;]<div id=\"ultimate-heading-697069f8cdef285fc\" class=\"uvc-heading ult-adjust-bottom-margin ultimate-heading-697069f8cdef285fc uvc-1876 \" data-hspacer=\"no_spacer\"  data-halign=\"left\" style=\"text-align:left\"><div class=\"uvc-heading-spacer no_spacer\" style=\"top\"><\/div><div class=\"uvc-main-heading ult-responsive\"  data-ultimate-target='.uvc-heading.ultimate-heading-697069f8cdef285fc h2'  data-responsive-json-new='{\"font-size\":\"desktop:42px;\",\"line-height\":\"desktop:48px;\"}' ><h2 style=\"font-family:&#039;Titillium Web&#039;;font-weight:200;color:#1c75b9;margin-bottom:30px;\">Die Vor- und Nachteile des gewichtsbasierten Z\u00e4hlens<\/h2><\/div><\/div>[vc_column_text]Der Hauptvorteil des Z\u00e4hlens nach Gewicht besteht darin, dass sowohl M\u00fcnzen und Banknoten als auch M\u00fcnzs\u00e4cke und -rollen sowie Banknotenb\u00fcndel gez\u00e4hlt werden k\u00f6nnen. Ist die Geldwaage einmal kalibriert, k\u00f6nnen sogar bargeldlose Gegenst\u00e4nde wie Wertm\u00fcnzen oder Gutscheine gez\u00e4hlt werden. Banknotenz\u00e4hler und M\u00fcnzz\u00e4hler sind in dieser Hinsicht begrenzt.<\/p>\n<p>Geldwaagen hingegen sind auf das Z\u00e4hlen sortierter M\u00fcnzen und Banknoten beschr\u00e4nkt. Au\u00dferdem erf\u00fcllen Banknotenz\u00e4hler und M\u00fcnzz\u00e4hler Funktionen wie die B\u00fcndelz\u00e4hlung und Falschgelderkennung. Welches Z\u00e4hlger\u00e4t am besten geeignet ist, h\u00e4ngt letztlich von den Anforderungen des Benutzers ab.[\/vc_column_text]<div data-enable_animator='' class='wpb_animate_when_almost_visible gambit-css-animation slide-elastic-to-right ' style='-webkit-animation-duration: 2s;-moz-animation-duration: 2s;-ms-animation-duration: 2s;-o-animation-duration: 2s;animation-duration: 2s;opacity: 0;-webkit-animation-delay: 0.1s;-moz-animation-delay: 0.1s;-ms-animation-delay: 0.1s;-o-animation-delay: 0.1s;animation-delay: 0.1s'><div id=\"ultimate-heading-739869f8cdef286bb\" class=\"uvc-heading ult-adjust-bottom-margin ultimate-heading-739869f8cdef286bb uvc-1874 \" data-hspacer=\"no_spacer\"  data-halign=\"left\" style=\"text-align:left\"><div class=\"uvc-heading-spacer no_spacer\" style=\"top\"><\/div><div class=\"uvc-main-heading ult-responsive\"  data-ultimate-target='.uvc-heading.ultimate-heading-739869f8cdef286bb h2'  data-responsive-json-new='{\"font-size\":\"desktop:18px;\",\"line-height\":\"desktop:22px;\"}' ><h2 style=\"font-family:&#039;Titillium Web&#039;;font-weight:300;color:#6f6f6e;\">Bestens geeignet f\u00fcr<\/h2><\/div><div class=\"uvc-sub-heading ult-responsive\"  data-ultimate-target='.uvc-heading.ultimate-heading-739869f8cdef286bb .uvc-sub-heading '  data-responsive-json-new='{\"font-size\":\"desktop:36px;\",\"line-height\":\"\"}'  style=\"font-family:&#039;Titillium Web&#039;;font-weight:200;color:#1c75b9;\">die Z\u00e4hlung der Kassen<\/div><\/div><\/div>[\/vc_column][vc_column el_class=&#8220;pull-lg-5&#8243; offset=&#8220;vc_col-lg-7 vc_col-md-7 vc_col-xs-12&#8243;][vc_single_image image=&#8220;127057&#8243; img_size=&#8220;full&#8220; alignment=&#8220;center&#8220;][\/vc_column][\/vc_row][vc_row full_width=&#8220;stretch_row&#8220; content_placement=&#8220;middle&#8220; css_animation=&#8220;fadeIn&#8220; css=&#8220;.vc_custom_1488373607733{background-color: #fafafa !important;}&#8220; bbvcedo_x_large_css=&#8220;.vc_custom_1488373607734{padding-top: 0px !important;padding-bottom: 0px !important;}&#8220; bbvcedo_small_css=&#8220;.vc_custom_1488373607737{padding-top: 0px !important;padding-bottom: 0px !important;}&#8220;][vc_column offset=&#8220;vc_col-lg-5 vc_col-md-5 vc_col-xs-12&#8243;]<div id=\"ultimate-heading-729369f8cdef286ff\" class=\"uvc-heading ult-adjust-bottom-margin ultimate-heading-729369f8cdef286ff uvc-7932 \" data-hspacer=\"no_spacer\"  data-halign=\"left\" style=\"text-align:left\"><div class=\"uvc-heading-spacer no_spacer\" style=\"top\"><\/div><div class=\"uvc-main-heading ult-responsive\"  data-ultimate-target='.uvc-heading.ultimate-heading-729369f8cdef286ff h2'  data-responsive-json-new='{\"font-size\":\"desktop:42px;\",\"line-height\":\"desktop:48px;\"}' ><h2 style=\"font-family:&#039;Titillium Web&#039;;font-weight:200;color:#1c75b9;margin-bottom:30px;\">Die Zuverl\u00e4ssigkeit der gewichtsbasierten Z\u00e4hlung<\/h2><\/div><\/div>[vc_column_text]Die gewichtsbasierte Z\u00e4hlung ist eine bew\u00e4hrte Methode, um Bargeld auf zuverl\u00e4ssige Weise zu z\u00e4hlen. Au\u00dferdem weisen M\u00fcnzen und Banknoten oft leichte Gewichtsschwankungen auf, da sie Schmutz und Fett aufnehmen. Pr\u00e4zisionsgeldwaagen wie die ZZap MS40 sind so programmiert, dass sie diese Schwankungen durch Gewichtstoleranzen ber\u00fccksichtigen. Auf diese Weise k\u00f6nnen Geldz\u00e4hlwaagen M\u00fcnzen und Banknoten schnell, genau und zuverl\u00e4ssig z\u00e4hlen.[\/vc_column_text]<div data-enable_animator='' class='wpb_animate_when_almost_visible gambit-css-animation slide-elastic-to-right ' style='-webkit-animation-duration: 2s;-moz-animation-duration: 2s;-ms-animation-duration: 2s;-o-animation-duration: 2s;animation-duration: 2s;opacity: 0;-webkit-animation-delay: 0.1s;-moz-animation-delay: 0.1s;-ms-animation-delay: 0.1s;-o-animation-delay: 0.1s;animation-delay: 0.1s'><div id=\"ultimate-heading-673069f8cdef287c9\" class=\"uvc-heading ult-adjust-bottom-margin ultimate-heading-673069f8cdef287c9 uvc-7926 \" data-hspacer=\"no_spacer\"  data-halign=\"left\" style=\"text-align:left\"><div class=\"uvc-heading-spacer no_spacer\" style=\"top\"><\/div><div class=\"uvc-main-heading ult-responsive\"  data-ultimate-target='.uvc-heading.ultimate-heading-673069f8cdef287c9 h2'  data-responsive-json-new='{\"font-size\":\"desktop:18px;\",\"line-height\":\"desktop:22px;\"}' ><h2 style=\"font-family:&#039;Titillium Web&#039;;font-weight:300;color:#6f6f6e;\">Z\u00e4hlt Bargeld in<\/h2><\/div><div class=\"uvc-sub-heading ult-responsive\"  data-ultimate-target='.uvc-heading.ultimate-heading-673069f8cdef287c9 .uvc-sub-heading '  data-responsive-json-new='{\"font-size\":\"desktop:36px;\",\"line-height\":\"\"}'  style=\"font-family:&#039;Titillium Web&#039;;font-weight:200;color:#1c75b9;margin-bottom:30px;\">weniger als einer Sekunde<\/div><\/div><div id=\"ultimate-heading-454469f8cdef28804\" class=\"uvc-heading ult-adjust-bottom-margin ultimate-heading-454469f8cdef28804 uvc-5835 \" data-hspacer=\"no_spacer\"  data-halign=\"left\" style=\"text-align:left\"><div class=\"uvc-heading-spacer no_spacer\" style=\"top\"><\/div><div class=\"uvc-main-heading ult-responsive\"  data-ultimate-target='.uvc-heading.ultimate-heading-454469f8cdef28804 h2'  data-responsive-json-new='{\"font-size\":\"desktop:18px;\",\"line-height\":\"desktop:22px;\"}' ><h2 style=\"font-family:&#039;Titillium Web&#039;;font-weight:300;color:#6f6f6e;\">Z\u00e4hlt<\/h2><\/div><div class=\"uvc-sub-heading ult-responsive\"  data-ultimate-target='.uvc-heading.ultimate-heading-454469f8cdef28804 .uvc-sub-heading '  data-responsive-json-new='{\"font-size\":\"desktop:36px;\",\"line-height\":\"\"}'  style=\"font-family:&#039;Titillium Web&#039;;font-weight:200;color:#1c75b9;\">4 W\u00e4hrungen<\/div><\/div><\/div>[\/vc_column][vc_column offset=&#8220;vc_col-lg-offset-1 vc_col-lg-5 vc_col-md-offset-1 vc_col-md-5 vc_col-xs-12&#8243;][vc_single_image image=&#8220;194680&#8243; img_size=&#8220;full&#8220; alignment=&#8220;center&#8220;][\/vc_column][\/vc_row][vc_row content_placement=&#8220;middle&#8220; css_animation=&#8220;fadeIn&#8220;][vc_column el_class=&#8220;push-lg-7&#8243; offset=&#8220;vc_col-lg-5 vc_col-md-5 vc_col-xs-12&#8243;]<div id=\"ultimate-heading-71969f8cdef28842\" class=\"uvc-heading ult-adjust-bottom-margin ultimate-heading-71969f8cdef28842 uvc-3422 \" data-hspacer=\"no_spacer\"  data-halign=\"left\" style=\"text-align:left\"><div class=\"uvc-heading-spacer no_spacer\" style=\"top\"><\/div><div class=\"uvc-main-heading ult-responsive\"  data-ultimate-target='.uvc-heading.ultimate-heading-71969f8cdef28842 h2'  data-responsive-json-new='{\"font-size\":\"desktop:42px;\",\"line-height\":\"desktop:48px;\"}' ><h2 style=\"font-family:&#039;Titillium Web&#039;;font-weight:200;color:#1c75b9;margin-bottom:30px;\">Z\u00e4hlung bargeldloser Gegenst\u00e4nde<\/h2><\/div><\/div>[vc_column_text]Einige gewichtsbasierte Z\u00e4hler k\u00f6nnen so kalibriert werden, dass sie bargeldlose Gegenst\u00e4nde mit demselben Gewicht z\u00e4hlen, z. B. Wertm\u00fcnzen, Gutscheine, Casino-Chips, Tickets usw. Ein allgemeines Kalibrierungsverfahren besteht darin, eine Reihe von Gegenst\u00e4nden auf die Waage zu legen und dann die Anzahl der Gegenst\u00e4nde in die Waage einzugeben. Daraus kann die Waage das Durchschnittsgewicht eines St\u00fccks errechnen, so dass sie eine beliebige Anzahl von auf die Waage gelegten St\u00fccken berechnen kann.[\/vc_column_text][\/vc_column][vc_column el_class=&#8220;pull-lg-5&#8243; offset=&#8220;vc_col-lg-7 vc_col-md-7 vc_col-xs-12&#8243;][vc_single_image image=&#8220;127082&#8243; img_size=&#8220;full&#8220; alignment=&#8220;center&#8220;][\/vc_column][\/vc_row][vc_row][vc_column][vc_single_image image=&#8220;217087&#8243; img_size=&#8220;full&#8220; alignment=&#8220;center&#8220; onclick=&#8220;custom_link&#8220; css=&#8220;&#8220; link=&#8220;https:\/\/www.zzap.com\/de\/shop\/category\/geldwaagen\/&#8220;][\/vc_column][\/vc_row]<\/p>\n<\/div>","protected":false},"excerpt":{"rendered":"<p>[vc_row][vc_column][vc_column_text]ZZap-Geldz\u00e4hlwaagen sind die ultimativen zeitsparenden Allesk\u00f6nner. Sie haben die einzigartige F\u00e4higkeit, M\u00fcnzen, Banknoten, M\u00fcnzrollen\/-s\u00e4cke, Banknotenb\u00fcndel und bargeldlose Gegenst\u00e4nde zu z\u00e4hlen. Bevor wir uns mit ihrer Funktionsweise befassen, werfen wir einen Blick auf die verschiedenen Arten von Geldz\u00e4hlwaagen.[\/vc_column_text][\/vc_column][\/vc_row][vc_row full_width=&#8220;stretch_row&#8220; content_placement=&#8220;middle&#8220; css_animation=&#8220;fadeIn&#8220; css=&#8220;.vc_custom_1487009166758{background-color: #fafafa !important;}&#8220;][vc_column offset=&#8220;vc_col-lg-5 vc_col-md-5 vc_col-xs-12&#8243;][vc_column_text]M\u00fcnzz\u00e4hlwaagen wie die ZZap MS10 z\u00e4hlen nur M\u00fcnzen und M\u00fcnzs\u00e4cke\/-rollen. &hellip; <a href=\"https:\/\/www.zzap.com\/de\/wie-funktionieren-die-zzap-geldzaehlwaagen\/\"><button type=\"button\" class=\"btn btn-info btn-md\">Mehr lesen<\/button><\/a><\/p>\n","protected":false},"author":2,"featured_media":0,"parent":0,"menu_order":130,"comment_status":"closed","ping_status":"closed","template":"","meta":{"_acf_changed":false,"footnotes":""},"acf":[],"_links":{"self":[{"href":"https:\/\/www.zzap.com\/de\/wp-json\/wp\/v2\/pages\/216144"}],"collection":[{"href":"https:\/\/www.zzap.com\/de\/wp-json\/wp\/v2\/pages"}],"about":[{"href":"https:\/\/www.zzap.com\/de\/wp-json\/wp\/v2\/types\/page"}],"author":[{"embeddable":true,"href":"https:\/\/www.zzap.com\/de\/wp-json\/wp\/v2\/users\/2"}],"replies":[{"embeddable":true,"href":"https:\/\/www.zzap.com\/de\/wp-json\/wp\/v2\/comments?post=216144"}],"version-history":[{"count":8,"href":"https:\/\/www.zzap.com\/de\/wp-json\/wp\/v2\/pages\/216144\/revisions"}],"predecessor-version":[{"id":224792,"href":"https:\/\/www.zzap.com\/de\/wp-json\/wp\/v2\/pages\/216144\/revisions\/224792"}],"wp:attachment":[{"href":"https:\/\/www.zzap.com\/de\/wp-json\/wp\/v2\/media?parent=216144"}],"curies":[{"name":"wp","href":"https:\/\/api.w.org\/{rel}","templated":true}]}}