{"id":213251,"date":"2017-02-13T10:03:38","date_gmt":"2017-02-13T10:03:38","guid":{"rendered":"https:\/\/www.zzap.com\/how-zzap-coin-counters-work\/"},"modified":"2024-04-17T13:01:38","modified_gmt":"2024-04-17T12:01:38","slug":"wie-funktionieren-die-zzap-muenzzaehler","status":"publish","type":"page","link":"https:\/\/www.zzap.com\/de\/wie-funktionieren-die-zzap-muenzzaehler\/","title":{"rendered":"Wie funktionieren die ZZap-M\u00fcnzz\u00e4hler?"},"content":{"rendered":"<div class=\"wpb-content-wrapper\"><p>[vc_row][vc_column css=&#8220;.vc_custom_1487003079374{padding-bottom: 30px !important;}&#8220;]<div id=\"ultimate-heading-311269e1ec304ffe5\" class=\"uvc-heading ult-adjust-bottom-margin ultimate-heading-311269e1ec304ffe5 uvc-7213 \" data-hspacer=\"no_spacer\"  data-halign=\"left\" style=\"text-align:left\"><div class=\"uvc-heading-spacer no_spacer\" style=\"top\"><\/div><div class=\"uvc-main-heading ult-responsive\"  data-ultimate-target='.uvc-heading.ultimate-heading-311269e1ec304ffe5 h1'  data-responsive-json-new='{\"font-size\":\"desktop:55px;\",\"line-height\":\"\"}' ><h1 style=\"font-family:&#039;Titillium Web&#039;;font-weight:200;color:#1c75b9;margin-top:47px;margin-bottom:22px;\">Wie funktionieren die ZZap-M\u00fcnzz\u00e4hler?<\/h1><\/div><\/div>[vc_column_text]ZZap-M\u00fcnzz\u00e4hler wurden entwickelt, um den Cash-Handling-Prozess zu vereinfachen, Zeit zu sparen und menschliche Fehler zu vermeiden. Bevor wir uns mit ihrer Funktionsweise befassen, ist es wichtig, die verschiedenen Arten von M\u00fcnzz\u00e4hlern genau zu kennen.[\/vc_column_text][\/vc_column][\/vc_row][vc_row full_width=&#8220;stretch_row&#8220; css_animation=&#8220;none&#8220; css=&#8220;.vc_custom_1489682363549{background-color: #fafafa !important;}&#8220;][vc_column offset=&#8220;vc_col-lg-5 vc_col-md-5 vc_col-xs-12&#8243;]<div id=\"ultimate-heading-731369e1ec305003c\" class=\"uvc-heading ult-adjust-bottom-margin ultimate-heading-731369e1ec305003c uvc-93 \" data-hspacer=\"no_spacer\"  data-halign=\"left\" style=\"text-align:left\"><div class=\"uvc-heading-spacer no_spacer\" style=\"top\"><\/div><div class=\"uvc-main-heading ult-responsive\"  data-ultimate-target='.uvc-heading.ultimate-heading-731369e1ec305003c h2'  data-responsive-json-new='{\"font-size\":\"desktop:42px;\",\"line-height\":\"\"}' ><h2 style=\"font-family:&#039;Titillium Web&#039;;font-weight:200;color:#1c75b9;\">Arten von M\u00fcnzz\u00e4hlern<\/h2><\/div><\/div><div id=\"ultimate-heading-698869e1ec305007b\" class=\"uvc-heading ult-adjust-bottom-margin ultimate-heading-698869e1ec305007b uvc-1239 \" data-hspacer=\"no_spacer\"  data-halign=\"left\" style=\"text-align:left\"><div class=\"uvc-heading-spacer no_spacer\" style=\"top\"><\/div><div class=\"uvc-main-heading ult-responsive\"  data-ultimate-target='.uvc-heading.ultimate-heading-698869e1ec305007b h3'  data-responsive-json-new='{\"font-size\":\"desktop:34px;\",\"line-height\":\"\"}' ><h3 style=\"font-family:&#039;Titillium Web&#039;;font-weight:200;color:#6f6f6e;margin-bottom:30px;\">M\u00fcnzsortierer<\/h3><\/div><\/div>[vc_column_text]M\u00fcnzsortierer wie der ZZap CS10 sortieren die M\u00fcnzen in separate R\u00f6hren. Sobald die M\u00fcnzen sortiert sind, m\u00fcssen sie manuell gez\u00e4hlt werden. Um die Arbeit zu erleichtern, ist der ZZap CS10 mit Markierungen auf jeder R\u00f6hre versehen, die die gez\u00e4hlte Menge anzeigen.[\/vc_column_text][vc_row_inner][vc_column_inner offset=&#8220;vc_col-lg-10 vc_col-md-10 vc_col-xs-12&#8243;]<div data-enable_animator='' class='wpb_animate_when_almost_visible gambit-css-animation slide-elastic-to-bottom ' style='-webkit-animation-duration: 2.5s;-moz-animation-duration: 2.5s;-ms-animation-duration: 2.5s;-o-animation-duration: 2.5s;animation-duration: 2.5s;opacity: 0;-webkit-animation-delay: 0.1s;-moz-animation-delay: 0.1s;-ms-animation-delay: 0.1s;-o-animation-delay: 0.1s;animation-delay: 0.1s'><div class=\"ult-content-box-container slideInLeft\" >\t\t<div class=\"ult-content-box\" style=\"background-color:#ffffff;box-shadow: 0px 0px 50px 0px rgba(0,0,0,0.05) ;border-style:solid;border-radius:11px;border-color:#ffffff;padding-top:57px;padding-right:30px;padding-bottom:57px;padding-left:30px;margin-bottom:40px;-webkit-transition: all 700ms ease;-moz-transition: all 700ms ease;-ms-transition: all 700ms ease;-o-transition: all 700ms ease;transition: all 700ms ease;\"  data-hover_box_shadow=\" 0px 0px 50px 0px rgba(0,0,0,0.05) \"    data-normal_margins=\"margin-bottom:40px;\"   data-bg=\"#ffffff\"  data-border_color=\"#ffffff\" ><div id=\"ultimate-heading-198969e1ec30501f1\" class=\"uvc-heading ult-adjust-bottom-margin ultimate-heading-198969e1ec30501f1 uvc-4034 \" data-hspacer=\"no_spacer\"  data-halign=\"center\" style=\"text-align:center\"><div class=\"uvc-heading-spacer no_spacer\" style=\"top\"><\/div><div class=\"uvc-main-heading ult-responsive\"  data-ultimate-target='.uvc-heading.ultimate-heading-198969e1ec30501f1 h3'  data-responsive-json-new='{\"font-size\":\"desktop:17px;\",\"line-height\":\"\"}' ><h3 style=\"font-family:&#039;Open Sans&#039;;font-weight:300;color:#6f6f6e;\">Perfekt f\u00fcr<\/h3><\/div><\/div><div id=\"ultimate-heading-567969e1ec305022e\" class=\"uvc-heading ult-adjust-bottom-margin ultimate-heading-567969e1ec305022e uvc-7795 \" data-hspacer=\"no_spacer\"  data-halign=\"center\" style=\"text-align:center\"><div class=\"uvc-heading-spacer no_spacer\" style=\"top\"><\/div><div class=\"uvc-main-heading ult-responsive\"  data-ultimate-target='.uvc-heading.ultimate-heading-567969e1ec305022e h3'  data-responsive-json-new='{\"font-size\":\"desktop:35px;\",\"line-height\":\"\"}' ><h3 style=\"font-family:&#039;Titillium Web&#039;;font-weight:200;color:#1c75b9;\">kleines M\u00fcnzvolumen<\/h3><\/div><\/div>\t\t<\/div><\/div><div class=\"ult-content-box-container \" >\t\t<div class=\"ult-content-box\" style=\"background-color:#ffffff;box-shadow: 0px 0px 50px 0px rgba(0,0,0,0.05) ;border-style:solid;border-radius:11px;border-color:#ffffff;padding:30px;margin-bottom:30px;-webkit-transition: all 700ms ease;-moz-transition: all 700ms ease;-ms-transition: all 700ms ease;-o-transition: all 700ms ease;transition: all 700ms ease;\"  data-hover_box_shadow=\" 0px 0px 50px 0px rgba(0,0,0,0.05) \"    data-normal_margins=\"margin-bottom:30px;\"   data-bg=\"#ffffff\"  data-border_color=\"#ffffff\" ><div id=\"ultimate-heading-112469e1ec30502b5\" class=\"uvc-heading ult-adjust-bottom-margin ultimate-heading-112469e1ec30502b5 uvc-3520 \" data-hspacer=\"no_spacer\"  data-halign=\"center\" style=\"text-align:center\"><div class=\"uvc-heading-spacer no_spacer\" style=\"top\"><\/div><div class=\"uvc-main-heading ult-responsive\"  data-ultimate-target='.uvc-heading.ultimate-heading-112469e1ec30502b5 h3'  data-responsive-json-new='{\"font-size\":\"desktop:35px;\",\"line-height\":\"\"}' ><h3 style=\"font-family:&#039;Titillium Web&#039;;font-weight:200;color:#1c75b9;\">kompakt<\/h3><\/div><\/div><div id=\"ultimate-heading-868069e1ec30502ea\" class=\"uvc-heading ult-adjust-bottom-margin ultimate-heading-868069e1ec30502ea uvc-1837 \" data-hspacer=\"no_spacer\"  data-halign=\"center\" style=\"text-align:center\"><div class=\"uvc-heading-spacer no_spacer\" style=\"top\"><\/div><div class=\"uvc-main-heading ult-responsive\"  data-ultimate-target='.uvc-heading.ultimate-heading-868069e1ec30502ea h3'  data-responsive-json-new='{\"font-size\":\"desktop:17px;\",\"line-height\":\"\"}' ><h3 style=\"font-family:&#039;Open Sans&#039;;font-weight:300;color:#6f6f6e;\">und<\/h3><\/div><\/div><div id=\"ultimate-heading-75469e1ec305031d\" class=\"uvc-heading ult-adjust-bottom-margin ultimate-heading-75469e1ec305031d uvc-6495 \" data-hspacer=\"no_spacer\"  data-halign=\"center\" style=\"text-align:center\"><div class=\"uvc-heading-spacer no_spacer\" style=\"top\"><\/div><div class=\"uvc-main-heading ult-responsive\"  data-ultimate-target='.uvc-heading.ultimate-heading-75469e1ec305031d h3'  data-responsive-json-new='{\"font-size\":\"desktop:35px;\",\"line-height\":\"\"}' ><h3 style=\"font-family:&#039;Titillium Web&#039;;font-weight:200;color:#1c75b9;\">tragbar<\/h3><\/div><\/div>\t\t<\/div><\/div><\/div>[\/vc_column_inner][vc_column_inner width=&#8220;1\/6&#8243;][\/vc_column_inner][\/vc_row_inner][\/vc_column][vc_column width=&#8220;1\/12&#8243;][\/vc_column][vc_column bbvcedo_small_css=&#8220;.vc_custom_1496414873964{padding-top: 50px !important;}&#8220; offset=&#8220;vc_col-lg-6 vc_col-md-6 vc_col-xs-12&#8243;][vc_single_image image=&#8220;62031&#8243; img_size=&#8220;full&#8220; alignment=&#8220;center&#8220;][\/vc_column][\/vc_row][vc_row css_animation=&#8220;fadeIn&#8220; bbvcedo_large_css=&#8220;.vc_custom_1488719435046{padding-top: 60px !important;}&#8220; bbvcedo_medium_css=&#8220;.vc_custom_1488719435047{padding-top: 0px !important;}&#8220; bbvcedo_small_css=&#8220;.vc_custom_1488719435049{padding-top: 0px !important;}&#8220; bbvcedo_x_large_css=&#8220;.vc_custom_1488719435045{padding-top: 60px !important;}&#8220;][vc_column el_class=&#8220;push-lg-7&#8243; offset=&#8220;vc_col-lg-5 vc_col-md-5 vc_col-xs-12&#8243;]<div id=\"ultimate-heading-110969e1ec3050386\" class=\"uvc-heading ult-adjust-bottom-margin ultimate-heading-110969e1ec3050386 uvc-126 \" data-hspacer=\"no_spacer\"  data-halign=\"left\" style=\"text-align:left\"><div class=\"uvc-heading-spacer no_spacer\" style=\"top\"><\/div><div class=\"uvc-main-heading ult-responsive\"  data-ultimate-target='.uvc-heading.ultimate-heading-110969e1ec3050386 h3'  data-responsive-json-new='{\"font-size\":\"desktop:34px;\",\"line-height\":\"\"}' ><h3 style=\"font-family:&#039;Titillium Web&#039;;font-weight:200;color:#6f6f6e;margin-bottom:30px;\">M\u00fcnzz\u00e4hler<\/h3><\/div><\/div>[vc_column_text]M\u00fcnzz\u00e4hler wie der ZZap CC10 k\u00f6nnen jeweils nur eine St\u00fcckelung z\u00e4hlen. Der Benutzer kann die St\u00fcckelung mit Hilfe der Drehkn\u00f6pfe am Ger\u00e4t ausw\u00e4hlen. M\u00fcnzz\u00e4hler sind ideal f\u00fcr Spielhallen und andere Einrichtungen, die mit gro\u00dfen Mengen vorsortierter M\u00fcnzen arbeiten.[\/vc_column_text][vc_row_inner][vc_column_inner offset=&#8220;vc_col-lg-10 vc_col-md-10 vc_col-xs-12&#8243;]<div class=\"ult-content-box-container \" >\t\t<div class=\"ult-content-box\" style=\"background-color:#ffffff;box-shadow: 0px 0px 50px 0px rgba(0,0,0,0.05) ;border-style:solid;border-radius:11px;border-color:#ffffff;padding-top:57px;padding-right:30px;padding-bottom:57px;padding-left:30px;margin-bottom:40px;-webkit-transition: all 700ms ease;-moz-transition: all 700ms ease;-ms-transition: all 700ms ease;-o-transition: all 700ms ease;transition: all 700ms ease;\"  data-hover_box_shadow=\" 0px 0px 50px 0px rgba(0,0,0,0.05) \"    data-normal_margins=\"margin-bottom:40px;\"   data-bg=\"#ffffff\"  data-border_color=\"#ffffff\" ><div id=\"ultimate-heading-231469e1ec3050405\" class=\"uvc-heading ult-adjust-bottom-margin ultimate-heading-231469e1ec3050405 uvc-9924 \" data-hspacer=\"no_spacer\"  data-halign=\"center\" style=\"text-align:center\"><div class=\"uvc-heading-spacer no_spacer\" style=\"top\"><\/div><div class=\"uvc-main-heading ult-responsive\"  data-ultimate-target='.uvc-heading.ultimate-heading-231469e1ec3050405 h3'  data-responsive-json-new='{\"font-size\":\"desktop:17px;\",\"line-height\":\"\"}' ><h3 style=\"font-family:&#039;Open Sans&#039;;font-weight:300;color:#6f6f6e;\">Perfekt zum Z\u00e4hlen von<\/h3><\/div><\/div><div id=\"ultimate-heading-862369e1ec3050439\" class=\"uvc-heading ult-adjust-bottom-margin ultimate-heading-862369e1ec3050439 uvc-5229 \" data-hspacer=\"no_spacer\"  data-halign=\"center\" style=\"text-align:center\"><div class=\"uvc-heading-spacer no_spacer\" style=\"top\"><\/div><div class=\"uvc-main-heading ult-responsive\"  data-ultimate-target='.uvc-heading.ultimate-heading-862369e1ec3050439 h3'  data-responsive-json-new='{\"font-size\":\"desktop:35px;\",\"line-height\":\"\"}' ><h3 style=\"font-family:&#039;Titillium Web&#039;;font-weight:200;color:#1c75b9;\">vorsortierte M\u00fcnzen<\/h3><\/div><\/div>\t\t<\/div><\/div><div class=\"ult-content-box-container \" >\t\t<div class=\"ult-content-box\" style=\"background-color:#ffffff;box-shadow: 0px 0px 50px 0px rgba(0,0,0,0.05) ;border-style:solid;border-radius:11px;border-color:#ffffff;padding-top:57px;padding-right:30px;padding-bottom:57px;padding-left:30px;-webkit-transition: all 700ms ease;-moz-transition: all 700ms ease;-ms-transition: all 700ms ease;-o-transition: all 700ms ease;transition: all 700ms ease;\"  data-hover_box_shadow=\" 0px 0px 50px 0px rgba(0,0,0,0.05) \"     data-bg=\"#ffffff\"  data-border_color=\"#ffffff\" ><div id=\"ultimate-heading-53769e1ec30504b4\" class=\"uvc-heading ult-adjust-bottom-margin ultimate-heading-53769e1ec30504b4 uvc-4911 \" data-hspacer=\"no_spacer\"  data-halign=\"center\" style=\"text-align:center\"><div class=\"uvc-heading-spacer no_spacer\" style=\"top\"><\/div><div class=\"uvc-main-heading ult-responsive\"  data-ultimate-target='.uvc-heading.ultimate-heading-53769e1ec30504b4 h3'  data-responsive-json-new='{\"font-size\":\"desktop:17px;\",\"line-height\":\"\"}' ><h3 style=\"font-family:&#039;Open Sans&#039;;font-weight:300;color:#6f6f6e;\">Konzipiert f\u00fcr<\/h3><\/div><\/div><div id=\"ultimate-heading-692969e1ec30504e7\" class=\"uvc-heading ult-adjust-bottom-margin ultimate-heading-692969e1ec30504e7 uvc-205 \" data-hspacer=\"no_spacer\"  data-halign=\"center\" style=\"text-align:center\"><div class=\"uvc-heading-spacer no_spacer\" style=\"top\"><\/div><div class=\"uvc-main-heading ult-responsive\"  data-ultimate-target='.uvc-heading.ultimate-heading-692969e1ec30504e7 h3'  data-responsive-json-new='{\"font-size\":\"desktop:35px;\",\"line-height\":\"\"}' ><h3 style=\"font-family:&#039;Titillium Web&#039;;font-weight:200;color:#1c75b9;\">gro\u00dfe M\u00fcnzvolumen<\/h3><\/div><\/div>\t\t<\/div><\/div>[\/vc_column_inner][vc_column_inner width=&#8220;2\/12&#8243;][\/vc_column_inner][\/vc_row_inner][\/vc_column][vc_column width=&#8220;1\/12&#8243; offset=&#8220;vc_hidden-sm vc_hidden-xs&#8220;][\/vc_column][vc_column el_class=&#8220;pull-lg-6&#8243; bbvcedo_small_css=&#8220;.vc_custom_1496405934558{padding-top: 50px !important;}&#8220; offset=&#8220;vc_col-lg-6 vc_col-md-6 vc_col-xs-12&#8243;][vc_single_image image=&#8220;178276&#8243; img_size=&#8220;full&#8220; alignment=&#8220;center&#8220;][\/vc_column][\/vc_row][vc_row full_width=&#8220;stretch_row&#8220; css_animation=&#8220;fadeIn&#8220; css=&#8220;.vc_custom_1489682398340{background-color: #fafafa !important;}&#8220;][vc_column]<div id=\"ultimate-heading-612769e1ec3050522\" class=\"uvc-heading ult-adjust-bottom-margin ultimate-heading-612769e1ec3050522 uvc-7195 \" data-hspacer=\"no_spacer\"  data-halign=\"center\" style=\"text-align:center\"><div class=\"uvc-heading-spacer no_spacer\" style=\"top\"><\/div><div class=\"uvc-main-heading ult-responsive\"  data-ultimate-target='.uvc-heading.ultimate-heading-612769e1ec3050522 h3'  data-responsive-json-new='{\"font-size\":\"desktop:34px;\",\"line-height\":\"\"}' ><h3 style=\"font-family:&#039;Titillium Web&#039;;font-weight:200;color:#6f6f6e;\">M\u00fcnzz\u00e4hler &amp; Sortierer<\/h3><\/div><\/div>[vc_row_inner][vc_column_inner width=&#8220;1\/4&#8243;][\/vc_column_inner][vc_column_inner offset=&#8220;vc_col-lg-6 vc_col-md-6 vc_col-xs-12&#8243;][vc_column_text]M\u00fcnzz\u00e4hler und -sortierer wie der ZZap CS30 sortieren die M\u00fcnzen in separate F\u00e4cher und zeigen den Gesamtwert und die gez\u00e4hlte Menge an. Sie k\u00f6nnen auch den Gesamtwert und die Anzahl der gez\u00e4hlten M\u00fcnzen f\u00fcr jede St\u00fcckelung anzeigen.[\/vc_column_text][\/vc_column_inner][vc_column_inner width=&#8220;1\/4&#8243;][\/vc_column_inner][\/vc_row_inner][vc_single_image image=&#8220;193404&#8243; img_size=&#8220;full&#8220; alignment=&#8220;center&#8220;][\/vc_column][\/vc_row][vc_row css=&#8220;.vc_custom_1487003947101{padding-bottom: 120px !important;}&#8220; bbvcedo_small_css=&#8220;.vc_custom_1487003947107{padding-bottom: 30px !important;}&#8220;][vc_column el_class=&#8220;push-lg-8&#8243; offset=&#8220;vc_col-lg-4 vc_col-md-4 vc_col-xs-12&#8243;]<div id=\"ultimate-heading-580569e1ec3050555\" class=\"uvc-heading ult-adjust-bottom-margin ultimate-heading-580569e1ec3050555 uvc-748 \" data-hspacer=\"no_spacer\"  data-halign=\"left\" style=\"text-align:left\"><div class=\"uvc-heading-spacer no_spacer\" style=\"top\"><\/div><div class=\"uvc-main-heading ult-responsive\"  data-ultimate-target='.uvc-heading.ultimate-heading-580569e1ec3050555 h4'  data-responsive-json-new='{\"font-size\":\"desktop:42px;\",\"line-height\":\"desktop:44px;\"}' ><h4 style=\"font-family:&#039;Titillium Web&#039;;font-weight:200;color:#1c75b9;margin-bottom:20px;\">Funktionalit\u00e4t der M\u00fcnzz\u00e4hler<\/h4><\/div><\/div>[vc_column_text]M\u00fcnzz\u00e4hler sind nicht alle gleich. Ihre Z\u00e4hlgeschwindigkeit, ihre Funktionalit\u00e4t und ihr Design variieren. So gibt es einerseits M\u00fcnzsortierer wie den ZZap CS10, der nur eine Funktion erf\u00fcllt und eine niedrige Sortiergeschwindigkeit hat (aber immer noch viel schneller ist, als wenn Sie die M\u00fcnzen manuell sortieren). Andererseits gibt es M\u00fcnzz\u00e4hler wie den ZZap CS80, der anspruchsvolle M\u00fcnzr\u00fcckweisungen vornimmt und f\u00fcr die Verarbeitung von Millionen von M\u00fcnzen pro Jahr ausgelegt ist.[\/vc_column_text]<div data-enable_animator='' class='wpb_animate_when_almost_visible gambit-css-animation slide-elastic-to-right ' style='-webkit-animation-duration: 2s;-moz-animation-duration: 2s;-ms-animation-duration: 2s;-o-animation-duration: 2s;animation-duration: 2s;opacity: 0;-webkit-animation-delay: 0.1s;-moz-animation-delay: 0.1s;-ms-animation-delay: 0.1s;-o-animation-delay: 0.1s;animation-delay: 0.1s'><div id=\"ultimate-heading-291569e1ec30505f8\" class=\"uvc-heading ult-adjust-bottom-margin ultimate-heading-291569e1ec30505f8 uvc-2285 \" data-hspacer=\"no_spacer\"  data-halign=\"left\" style=\"text-align:left\"><div class=\"uvc-heading-spacer no_spacer\" style=\"top\"><\/div><div class=\"uvc-main-heading ult-responsive\"  data-ultimate-target='.uvc-heading.ultimate-heading-291569e1ec30505f8 h4'  data-responsive-json-new='{\"font-size\":\"desktop:18px;\",\"line-height\":\"\"}' ><h4 style=\"font-family:&#039;Titillium Web&#039;;font-weight:300;color:#6f6f6e;margin-top:0px;margin-bottom:0px;\">Ausl\u00e4ndische und gef\u00e4lschte<\/h4><\/div><div class=\"uvc-sub-heading ult-responsive\"  data-ultimate-target='.uvc-heading.ultimate-heading-291569e1ec30505f8 .uvc-sub-heading '  data-responsive-json-new='{\"font-size\":\"desktop:36px;\",\"line-height\":\"desktop:30px;\"}'  style=\"font-family:&#039;Titillium Web&#039;;font-weight:200;color:#1c75b9;margin-bottom:20px;\">M\u00fcnzr\u00fcckweisung<\/div><\/div><\/div><div data-enable_animator='' class='wpb_animate_when_almost_visible gambit-css-animation slide-elastic-to-right ' style='-webkit-animation-duration: 2s;-moz-animation-duration: 2s;-ms-animation-duration: 2s;-o-animation-duration: 2s;animation-duration: 2s;opacity: 0;-webkit-animation-delay: 0.6s;-moz-animation-delay: 0.6s;-ms-animation-delay: 0.6s;-o-animation-delay: 0.6s;animation-delay: 0.6s'><div id=\"ultimate-heading-579369e1ec30506a2\" class=\"uvc-heading ult-adjust-bottom-margin ultimate-heading-579369e1ec30506a2 uvc-5720 \" data-hspacer=\"no_spacer\"  data-halign=\"left\" style=\"text-align:left\"><div class=\"uvc-heading-spacer no_spacer\" style=\"top\"><\/div><div class=\"uvc-main-heading ult-responsive\"  data-ultimate-target='.uvc-heading.ultimate-heading-579369e1ec30506a2 h4'  data-responsive-json-new='{\"font-size\":\"desktop:18px;\",\"line-height\":\"\"}' ><h4 style=\"font-family:&#039;Titillium Web&#039;;font-weight:300;color:#6f6f6e;margin-top:0px;margin-bottom:0px;\">Z\u00e4hlt 600 M\u00fcnzen<\/h4><\/div><div class=\"uvc-sub-heading ult-responsive\"  data-ultimate-target='.uvc-heading.ultimate-heading-579369e1ec30506a2 .uvc-sub-heading '  data-responsive-json-new='{\"font-size\":\"desktop:36px;\",\"line-height\":\"desktop:30px;\"}'  style=\"font-family:&#039;Titillium Web&#039;;font-weight:200;color:#1c75b9;margin-bottom:20px;\">pro Minute<\/div><\/div><\/div><div data-enable_animator='' class='wpb_animate_when_almost_visible gambit-css-animation slide-elastic-to-right ' style='-webkit-animation-duration: 2s;-moz-animation-duration: 2s;-ms-animation-duration: 2s;-o-animation-duration: 2s;animation-duration: 2s;opacity: 0;-webkit-animation-delay: 1.1s;-moz-animation-delay: 1.1s;-ms-animation-delay: 1.1s;-o-animation-delay: 1.1s;animation-delay: 1.1s'><div id=\"ultimate-heading-517769e1ec3050767\" class=\"uvc-heading ult-adjust-bottom-margin ultimate-heading-517769e1ec3050767 uvc-9549 \" data-hspacer=\"no_spacer\"  data-halign=\"left\" style=\"text-align:left\"><div class=\"uvc-heading-spacer no_spacer\" style=\"top\"><\/div><div class=\"uvc-main-heading ult-responsive\"  data-ultimate-target='.uvc-heading.ultimate-heading-517769e1ec3050767 h4'  data-responsive-json-new='{\"font-size\":\"desktop:18px;\",\"line-height\":\"\"}' ><h4 style=\"font-family:&#039;Titillium Web&#039;;font-weight:300;color:#6f6f6e;margin-top:0px;margin-bottom:0px;\">Verarbeitet 6.000.000 M\u00fcnzen<\/h4><\/div><div class=\"uvc-sub-heading ult-responsive\"  data-ultimate-target='.uvc-heading.ultimate-heading-517769e1ec3050767 .uvc-sub-heading '  data-responsive-json-new='{\"font-size\":\"desktop:36px;\",\"line-height\":\"desktop:30px;\"}'  style=\"font-family:&#039;Titillium Web&#039;;font-weight:200;color:#1c75b9;\">pro Jahr<\/div><\/div><\/div>[\/vc_column][vc_column el_class=&#8220;pull-lg-4&#8243; offset=&#8220;vc_col-lg-8 vc_col-md-8 vc_col-xs-12&#8243;][vc_single_image image=&#8220;177475&#8243; img_size=&#8220;full&#8220;][\/vc_column][\/vc_row][vc_row full_width=&#8220;stretch_row&#8220; css=&#8220;.vc_custom_1489682656535{background-color: #fafafa !important;}&#8220; bbvcedo_x_large_css=&#8220;.vc_custom_1489682656536{margin-bottom: -30px !important;}&#8220;][vc_column offset=&#8220;vc_col-lg-4 vc_col-md-4 vc_col-xs-12&#8243;]<div id=\"ultimate-heading-673569e1ec30507a6\" class=\"uvc-heading ult-adjust-bottom-margin ultimate-heading-673569e1ec30507a6 uvc-1624 \" data-hspacer=\"no_spacer\"  data-halign=\"left\" style=\"text-align:left\"><div class=\"uvc-heading-spacer no_spacer\" style=\"top\"><\/div><div class=\"uvc-main-heading ult-responsive\"  data-ultimate-target='.uvc-heading.ultimate-heading-673569e1ec30507a6 h4'  data-responsive-json-new='{\"font-size\":\"desktop:42px;\",\"line-height\":\"desktop:44px;\"}' ><h4 style=\"font-family:&#039;Titillium Web&#039;;font-weight:200;color:#1c75b9;margin-bottom:20px;\">Die W\u00e4hrungen, die M\u00fcnzz\u00e4hler z\u00e4hlen k\u00f6nnen<\/h4><\/div><\/div>[vc_column_text]Im Gegensatz zu Banknotenz\u00e4hlern sind M\u00fcnzz\u00e4hler nur f\u00fcr das Z\u00e4hlen einer W\u00e4hrung konfiguriert. Aus diesem Grund bietet ZZap M\u00fcnzz\u00e4hler f\u00fcr verschiedene W\u00e4hrungen an.[\/vc_column_text]<div data-enable_animator='' class='wpb_animate_when_almost_visible gambit-css-animation slide-elastic-to-right ' style='-webkit-animation-duration: 2s;-moz-animation-duration: 2s;-ms-animation-duration: 2s;-o-animation-duration: 2s;animation-duration: 2s;opacity: 0;-webkit-animation-delay: 0.1s;-moz-animation-delay: 0.1s;-ms-animation-delay: 0.1s;-o-animation-delay: 0.1s;animation-delay: 0.1s'><div id=\"ultimate-heading-551569e1ec3050863\" class=\"uvc-heading ult-adjust-bottom-margin ultimate-heading-551569e1ec3050863 uvc-6640 \" data-hspacer=\"no_spacer\"  data-halign=\"left\" style=\"text-align:left\"><div class=\"uvc-heading-spacer no_spacer\" style=\"top\"><\/div><div class=\"uvc-main-heading ult-responsive\"  data-ultimate-target='.uvc-heading.ultimate-heading-551569e1ec3050863 h4'  data-responsive-json-new='{\"font-size\":\"desktop:18px;\",\"line-height\":\"\"}' ><h4 style=\"font-family:&#039;Titillium Web&#039;;font-weight:300;color:#6f6f6e;margin-top:0px;margin-bottom:6px;\">ZZap bietet<\/h4><\/div><div class=\"uvc-sub-heading ult-responsive\"  data-ultimate-target='.uvc-heading.ultimate-heading-551569e1ec3050863 .uvc-sub-heading '  data-responsive-json-new='{\"font-size\":\"desktop:36px;\",\"line-height\":\"desktop:30px;\"}'  style=\"font-family:&#039;Titillium Web&#039;;font-weight:200;color:#1c75b9;margin-bottom:6px;\">17<\/div><\/div><div id=\"ultimate-heading-741169e1ec30508a1\" class=\"uvc-heading ult-adjust-bottom-margin ultimate-heading-741169e1ec30508a1 uvc-6378 \" data-hspacer=\"no_spacer\"  data-halign=\"left\" style=\"text-align:left\"><div class=\"uvc-heading-spacer no_spacer\" style=\"top\"><\/div><div class=\"uvc-main-heading ult-responsive\"  data-ultimate-target='.uvc-heading.ultimate-heading-741169e1ec30508a1 h4'  data-responsive-json-new='{\"font-size\":\"desktop:18px;\",\"line-height\":\"\"}' ><h4 style=\"font-family:&#039;Titillium Web&#039;;font-weight:300;color:#6f6f6e;margin-top:0px;margin-bottom:0px;\">W\u00e4hrungsversionen<\/h4><\/div><\/div><\/div>[\/vc_column][vc_column bbvcedo_small_css=&#8220;.vc_custom_1496415004161{margin-top: 30px !important;}&#8220; offset=&#8220;vc_col-lg-8 vc_col-md-8 vc_col-xs-12&#8243;][vc_single_image image=&#8220;128094&#8243; img_size=&#8220;full&#8220;][\/vc_column][vc_column][vc_single_image image=&#8220;217060&#8243; img_size=&#8220;full&#8220; alignment=&#8220;center&#8220; onclick=&#8220;custom_link&#8220; css=&#8220;&#8220; link=&#8220;https:\/\/www.zzap.com\/de\/shop\/category\/muenzzaehler\/&#8220;][\/vc_column][\/vc_row]<\/p>\n<\/div>","protected":false},"excerpt":{"rendered":"<p>[vc_row][vc_column css=&#8220;.vc_custom_1487003079374{padding-bottom: 30px !important;}&#8220;][vc_column_text]ZZap-M\u00fcnzz\u00e4hler wurden entwickelt, um den Cash-Handling-Prozess zu vereinfachen, Zeit zu sparen und menschliche Fehler zu vermeiden. Bevor wir uns mit ihrer Funktionsweise befassen, ist es wichtig, die verschiedenen Arten von M\u00fcnzz\u00e4hlern genau zu kennen.[\/vc_column_text][\/vc_column][\/vc_row][vc_row full_width=&#8220;stretch_row&#8220; css_animation=&#8220;none&#8220; css=&#8220;.vc_custom_1489682363549{background-color: #fafafa !important;}&#8220;][vc_column offset=&#8220;vc_col-lg-5 vc_col-md-5 vc_col-xs-12&#8243;][vc_column_text]M\u00fcnzsortierer wie der ZZap CS10 sortieren die M\u00fcnzen in separate R\u00f6hren. &hellip; <a href=\"https:\/\/www.zzap.com\/de\/wie-funktionieren-die-zzap-muenzzaehler\/\"><button type=\"button\" class=\"btn btn-info btn-md\">Mehr lesen<\/button><\/a><\/p>\n","protected":false},"author":2,"featured_media":0,"parent":0,"menu_order":120,"comment_status":"closed","ping_status":"closed","template":"","meta":{"_acf_changed":false,"footnotes":""},"acf":[],"_links":{"self":[{"href":"https:\/\/www.zzap.com\/de\/wp-json\/wp\/v2\/pages\/213251"}],"collection":[{"href":"https:\/\/www.zzap.com\/de\/wp-json\/wp\/v2\/pages"}],"about":[{"href":"https:\/\/www.zzap.com\/de\/wp-json\/wp\/v2\/types\/page"}],"author":[{"embeddable":true,"href":"https:\/\/www.zzap.com\/de\/wp-json\/wp\/v2\/users\/2"}],"replies":[{"embeddable":true,"href":"https:\/\/www.zzap.com\/de\/wp-json\/wp\/v2\/comments?post=213251"}],"version-history":[{"count":9,"href":"https:\/\/www.zzap.com\/de\/wp-json\/wp\/v2\/pages\/213251\/revisions"}],"predecessor-version":[{"id":224791,"href":"https:\/\/www.zzap.com\/de\/wp-json\/wp\/v2\/pages\/213251\/revisions\/224791"}],"wp:attachment":[{"href":"https:\/\/www.zzap.com\/de\/wp-json\/wp\/v2\/media?parent=213251"}],"curies":[{"name":"wp","href":"https:\/\/api.w.org\/{rel}","templated":true}]}}